{"id":54,"date":"2018-07-09T10:34:49","date_gmt":"2018-07-09T10:34:49","guid":{"rendered":"http:\/\/teljeseletert.hu\/?page_id=54"},"modified":"2024-08-08T06:10:04","modified_gmt":"2024-08-08T06:10:04","slug":"bemutatkozas","status":"publish","type":"page","link":"https:\/\/teljeseletert.hu\/it\/","title":{"rendered":"Presentazione"},"content":{"rendered":"<div class=\"fb-page\" data-href=\"https:\/\/www.facebook.com\/teljeseletertkft\/\" data-tabs=\"timeline\" data-width=\"500\" data-height=\"70\" data-small-header=\"true\" data-adapt-container-width=\"true\" data-hide-cover=\"true\" data-show-facepile=\"false\">\n<blockquote class=\"fb-xfbml-parse-ignore\" cite=\"https:\/\/www.facebook.com\/teljeseletertkft\/\">\n<p style=\"text-align: center;\"><a href=\"https:\/\/www.facebook.com\/teljeseletertkft\/\">Teljes \u00c9let\u00e9rt Nonprofit K\u00f6zhaszn\u00fa Kft.<\/a><\/p>\n<\/blockquote>\n<\/div>\n<p>&nbsp;<\/p>\n<p>A <strong>\u201eTeljes \u00c9let\u00e9rt\u201d Nonprofit K\u00f6zhaszn\u00fa Kft.<\/strong> teljes eg\u00e9sz\u00e9ben magyar tulajdon\u00fa v\u00e1llalatk\u00e9nt l\u00e9pett a hazai piacra azzal a c\u00e9llal, hogy munkalehet\u0151s\u00e9get biztos\u00edtson megv\u00e1ltozott munkak\u00e9pess\u00e9g\u0171 szem\u00e9lyek sz\u00e1m\u00e1ra, ezzel megval\u00f3s\u00edtva a komplex rehabilit\u00e1ci\u00f3 folyamat\u00e1ba illeszked\u0151 foglalkoz\u00e1si rehabilit\u00e1ci\u00f3t. A rehabilit\u00e1ci\u00f3s foglalkoztat\u00e1s c\u00e9lja munkatapasztalat szerz\u00e9se, ill. a munkav\u00e9gz\u0151 k\u00e9pess\u00e9g \u00fajb\u00f3li visszanyer\u00e9se, mely \u00e9rdek\u00e9ben biztos\u00edtjuk azokat a szem\u00e9lyi \u00e9s t\u00e1rgyi felt\u00e9teleket, melyek az eg\u00e9szs\u00e9gk\u00e1rosod\u00e1ssal, fogyat\u00e9kkal \u00e9l\u0151 szem\u00e9lyek \u00e1llapot\u00e1nak megfelel\u0151 munkahelyi k\u00f6rnyezetet jelentik, tev\u00e9kenys\u00e9g\u00fcnkkel el\u0151seg\u00edtve a munkav\u00e1llal\u00f3k k\u00e9pess\u00e9geivel el\u00e9rhet\u0151 legmagasabb szint\u0171 foglalkoztat\u00e1s megval\u00f3s\u00edt\u00e1s\u00e1t. A munkav\u00e1llal\u00f3k \u00e1ltal v\u00e9gzett feladatok megfelelnek mind a tart\u00f3s, mind pedig a tranzit foglalkoztat\u00e1s \u00e1ltal t\u00e1masztott k\u00f6vetelm\u00e9nyeknek. Akkredit\u00e1lt munkav\u00e9gz\u00e9si helyeinken a munkafeladatok j\u00f3r\u00e9szt k\u00f6nnyen elsaj\u00e1t\u00edthat\u00f3 manu\u00e1lis m\u0171veletekb\u0151l \u00e1llnak, mely alapja a munka-rehabilit\u00e1ci\u00f3nak, munkatapasztalat szerz\u00e9snek. Emellett szakk\u00e9pes\u00edt\u00e9st ig\u00e9nyl\u0151 munkak\u00f6r\u00f6kben t\u00f6rt\u00e9n\u0151 foglalkoztat\u00e1s is biztos\u00edtott, \u00e9s az egy\u00e9b adminisztr\u00e1ci\u00f3s feladatok ell\u00e1t\u00e1sa is a rehabilit\u00e1ci\u00f3s tev\u00e9kenys\u00e9g r\u00e9sz\u00e9t k\u00e9pezi.<\/p>\n<p>V\u00e1llalatunk \u00e9s jogel\u0151dje 1997 \u00f3ta tev\u00e9kenykedik ebben a szegmensben, ezen id\u0151szak alatt sz\u00e1mos sorst\u00e1rsunk munka-rehabilit\u00e1ci\u00f3j\u00e1t val\u00f3s\u00edtottuk meg. Elhat\u00e1roz\u00e1sunknak megfelel\u0151en J\u00e1sz-Nagykun-Szolnok megy\u00e9ben j\u00e1rulunk hozz\u00e1 az eg\u00e9szs\u00e9gk\u00e1rosod\u00e1ssal, fogyat\u00e9kkal \u00e9l\u0151, de dolgozni akar\u00f3 emberek munkaer\u0151-piaci probl\u00e9m\u00e1inak enyh\u00edt\u00e9s\u00e9hez. Az \u00e1ltalunk biztos\u00edtott v\u00e9dett foglalkoztat\u00e1s k\u00f6zel 600 f\u0151 megv\u00e1ltozott munkak\u00e9pess\u00e9g\u0171 szem\u00e9ly tart\u00f3s-, vagy tranzit foglalkoztat\u00e1s\u00e1t \u00f6leli fel. A kezdeti 30 f\u0151r\u0151l m\u00e1ra k\u00f6zel 20 szoros\u00e1ra emelkedett munkav\u00e1llal\u00f3ink l\u00e9tsz\u00e1ma.<\/p>\n<p>Legfontosabb c\u00e9lkit\u0171z\u00e9s\u00fcnk a megv\u00e1ltozott munkak\u00e9pess\u00e9g\u0171 munkav\u00e1llal\u00f3k r\u00e9sz\u00e9re megfelel\u0151 munkafelt\u00e9telek, illetve munkalehet\u0151s\u00e9g biztos\u00edt\u00e1sa, amely a fogyat\u00e9kkal \u00e9l\u0151k hasznos foglalkoztat\u00e1s\u00e1t teszi lehet\u0151v\u00e9. Seg\u00edt\u00fcnk megval\u00f3s\u00edtani a munkav\u00e1llal\u00f3k rehabilit\u00e1ci\u00f3j\u00e1t, habilit\u00e1ci\u00f3j\u00e1t, amely lehet\u0151s\u00e9get biztos\u00edt a munkav\u00e1llal\u00f3k ny\u00edlt munkaer\u0151piacra t\u00f6rt\u00e9n\u0151 visszajut\u00e1s\u00e1ra, valamint az eg\u00e9szs\u00e9gi \u00e1llapotuk fenntart\u00e1s\u00e1ra, javul\u00e1s\u00e1ra. A rehabilit\u00e1ci\u00f3s foglalkoztat\u00e1s \u00e1ltal seg\u00edtj\u00fck munkav\u00e1llal\u00f3ink szem\u00e9lyis\u00e9g\u00e9nek fejl\u0151d\u00e9s\u00e9t, mellyel l\u00e9nyeges ment\u00e1lis javul\u00e1st \u00e9rhet\u00fcnk el az egy\u00e9n tekintet\u00e9ben.<\/p>\n<p>Alapfeladatunk teljes\u00edt\u00e9se \u00e9rdek\u00e9ben kapcsolatot tartunk a megv\u00e1ltozott munkak\u00e9pess\u00e9g\u0171 alkalmazottak foglalkoztat\u00e1s\u00e1ban k\u00f6zrem\u0171k\u00f6d\u0151, azt el\u0151seg\u00edt\u0151 egy\u00e9b szervekkel, szervezetekkel. Nyitottak vagyunk k\u00fcl\u00f6nf\u00e9le rendezv\u00e9nyeken, ny\u00edlt programokon val\u00f3 r\u00e9szv\u00e9telre annak \u00e9rdek\u00e9ben, hogy \u00fajabb partnerekkel ker\u00fclhess\u00fcnk kapcsolatba, mivel kiemelt figyelmet szentel\u00fcnk az egy\u00fcttm\u0171k\u00f6d\u0151 munk\u00e1ltat\u00f3k felkutat\u00e1s\u00e1ra a foglalkoz\u00e1si rehabilit\u00e1ci\u00f3 magasabb szint\u0171 megval\u00f3s\u00edt\u00e1sa, valamint a tranzit\u00e1l\u00e1s el\u0151seg\u00edt\u00e9se \u00e9rdek\u00e9ben.<\/p>\n<p>Az \u00e1ltalunk v\u00e9gzett b\u00e9rmunk\u00e1k nagy r\u00e9sze t\u00f6bb \u00e9vtizedes m\u00faltra tekint vissza, igyeksz\u00fcnk megrendel\u0151inkkel j\u00f3 partneri kapcsolatot kialak\u00edtani a magas sz\u00ednvonal\u00fa, pontos, rugalmas munkav\u00e9gz\u00e9s\u00fcnkkel.<\/p>\n<p>C\u00e9g\u00fcnk profilj\u00e1ban jelent\u0151s helyet foglal el az egyszer\u0171 munkam\u0171veletekre alapozott manu\u00e1lis, illetve g\u00e9ppel v\u00e9gezhet\u0151 tev\u00e9kenys\u00e9g, k\u00fcl\u00f6nb\u00f6z\u0151 elektronikai \u00f6sszeszerel\u0151 munka, csomagol\u00e1si feladatok, valamint orvosi keszty\u0171k m\u0171szaki vizsg\u00e1lata, pap\u00edr csomagol\u00f3eszk\u00f6z gy\u00e1rt\u00e1sa. Kereskedelmi egys\u00e9g\u00fcnkben als\u00f3-fels\u0151ruh\u00e1zat, l\u00e1bbelik, b\u0151r\u00e1ruk, t\u00e1sk\u00e1k \u00e9rt\u00e9kes\u00edt\u00e9s\u00e9vel foglalkozunk. L\u00e1t\u00e1ss\u00e9r\u00fclt munkav\u00e1llal\u00f3nk \u00e1ltal fizikai k\u00f6z\u00e9rzetet jav\u00edt\u00f3 szolg\u00e1ltat\u00e1st, massz\u00e1zst biztos\u00edtunk.<\/p>\n<p>&nbsp;<\/p>\n<p>&nbsp;<\/p>\n<h3 style=\"text-align: center;\"><a href=\"https:\/\/teljeseletert.hu\/wp-content\/uploads\/2022\/05\/Akkreditacios-tanusitvany.pdf\"><strong>Rehabilit\u00e1ci\u00f3s akkredit\u00e1ci\u00f3s tan\u00fas\u00edtv\u00e1ny<\/strong><\/a><\/h3>\n<p><a href=\"https:\/\/teljeseletert.hu\/wp-content\/uploads\/2022\/05\/Akkreditacios-tanusitvany.pdf\"><img loading=\"lazy\" decoding=\"async\" class=\"wp-image-650 aligncenter\" src=\"https:\/\/teljeseletert.hu\/wp-content\/uploads\/2022\/05\/Akkreditacios-tanusitvany-scaled.jpg\" alt=\"\" width=\"709\" height=\"1001\" \/><\/a><\/p>\n<p><iframe loading=\"lazy\" style=\"border: 0;\" tabindex=\"0\" src=\"https:\/\/www.google.com\/maps\/embed?pb=!1m14!1m8!1m3!1d5421.649870496997!2d20.16302462117921!3d47.20043895914704!3m2!1i1024!2i768!4f13.1!3m3!1m2!1s0x0%3A0xd87760c216d54723!2zVGVsamVzIMOJbGV0w6lydCBOb25wcm9maXQgS8O2emhhc3puw7ogS2Z0Lg!5e0!3m2!1shu!2shu!4v1610016516314!5m2!1shu!2shu\" width=\"600\" height=\"450\" frameborder=\"0\" allowfullscreen=\"allowfullscreen\" aria-hidden=\"false\"><\/iframe><\/p>\n<p>&nbsp;<\/p>","protected":false},"excerpt":{"rendered":"<p>Teljes \u00c9let\u00e9rt Nonprofit K\u00f6zhaszn\u00fa Kft. &nbsp; A \u201eTeljes \u00c9let\u00e9rt\u201d Nonprofit K\u00f6zhaszn\u00fa Kft. teljes eg\u00e9sz\u00e9ben magyar tulajdon\u00fa v\u00e1llalatk\u00e9nt l\u00e9pett a hazai piacra azzal a c\u00e9llal, hogy munkalehet\u0151s\u00e9get biztos\u00edtson megv\u00e1ltozott munkak\u00e9pess\u00e9g\u0171 szem\u00e9lyek sz\u00e1m\u00e1ra, ezzel megval\u00f3s\u00edtva a komplex rehabilit\u00e1ci\u00f3 folyamat\u00e1ba illeszked\u0151 foglalkoz\u00e1si rehabilit\u00e1ci\u00f3t. A rehabilit\u00e1ci\u00f3s foglalkoztat\u00e1s c\u00e9lja munkatapasztalat szerz\u00e9se, ill. a munkav\u00e9gz\u0151 k\u00e9pess\u00e9g \u00fajb\u00f3li visszanyer\u00e9se, mely \u00e9rdek\u00e9ben biztos\u00edtjuk [&hellip;]<\/p>","protected":false},"author":4,"featured_media":0,"parent":0,"menu_order":0,"comment_status":"closed","ping_status":"closed","template":"","meta":{"footnotes":""},"class_list":["post-54","page","type-page","status-publish","hentry"],"yoast_head":"<!-- This site is optimized with the Yoast SEO plugin v26.6 - https:\/\/yoast.com\/wordpress\/plugins\/seo\/ -->\n<title>Bemutatkoz\u00e1s - Teljes \u00c9let\u00e9rt Nonprofit K\u00f6zhaszn\u00fa Kft.<\/title>\n<meta name=\"robots\" content=\"index, follow, max-snippet:-1, max-image-preview:large, max-video-preview:-1\" \/>\n<link rel=\"canonical\" href=\"https:\/\/teljeseletert.hu\/it\/\" \/>\n<meta property=\"og:locale\" content=\"it_IT\" \/>\n<meta property=\"og:type\" content=\"article\" \/>\n<meta property=\"og:title\" content=\"Bemutatkoz\u00e1s - Teljes \u00c9let\u00e9rt Nonprofit K\u00f6zhaszn\u00fa Kft.\" \/>\n<meta property=\"og:description\" content=\"Teljes \u00c9let\u00e9rt Nonprofit K\u00f6zhaszn\u00fa Kft. &nbsp; A \u201eTeljes \u00c9let\u00e9rt\u201d Nonprofit K\u00f6zhaszn\u00fa Kft. teljes eg\u00e9sz\u00e9ben magyar tulajdon\u00fa v\u00e1llalatk\u00e9nt l\u00e9pett a hazai piacra azzal a c\u00e9llal, hogy munkalehet\u0151s\u00e9get biztos\u00edtson megv\u00e1ltozott munkak\u00e9pess\u00e9g\u0171 szem\u00e9lyek sz\u00e1m\u00e1ra, ezzel megval\u00f3s\u00edtva a komplex rehabilit\u00e1ci\u00f3 folyamat\u00e1ba illeszked\u0151 foglalkoz\u00e1si rehabilit\u00e1ci\u00f3t. A rehabilit\u00e1ci\u00f3s foglalkoztat\u00e1s c\u00e9lja munkatapasztalat szerz\u00e9se, ill. a munkav\u00e9gz\u0151 k\u00e9pess\u00e9g \u00fajb\u00f3li visszanyer\u00e9se, mely \u00e9rdek\u00e9ben biztos\u00edtjuk [&hellip;]\" \/>\n<meta property=\"og:url\" content=\"https:\/\/teljeseletert.hu\/it\/\" \/>\n<meta property=\"og:site_name\" content=\"Teljes \u00c9let\u00e9rt Nonprofit K\u00f6zhaszn\u00fa Kft.\" \/>\n<meta property=\"article:publisher\" content=\"https:\/\/www.facebook.com\/teljeseletertkft\" \/>\n<meta property=\"article:modified_time\" content=\"2024-08-08T06:10:04+00:00\" \/>\n<meta property=\"og:image\" content=\"https:\/\/teljeseletert.hu\/wp-content\/uploads\/2022\/05\/Akkreditacios-tanusitvany-scaled.jpg\" \/>\n<meta name=\"twitter:card\" content=\"summary_large_image\" \/>\n<meta name=\"twitter:label1\" content=\"Tempo di lettura stimato\" \/>\n\t<meta name=\"twitter:data1\" content=\"1 minuto\" \/>\n<script type=\"application\/ld+json\" class=\"yoast-schema-graph\">{\"@context\":\"https:\/\/schema.org\",\"@graph\":[{\"@type\":\"WebPage\",\"@id\":\"https:\/\/teljeseletert.hu\/\",\"url\":\"https:\/\/teljeseletert.hu\/\",\"name\":\"Bemutatkoz\u00e1s - Teljes \u00c9let\u00e9rt Nonprofit K\u00f6zhaszn\u00fa Kft.\",\"isPartOf\":{\"@id\":\"https:\/\/teljeseletert.hu\/hu_hu\/#website\"},\"primaryImageOfPage\":{\"@id\":\"https:\/\/teljeseletert.hu\/#primaryimage\"},\"image\":{\"@id\":\"https:\/\/teljeseletert.hu\/#primaryimage\"},\"thumbnailUrl\":\"https:\/\/teljeseletert.hu\/wp-content\/uploads\/2022\/05\/Akkreditacios-tanusitvany-scaled.jpg\",\"datePublished\":\"2018-07-09T10:34:49+00:00\",\"dateModified\":\"2024-08-08T06:10:04+00:00\",\"breadcrumb\":{\"@id\":\"https:\/\/teljeseletert.hu\/#breadcrumb\"},\"inLanguage\":\"it-IT\",\"potentialAction\":[{\"@type\":\"ReadAction\",\"target\":[\"https:\/\/teljeseletert.hu\/\"]}]},{\"@type\":\"ImageObject\",\"inLanguage\":\"it-IT\",\"@id\":\"https:\/\/teljeseletert.hu\/#primaryimage\",\"url\":\"https:\/\/teljeseletert.hu\/wp-content\/uploads\/2022\/05\/Akkreditacios-tanusitvany-scaled.jpg\",\"contentUrl\":\"https:\/\/teljeseletert.hu\/wp-content\/uploads\/2022\/05\/Akkreditacios-tanusitvany-scaled.jpg\"},{\"@type\":\"BreadcrumbList\",\"@id\":\"https:\/\/teljeseletert.hu\/#breadcrumb\",\"itemListElement\":[{\"@type\":\"ListItem\",\"position\":1,\"name\":\"Kezd\u0151lap\",\"item\":\"https:\/\/teljeseletert.hu\/\"},{\"@type\":\"ListItem\",\"position\":2,\"name\":\"Bemutatkoz\u00e1s\"}]},{\"@type\":\"WebSite\",\"@id\":\"https:\/\/teljeseletert.hu\/hu_hu\/#website\",\"url\":\"https:\/\/teljeseletert.hu\/hu_hu\/\",\"name\":\"Teljes \u00c9let\u00e9rt Nonprofit Kft.\",\"description\":\"\",\"publisher\":{\"@id\":\"https:\/\/teljeseletert.hu\/hu_hu\/#organization\"},\"potentialAction\":[{\"@type\":\"SearchAction\",\"target\":{\"@type\":\"EntryPoint\",\"urlTemplate\":\"https:\/\/teljeseletert.hu\/hu_hu\/?s={search_term_string}\"},\"query-input\":{\"@type\":\"PropertyValueSpecification\",\"valueRequired\":true,\"valueName\":\"search_term_string\"}}],\"inLanguage\":\"it-IT\"},{\"@type\":\"Organization\",\"@id\":\"https:\/\/teljeseletert.hu\/hu_hu\/#organization\",\"name\":\"\\\"TELJES \u00c9LET\u00c9RT\\\" Nonprofit K\u00f6zhaszn\u00fa Kft.\",\"url\":\"https:\/\/teljeseletert.hu\/hu_hu\/\",\"logo\":{\"@type\":\"ImageObject\",\"inLanguage\":\"it-IT\",\"@id\":\"https:\/\/teljeseletert.hu\/hu_hu\/#\/schema\/logo\/image\/\",\"url\":\"https:\/\/teljeseletert.hu\/wp-content\/uploads\/2021\/01\/105560593_101776101596847_2912691729818324366_o.jpg\",\"contentUrl\":\"https:\/\/teljeseletert.hu\/wp-content\/uploads\/2021\/01\/105560593_101776101596847_2912691729818324366_o.jpg\",\"width\":1061,\"height\":1061,\"caption\":\"\\\"TELJES \u00c9LET\u00c9RT\\\" Nonprofit K\u00f6zhaszn\u00fa Kft.\"},\"image\":{\"@id\":\"https:\/\/teljeseletert.hu\/hu_hu\/#\/schema\/logo\/image\/\"},\"sameAs\":[\"https:\/\/www.facebook.com\/teljeseletertkft\"]}]}<\/script>\n<!-- \/ Yoast SEO plugin. -->","yoast_head_json":{"title":"Bemutatkoz\u00e1s - Teljes \u00c9let\u00e9rt Nonprofit K\u00f6zhaszn\u00fa Kft.","robots":{"index":"index","follow":"follow","max-snippet":"max-snippet:-1","max-image-preview":"max-image-preview:large","max-video-preview":"max-video-preview:-1"},"canonical":"https:\/\/teljeseletert.hu\/it\/","og_locale":"it_IT","og_type":"article","og_title":"Bemutatkoz\u00e1s - Teljes \u00c9let\u00e9rt Nonprofit K\u00f6zhaszn\u00fa Kft.","og_description":"Teljes \u00c9let\u00e9rt Nonprofit K\u00f6zhaszn\u00fa Kft. &nbsp; A \u201eTeljes \u00c9let\u00e9rt\u201d Nonprofit K\u00f6zhaszn\u00fa Kft. teljes eg\u00e9sz\u00e9ben magyar tulajdon\u00fa v\u00e1llalatk\u00e9nt l\u00e9pett a hazai piacra azzal a c\u00e9llal, hogy munkalehet\u0151s\u00e9get biztos\u00edtson megv\u00e1ltozott munkak\u00e9pess\u00e9g\u0171 szem\u00e9lyek sz\u00e1m\u00e1ra, ezzel megval\u00f3s\u00edtva a komplex rehabilit\u00e1ci\u00f3 folyamat\u00e1ba illeszked\u0151 foglalkoz\u00e1si rehabilit\u00e1ci\u00f3t. A rehabilit\u00e1ci\u00f3s foglalkoztat\u00e1s c\u00e9lja munkatapasztalat szerz\u00e9se, ill. a munkav\u00e9gz\u0151 k\u00e9pess\u00e9g \u00fajb\u00f3li visszanyer\u00e9se, mely \u00e9rdek\u00e9ben biztos\u00edtjuk [&hellip;]","og_url":"https:\/\/teljeseletert.hu\/it\/","og_site_name":"Teljes \u00c9let\u00e9rt Nonprofit K\u00f6zhaszn\u00fa Kft.","article_publisher":"https:\/\/www.facebook.com\/teljeseletertkft","article_modified_time":"2024-08-08T06:10:04+00:00","og_image":[{"url":"https:\/\/teljeseletert.hu\/wp-content\/uploads\/2022\/05\/Akkreditacios-tanusitvany-scaled.jpg","type":"","width":"","height":""}],"twitter_card":"summary_large_image","twitter_misc":{"Tempo di lettura stimato":"1 minuto"},"schema":{"@context":"https:\/\/schema.org","@graph":[{"@type":"WebPage","@id":"https:\/\/teljeseletert.hu\/","url":"https:\/\/teljeseletert.hu\/","name":"Bemutatkoz\u00e1s - Teljes \u00c9let\u00e9rt Nonprofit K\u00f6zhaszn\u00fa Kft.","isPartOf":{"@id":"https:\/\/teljeseletert.hu\/hu_hu\/#website"},"primaryImageOfPage":{"@id":"https:\/\/teljeseletert.hu\/#primaryimage"},"image":{"@id":"https:\/\/teljeseletert.hu\/#primaryimage"},"thumbnailUrl":"https:\/\/teljeseletert.hu\/wp-content\/uploads\/2022\/05\/Akkreditacios-tanusitvany-scaled.jpg","datePublished":"2018-07-09T10:34:49+00:00","dateModified":"2024-08-08T06:10:04+00:00","breadcrumb":{"@id":"https:\/\/teljeseletert.hu\/#breadcrumb"},"inLanguage":"it-IT","potentialAction":[{"@type":"ReadAction","target":["https:\/\/teljeseletert.hu\/"]}]},{"@type":"ImageObject","inLanguage":"it-IT","@id":"https:\/\/teljeseletert.hu\/#primaryimage","url":"https:\/\/teljeseletert.hu\/wp-content\/uploads\/2022\/05\/Akkreditacios-tanusitvany-scaled.jpg","contentUrl":"https:\/\/teljeseletert.hu\/wp-content\/uploads\/2022\/05\/Akkreditacios-tanusitvany-scaled.jpg"},{"@type":"BreadcrumbList","@id":"https:\/\/teljeseletert.hu\/#breadcrumb","itemListElement":[{"@type":"ListItem","position":1,"name":"Kezd\u0151lap","item":"https:\/\/teljeseletert.hu\/"},{"@type":"ListItem","position":2,"name":"Bemutatkoz\u00e1s"}]},{"@type":"WebSite","@id":"https:\/\/teljeseletert.hu\/hu_hu\/#website","url":"https:\/\/teljeseletert.hu\/hu_hu\/","name":"Teljes \u00c9let\u00e9rt Nonprofit Kft.","description":"","publisher":{"@id":"https:\/\/teljeseletert.hu\/hu_hu\/#organization"},"potentialAction":[{"@type":"SearchAction","target":{"@type":"EntryPoint","urlTemplate":"https:\/\/teljeseletert.hu\/hu_hu\/?s={search_term_string}"},"query-input":{"@type":"PropertyValueSpecification","valueRequired":true,"valueName":"search_term_string"}}],"inLanguage":"it-IT"},{"@type":"Organization","@id":"https:\/\/teljeseletert.hu\/hu_hu\/#organization","name":"\"TELJES \u00c9LET\u00c9RT\" Nonprofit K\u00f6zhaszn\u00fa Kft.","url":"https:\/\/teljeseletert.hu\/hu_hu\/","logo":{"@type":"ImageObject","inLanguage":"it-IT","@id":"https:\/\/teljeseletert.hu\/hu_hu\/#\/schema\/logo\/image\/","url":"https:\/\/teljeseletert.hu\/wp-content\/uploads\/2021\/01\/105560593_101776101596847_2912691729818324366_o.jpg","contentUrl":"https:\/\/teljeseletert.hu\/wp-content\/uploads\/2021\/01\/105560593_101776101596847_2912691729818324366_o.jpg","width":1061,"height":1061,"caption":"\"TELJES \u00c9LET\u00c9RT\" Nonprofit K\u00f6zhaszn\u00fa Kft."},"image":{"@id":"https:\/\/teljeseletert.hu\/hu_hu\/#\/schema\/logo\/image\/"},"sameAs":["https:\/\/www.facebook.com\/teljeseletertkft"]}]}},"_links":{"self":[{"href":"https:\/\/teljeseletert.hu\/it\/wp-json\/wp\/v2\/pages\/54","targetHints":{"allow":["GET"]}}],"collection":[{"href":"https:\/\/teljeseletert.hu\/it\/wp-json\/wp\/v2\/pages"}],"about":[{"href":"https:\/\/teljeseletert.hu\/it\/wp-json\/wp\/v2\/types\/page"}],"author":[{"embeddable":true,"href":"https:\/\/teljeseletert.hu\/it\/wp-json\/wp\/v2\/users\/4"}],"replies":[{"embeddable":true,"href":"https:\/\/teljeseletert.hu\/it\/wp-json\/wp\/v2\/comments?post=54"}],"version-history":[{"count":32,"href":"https:\/\/teljeseletert.hu\/it\/wp-json\/wp\/v2\/pages\/54\/revisions"}],"predecessor-version":[{"id":833,"href":"https:\/\/teljeseletert.hu\/it\/wp-json\/wp\/v2\/pages\/54\/revisions\/833"}],"wp:attachment":[{"href":"https:\/\/teljeseletert.hu\/it\/wp-json\/wp\/v2\/media?parent=54"}],"curies":[{"name":"wp","href":"https:\/\/api.w.org\/{rel}","templated":true}]}}