{"id":199,"date":"2018-08-30T07:07:15","date_gmt":"2018-08-30T07:07:15","guid":{"rendered":"http:\/\/teljeseletert.hu\/?page_id=199"},"modified":"2022-05-12T11:52:26","modified_gmt":"2022-05-12T11:52:26","slug":"prowear-uzlet","status":"publish","type":"page","link":"https:\/\/teljeseletert.hu\/it\/tevekenysegek\/prowear-uzlet\/","title":{"rendered":"ProWear negozio"},"content":{"rendered":"<p>&nbsp;<\/p>\n<h2 style=\"text-align: center;\"><span style=\"color: #000000;\">ProWear negozio<\/span><\/h2>\n<p><span style=\"color: #000000;\"><a style=\"color: #000000;\" href=\"https:\/\/goo.gl\/maps\/5q4AiV4hFiy6Xrvj9\">Szolnok, Kossuth t\u00e9r 7.<\/a> c\u00edmen tal\u00e1lhat\u00f3 \u00fczlet\u00fcnkben f\u00e9rfi fels\u0151ruh\u00e1zat \u2013 zak\u00f3k, bluzonok, sz\u00f6vet- \u00e9s v\u00e1szonnadr\u00e1gok, \u00f6lt\u00f6ny\u00f6k, kab\u00e1tok \u2013 mellett a hozz\u00e1ill\u0151 megjelen\u00e9shez sz\u00fcks\u00e9ges magas min\u0151s\u00e9g\u0171 kieg\u00e9sz\u00edt\u0151ket is forgalmazunk. Nyakkend\u0151k, ingek, t\u00e1sk\u00e1k, p\u00f3l\u00f3k, pul\u00f3verek, illetve f\u00e9rfi feh\u00e9rnem\u0171k is el\u00e9rhet\u0151k \u00fczlet\u00fcnkben, igyekezve ezzel is maxim\u00e1lisan kiel\u00e9g\u00edteni v\u00e1s\u00e1rl\u00f3ink ig\u00e9nyeit.<\/span><\/p>\n<p><span style=\"color: #000000;\">2022 tavasz\u00e1t\u00f3l n\u0151i fels\u0151ruh\u00e1zati term\u00e9kek \u00e1rus\u00edt\u00e1s\u00e1t kezdt\u00fck meg. B\u0151v\u00fcl\u0151 palett\u00e1nkon bl\u00e9zerek, nadr\u00e1gok, bl\u00fazok, kardig\u00e1nok \/ pul\u00f3verek, \u00e1tmeneti kab\u00e1tok k\u00f6z\u00f6tt v\u00e1logathatnak a bet\u00e9r\u0151 \u00e9rdekl\u0151d\u0151k.<\/span><\/p>","protected":false},"excerpt":{"rendered":"<p>&nbsp; ProWear \u00fczlet Szolnok, Kossuth t\u00e9r 7. c\u00edmen tal\u00e1lhat\u00f3 \u00fczlet\u00fcnkben f\u00e9rfi fels\u0151ruh\u00e1zat \u2013 zak\u00f3k, bluzonok, sz\u00f6vet- \u00e9s v\u00e1szonnadr\u00e1gok, \u00f6lt\u00f6ny\u00f6k, kab\u00e1tok \u2013 mellett a hozz\u00e1ill\u0151 megjelen\u00e9shez sz\u00fcks\u00e9ges magas min\u0151s\u00e9g\u0171 kieg\u00e9sz\u00edt\u0151ket is forgalmazunk. Nyakkend\u0151k, ingek, t\u00e1sk\u00e1k, p\u00f3l\u00f3k, pul\u00f3verek, illetve f\u00e9rfi feh\u00e9rnem\u0171k is el\u00e9rhet\u0151k \u00fczlet\u00fcnkben, igyekezve ezzel is maxim\u00e1lisan kiel\u00e9g\u00edteni v\u00e1s\u00e1rl\u00f3ink ig\u00e9nyeit. 2022 tavasz\u00e1t\u00f3l n\u0151i fels\u0151ruh\u00e1zati term\u00e9kek \u00e1rus\u00edt\u00e1s\u00e1t [&hellip;]<\/p>","protected":false},"author":4,"featured_media":0,"parent":15,"menu_order":0,"comment_status":"closed","ping_status":"closed","template":"","meta":{"footnotes":""},"class_list":["post-199","page","type-page","status-publish","hentry"],"yoast_head":"<!-- This site is optimized with the Yoast SEO plugin v26.6 - https:\/\/yoast.com\/wordpress\/plugins\/seo\/ -->\n<title>ProWear \u00fczlet - Teljes \u00c9let\u00e9rt Nonprofit K\u00f6zhaszn\u00fa Kft.<\/title>\n<meta name=\"robots\" content=\"index, follow, max-snippet:-1, max-image-preview:large, max-video-preview:-1\" \/>\n<link rel=\"canonical\" href=\"https:\/\/teljeseletert.hu\/it\/tevekenysegek\/prowear-uzlet\/\" \/>\n<meta property=\"og:locale\" content=\"it_IT\" \/>\n<meta property=\"og:type\" content=\"article\" \/>\n<meta property=\"og:title\" content=\"ProWear \u00fczlet - Teljes \u00c9let\u00e9rt Nonprofit K\u00f6zhaszn\u00fa Kft.\" \/>\n<meta property=\"og:description\" content=\"&nbsp; ProWear \u00fczlet Szolnok, Kossuth t\u00e9r 7. c\u00edmen tal\u00e1lhat\u00f3 \u00fczlet\u00fcnkben f\u00e9rfi fels\u0151ruh\u00e1zat \u2013 zak\u00f3k, bluzonok, sz\u00f6vet- \u00e9s v\u00e1szonnadr\u00e1gok, \u00f6lt\u00f6ny\u00f6k, kab\u00e1tok \u2013 mellett a hozz\u00e1ill\u0151 megjelen\u00e9shez sz\u00fcks\u00e9ges magas min\u0151s\u00e9g\u0171 kieg\u00e9sz\u00edt\u0151ket is forgalmazunk. Nyakkend\u0151k, ingek, t\u00e1sk\u00e1k, p\u00f3l\u00f3k, pul\u00f3verek, illetve f\u00e9rfi feh\u00e9rnem\u0171k is el\u00e9rhet\u0151k \u00fczlet\u00fcnkben, igyekezve ezzel is maxim\u00e1lisan kiel\u00e9g\u00edteni v\u00e1s\u00e1rl\u00f3ink ig\u00e9nyeit. 2022 tavasz\u00e1t\u00f3l n\u0151i fels\u0151ruh\u00e1zati term\u00e9kek \u00e1rus\u00edt\u00e1s\u00e1t [&hellip;]\" \/>\n<meta property=\"og:url\" content=\"https:\/\/teljeseletert.hu\/it\/tevekenysegek\/prowear-uzlet\/\" \/>\n<meta property=\"og:site_name\" content=\"Teljes \u00c9let\u00e9rt Nonprofit K\u00f6zhaszn\u00fa Kft.\" \/>\n<meta property=\"article:publisher\" content=\"https:\/\/www.facebook.com\/teljeseletertkft\" \/>\n<meta property=\"article:modified_time\" content=\"2022-05-12T11:52:26+00:00\" \/>\n<meta name=\"twitter:card\" content=\"summary_large_image\" \/>\n<meta name=\"twitter:label1\" content=\"Tempo di lettura stimato\" \/>\n\t<meta name=\"twitter:data1\" content=\"1 minuto\" \/>\n<script type=\"application\/ld+json\" class=\"yoast-schema-graph\">{\"@context\":\"https:\/\/schema.org\",\"@graph\":[{\"@type\":\"WebPage\",\"@id\":\"https:\/\/teljeseletert.hu\/tevekenysegek\/prowear-uzlet\/\",\"url\":\"https:\/\/teljeseletert.hu\/tevekenysegek\/prowear-uzlet\/\",\"name\":\"ProWear \u00fczlet - Teljes \u00c9let\u00e9rt Nonprofit K\u00f6zhaszn\u00fa Kft.\",\"isPartOf\":{\"@id\":\"https:\/\/teljeseletert.hu\/hu_hu\/#website\"},\"datePublished\":\"2018-08-30T07:07:15+00:00\",\"dateModified\":\"2022-05-12T11:52:26+00:00\",\"breadcrumb\":{\"@id\":\"https:\/\/teljeseletert.hu\/tevekenysegek\/prowear-uzlet\/#breadcrumb\"},\"inLanguage\":\"it-IT\",\"potentialAction\":[{\"@type\":\"ReadAction\",\"target\":[\"https:\/\/teljeseletert.hu\/tevekenysegek\/prowear-uzlet\/\"]}]},{\"@type\":\"BreadcrumbList\",\"@id\":\"https:\/\/teljeseletert.hu\/tevekenysegek\/prowear-uzlet\/#breadcrumb\",\"itemListElement\":[{\"@type\":\"ListItem\",\"position\":1,\"name\":\"Kezd\u0151lap\",\"item\":\"https:\/\/teljeseletert.hu\/\"},{\"@type\":\"ListItem\",\"position\":2,\"name\":\"Tev\u00e9kenys\u00e9gek\",\"item\":\"https:\/\/teljeseletert.hu\/tevekenysegek\/\"},{\"@type\":\"ListItem\",\"position\":3,\"name\":\"ProWear \u00fczlet\"}]},{\"@type\":\"WebSite\",\"@id\":\"https:\/\/teljeseletert.hu\/hu_hu\/#website\",\"url\":\"https:\/\/teljeseletert.hu\/hu_hu\/\",\"name\":\"Teljes \u00c9let\u00e9rt Nonprofit Kft.\",\"description\":\"\",\"publisher\":{\"@id\":\"https:\/\/teljeseletert.hu\/hu_hu\/#organization\"},\"potentialAction\":[{\"@type\":\"SearchAction\",\"target\":{\"@type\":\"EntryPoint\",\"urlTemplate\":\"https:\/\/teljeseletert.hu\/hu_hu\/?s={search_term_string}\"},\"query-input\":{\"@type\":\"PropertyValueSpecification\",\"valueRequired\":true,\"valueName\":\"search_term_string\"}}],\"inLanguage\":\"it-IT\"},{\"@type\":\"Organization\",\"@id\":\"https:\/\/teljeseletert.hu\/hu_hu\/#organization\",\"name\":\"\\\"TELJES \u00c9LET\u00c9RT\\\" Nonprofit K\u00f6zhaszn\u00fa Kft.\",\"url\":\"https:\/\/teljeseletert.hu\/hu_hu\/\",\"logo\":{\"@type\":\"ImageObject\",\"inLanguage\":\"it-IT\",\"@id\":\"https:\/\/teljeseletert.hu\/hu_hu\/#\/schema\/logo\/image\/\",\"url\":\"https:\/\/teljeseletert.hu\/wp-content\/uploads\/2021\/01\/105560593_101776101596847_2912691729818324366_o.jpg\",\"contentUrl\":\"https:\/\/teljeseletert.hu\/wp-content\/uploads\/2021\/01\/105560593_101776101596847_2912691729818324366_o.jpg\",\"width\":1061,\"height\":1061,\"caption\":\"\\\"TELJES \u00c9LET\u00c9RT\\\" Nonprofit K\u00f6zhaszn\u00fa Kft.\"},\"image\":{\"@id\":\"https:\/\/teljeseletert.hu\/hu_hu\/#\/schema\/logo\/image\/\"},\"sameAs\":[\"https:\/\/www.facebook.com\/teljeseletertkft\"]}]}<\/script>\n<!-- \/ Yoast SEO plugin. -->","yoast_head_json":{"title":"ProWear \u00fczlet - Teljes \u00c9let\u00e9rt Nonprofit K\u00f6zhaszn\u00fa Kft.","robots":{"index":"index","follow":"follow","max-snippet":"max-snippet:-1","max-image-preview":"max-image-preview:large","max-video-preview":"max-video-preview:-1"},"canonical":"https:\/\/teljeseletert.hu\/it\/tevekenysegek\/prowear-uzlet\/","og_locale":"it_IT","og_type":"article","og_title":"ProWear \u00fczlet - Teljes \u00c9let\u00e9rt Nonprofit K\u00f6zhaszn\u00fa Kft.","og_description":"&nbsp; ProWear \u00fczlet Szolnok, Kossuth t\u00e9r 7. c\u00edmen tal\u00e1lhat\u00f3 \u00fczlet\u00fcnkben f\u00e9rfi fels\u0151ruh\u00e1zat \u2013 zak\u00f3k, bluzonok, sz\u00f6vet- \u00e9s v\u00e1szonnadr\u00e1gok, \u00f6lt\u00f6ny\u00f6k, kab\u00e1tok \u2013 mellett a hozz\u00e1ill\u0151 megjelen\u00e9shez sz\u00fcks\u00e9ges magas min\u0151s\u00e9g\u0171 kieg\u00e9sz\u00edt\u0151ket is forgalmazunk. Nyakkend\u0151k, ingek, t\u00e1sk\u00e1k, p\u00f3l\u00f3k, pul\u00f3verek, illetve f\u00e9rfi feh\u00e9rnem\u0171k is el\u00e9rhet\u0151k \u00fczlet\u00fcnkben, igyekezve ezzel is maxim\u00e1lisan kiel\u00e9g\u00edteni v\u00e1s\u00e1rl\u00f3ink ig\u00e9nyeit. 2022 tavasz\u00e1t\u00f3l n\u0151i fels\u0151ruh\u00e1zati term\u00e9kek \u00e1rus\u00edt\u00e1s\u00e1t [&hellip;]","og_url":"https:\/\/teljeseletert.hu\/it\/tevekenysegek\/prowear-uzlet\/","og_site_name":"Teljes \u00c9let\u00e9rt Nonprofit K\u00f6zhaszn\u00fa Kft.","article_publisher":"https:\/\/www.facebook.com\/teljeseletertkft","article_modified_time":"2022-05-12T11:52:26+00:00","twitter_card":"summary_large_image","twitter_misc":{"Tempo di lettura stimato":"1 minuto"},"schema":{"@context":"https:\/\/schema.org","@graph":[{"@type":"WebPage","@id":"https:\/\/teljeseletert.hu\/tevekenysegek\/prowear-uzlet\/","url":"https:\/\/teljeseletert.hu\/tevekenysegek\/prowear-uzlet\/","name":"ProWear \u00fczlet - Teljes \u00c9let\u00e9rt Nonprofit K\u00f6zhaszn\u00fa Kft.","isPartOf":{"@id":"https:\/\/teljeseletert.hu\/hu_hu\/#website"},"datePublished":"2018-08-30T07:07:15+00:00","dateModified":"2022-05-12T11:52:26+00:00","breadcrumb":{"@id":"https:\/\/teljeseletert.hu\/tevekenysegek\/prowear-uzlet\/#breadcrumb"},"inLanguage":"it-IT","potentialAction":[{"@type":"ReadAction","target":["https:\/\/teljeseletert.hu\/tevekenysegek\/prowear-uzlet\/"]}]},{"@type":"BreadcrumbList","@id":"https:\/\/teljeseletert.hu\/tevekenysegek\/prowear-uzlet\/#breadcrumb","itemListElement":[{"@type":"ListItem","position":1,"name":"Kezd\u0151lap","item":"https:\/\/teljeseletert.hu\/"},{"@type":"ListItem","position":2,"name":"Tev\u00e9kenys\u00e9gek","item":"https:\/\/teljeseletert.hu\/tevekenysegek\/"},{"@type":"ListItem","position":3,"name":"ProWear \u00fczlet"}]},{"@type":"WebSite","@id":"https:\/\/teljeseletert.hu\/hu_hu\/#website","url":"https:\/\/teljeseletert.hu\/hu_hu\/","name":"Teljes \u00c9let\u00e9rt Nonprofit Kft.","description":"","publisher":{"@id":"https:\/\/teljeseletert.hu\/hu_hu\/#organization"},"potentialAction":[{"@type":"SearchAction","target":{"@type":"EntryPoint","urlTemplate":"https:\/\/teljeseletert.hu\/hu_hu\/?s={search_term_string}"},"query-input":{"@type":"PropertyValueSpecification","valueRequired":true,"valueName":"search_term_string"}}],"inLanguage":"it-IT"},{"@type":"Organization","@id":"https:\/\/teljeseletert.hu\/hu_hu\/#organization","name":"\"TELJES \u00c9LET\u00c9RT\" Nonprofit K\u00f6zhaszn\u00fa Kft.","url":"https:\/\/teljeseletert.hu\/hu_hu\/","logo":{"@type":"ImageObject","inLanguage":"it-IT","@id":"https:\/\/teljeseletert.hu\/hu_hu\/#\/schema\/logo\/image\/","url":"https:\/\/teljeseletert.hu\/wp-content\/uploads\/2021\/01\/105560593_101776101596847_2912691729818324366_o.jpg","contentUrl":"https:\/\/teljeseletert.hu\/wp-content\/uploads\/2021\/01\/105560593_101776101596847_2912691729818324366_o.jpg","width":1061,"height":1061,"caption":"\"TELJES \u00c9LET\u00c9RT\" Nonprofit K\u00f6zhaszn\u00fa Kft."},"image":{"@id":"https:\/\/teljeseletert.hu\/hu_hu\/#\/schema\/logo\/image\/"},"sameAs":["https:\/\/www.facebook.com\/teljeseletertkft"]}]}},"_links":{"self":[{"href":"https:\/\/teljeseletert.hu\/it\/wp-json\/wp\/v2\/pages\/199","targetHints":{"allow":["GET"]}}],"collection":[{"href":"https:\/\/teljeseletert.hu\/it\/wp-json\/wp\/v2\/pages"}],"about":[{"href":"https:\/\/teljeseletert.hu\/it\/wp-json\/wp\/v2\/types\/page"}],"author":[{"embeddable":true,"href":"https:\/\/teljeseletert.hu\/it\/wp-json\/wp\/v2\/users\/4"}],"replies":[{"embeddable":true,"href":"https:\/\/teljeseletert.hu\/it\/wp-json\/wp\/v2\/comments?post=199"}],"version-history":[{"count":7,"href":"https:\/\/teljeseletert.hu\/it\/wp-json\/wp\/v2\/pages\/199\/revisions"}],"predecessor-version":[{"id":671,"href":"https:\/\/teljeseletert.hu\/it\/wp-json\/wp\/v2\/pages\/199\/revisions\/671"}],"up":[{"embeddable":true,"href":"https:\/\/teljeseletert.hu\/it\/wp-json\/wp\/v2\/pages\/15"}],"wp:attachment":[{"href":"https:\/\/teljeseletert.hu\/it\/wp-json\/wp\/v2\/media?parent=199"}],"curies":[{"name":"wp","href":"https:\/\/api.w.org\/{rel}","templated":true}]}}