{"id":197,"date":"2018-08-30T07:06:44","date_gmt":"2018-08-30T07:06:44","guid":{"rendered":"http:\/\/teljeseletert.hu\/?page_id=197"},"modified":"2025-03-04T12:53:25","modified_gmt":"2025-03-04T12:53:25","slug":"frissito-masszazs","status":"publish","type":"page","link":"https:\/\/teljeseletert.hu\/it\/tevekenysegek\/frissito-masszazs\/","title":{"rendered":"Massaggio rinfrescante"},"content":{"rendered":"<p>&nbsp;<\/p>\n<p>&nbsp;<\/p>\n<p>Szolnok, Czak\u00f3 Elem\u00e9r u. 6-8. c\u00edmen tal\u00e1lhat\u00f3 szalonunkban k\u00f6z\u00e9rzetet jav\u00edt\u00f3 massz\u00e1zzsal v\u00e1rja a vend\u00e9geket <strong>M\u00e1t\u00e9 G\u00e1bor massz\u0151r<\/strong>, h\u00e9tf\u0151t\u0151l p\u00e9ntekig, 10:30-17:30 k\u00f6z\u00f6tt.<\/p>\n<p>Id\u0151pont foglal\u00e1s (tel.): <a href=\"tel:+36303372612\">+36 30 \/ 337-2612<\/a><br \/>\nIg\u00e9nybe vehet\u0151 szolg\u00e1ltat\u00e1sok:<\/p>\n<ul>\n<li><span style=\"color: #000000;\">H\u00e1tmassz\u00e1zs 3.200.- Ft \/ 30 perc<\/span><\/li>\n<li><span style=\"color: #000000;\">Teljes massz\u00e1zs 6.400.- Ft \/ 60 perc<\/span><\/li>\n<li><span style=\"color: #000000;\">K\u00e9nyeztet\u0151 massz\u00e1zs 9.600.- Ft \/ 90 perc<\/span><\/li>\n<\/ul>\n<p>&nbsp;<\/p>\n<p>&nbsp;<\/p>\n<p><center><iframe loading=\"lazy\" style=\"border: 0;\" src=\"https:\/\/www.google.com\/maps\/embed?pb=!1m18!1m12!1m3!1d639.7636654519471!2d20.186149027417628!3d47.192631558484884!2m3!1f0!2f0!3f0!3m2!1i1024!2i768!4f13.1!3m3!1m2!1s0x4741410306845ac7%3A0x835a07cb83bd4c0f!2sSzolnok%2C%20Czak%C3%B3%20Elem%C3%A9r%20u.%206%2C%205000!5e0!3m2!1shu!2shu!4v1651728271775!5m2!1shu!2shu\" width=\"700\" height=\"300\" allowfullscreen=\"allowfullscreen\"><\/iframe><\/center><\/p>","protected":false},"excerpt":{"rendered":"<p>&nbsp; &nbsp; Szolnok, Czak\u00f3 Elem\u00e9r u. 6-8. c\u00edmen tal\u00e1lhat\u00f3 szalonunkban k\u00f6z\u00e9rzetet jav\u00edt\u00f3 massz\u00e1zzsal v\u00e1rja a vend\u00e9geket M\u00e1t\u00e9 G\u00e1bor massz\u0151r, h\u00e9tf\u0151t\u0151l p\u00e9ntekig, 10:30-17:30 k\u00f6z\u00f6tt. Id\u0151pont foglal\u00e1s (tel.): +36 30 \/ 337-2612 Ig\u00e9nybe vehet\u0151 szolg\u00e1ltat\u00e1sok: H\u00e1tmassz\u00e1zs 3.200.- Ft \/ 30 perc Teljes massz\u00e1zs 6.400.- Ft \/ 60 perc K\u00e9nyeztet\u0151 massz\u00e1zs 9.600.- Ft \/ 90 perc &nbsp; &nbsp;<\/p>","protected":false},"author":4,"featured_media":0,"parent":15,"menu_order":0,"comment_status":"closed","ping_status":"closed","template":"","meta":{"footnotes":""},"class_list":["post-197","page","type-page","status-publish","hentry"],"yoast_head":"<!-- This site is optimized with the Yoast SEO plugin v26.6 - https:\/\/yoast.com\/wordpress\/plugins\/seo\/ -->\n<title>Friss\u00edt\u0151 massz\u00e1zs - Teljes \u00c9let\u00e9rt Nonprofit K\u00f6zhaszn\u00fa Kft.<\/title>\n<meta name=\"robots\" content=\"index, follow, max-snippet:-1, max-image-preview:large, max-video-preview:-1\" \/>\n<link rel=\"canonical\" href=\"https:\/\/teljeseletert.hu\/it\/tevekenysegek\/frissito-masszazs\/\" \/>\n<meta property=\"og:locale\" content=\"it_IT\" \/>\n<meta property=\"og:type\" content=\"article\" \/>\n<meta property=\"og:title\" content=\"Friss\u00edt\u0151 massz\u00e1zs - Teljes \u00c9let\u00e9rt Nonprofit K\u00f6zhaszn\u00fa Kft.\" \/>\n<meta property=\"og:description\" content=\"&nbsp; &nbsp; Szolnok, Czak\u00f3 Elem\u00e9r u. 6-8. c\u00edmen tal\u00e1lhat\u00f3 szalonunkban k\u00f6z\u00e9rzetet jav\u00edt\u00f3 massz\u00e1zzsal v\u00e1rja a vend\u00e9geket M\u00e1t\u00e9 G\u00e1bor massz\u0151r, h\u00e9tf\u0151t\u0151l p\u00e9ntekig, 10:30-17:30 k\u00f6z\u00f6tt. Id\u0151pont foglal\u00e1s (tel.): +36 30 \/ 337-2612 Ig\u00e9nybe vehet\u0151 szolg\u00e1ltat\u00e1sok: H\u00e1tmassz\u00e1zs 3.200.- Ft \/ 30 perc Teljes massz\u00e1zs 6.400.- Ft \/ 60 perc K\u00e9nyeztet\u0151 massz\u00e1zs 9.600.- Ft \/ 90 perc &nbsp; &nbsp;\" \/>\n<meta property=\"og:url\" content=\"https:\/\/teljeseletert.hu\/it\/tevekenysegek\/frissito-masszazs\/\" \/>\n<meta property=\"og:site_name\" content=\"Teljes \u00c9let\u00e9rt Nonprofit K\u00f6zhaszn\u00fa Kft.\" \/>\n<meta property=\"article:publisher\" content=\"https:\/\/www.facebook.com\/teljeseletertkft\" \/>\n<meta property=\"article:modified_time\" content=\"2025-03-04T12:53:25+00:00\" \/>\n<meta name=\"twitter:card\" content=\"summary_large_image\" \/>\n<meta name=\"twitter:label1\" content=\"Tempo di lettura stimato\" \/>\n\t<meta name=\"twitter:data1\" content=\"1 minuto\" \/>\n<script type=\"application\/ld+json\" class=\"yoast-schema-graph\">{\"@context\":\"https:\/\/schema.org\",\"@graph\":[{\"@type\":\"WebPage\",\"@id\":\"https:\/\/teljeseletert.hu\/tevekenysegek\/frissito-masszazs\/\",\"url\":\"https:\/\/teljeseletert.hu\/tevekenysegek\/frissito-masszazs\/\",\"name\":\"Friss\u00edt\u0151 massz\u00e1zs - Teljes \u00c9let\u00e9rt Nonprofit K\u00f6zhaszn\u00fa Kft.\",\"isPartOf\":{\"@id\":\"https:\/\/teljeseletert.hu\/hu_hu\/#website\"},\"datePublished\":\"2018-08-30T07:06:44+00:00\",\"dateModified\":\"2025-03-04T12:53:25+00:00\",\"breadcrumb\":{\"@id\":\"https:\/\/teljeseletert.hu\/tevekenysegek\/frissito-masszazs\/#breadcrumb\"},\"inLanguage\":\"it-IT\",\"potentialAction\":[{\"@type\":\"ReadAction\",\"target\":[\"https:\/\/teljeseletert.hu\/tevekenysegek\/frissito-masszazs\/\"]}]},{\"@type\":\"BreadcrumbList\",\"@id\":\"https:\/\/teljeseletert.hu\/tevekenysegek\/frissito-masszazs\/#breadcrumb\",\"itemListElement\":[{\"@type\":\"ListItem\",\"position\":1,\"name\":\"Kezd\u0151lap\",\"item\":\"https:\/\/teljeseletert.hu\/\"},{\"@type\":\"ListItem\",\"position\":2,\"name\":\"Tev\u00e9kenys\u00e9gek\",\"item\":\"https:\/\/teljeseletert.hu\/tevekenysegek\/\"},{\"@type\":\"ListItem\",\"position\":3,\"name\":\"Friss\u00edt\u0151 massz\u00e1zs\"}]},{\"@type\":\"WebSite\",\"@id\":\"https:\/\/teljeseletert.hu\/hu_hu\/#website\",\"url\":\"https:\/\/teljeseletert.hu\/hu_hu\/\",\"name\":\"Teljes \u00c9let\u00e9rt Nonprofit Kft.\",\"description\":\"\",\"publisher\":{\"@id\":\"https:\/\/teljeseletert.hu\/hu_hu\/#organization\"},\"potentialAction\":[{\"@type\":\"SearchAction\",\"target\":{\"@type\":\"EntryPoint\",\"urlTemplate\":\"https:\/\/teljeseletert.hu\/hu_hu\/?s={search_term_string}\"},\"query-input\":{\"@type\":\"PropertyValueSpecification\",\"valueRequired\":true,\"valueName\":\"search_term_string\"}}],\"inLanguage\":\"it-IT\"},{\"@type\":\"Organization\",\"@id\":\"https:\/\/teljeseletert.hu\/hu_hu\/#organization\",\"name\":\"\\\"TELJES \u00c9LET\u00c9RT\\\" Nonprofit K\u00f6zhaszn\u00fa Kft.\",\"url\":\"https:\/\/teljeseletert.hu\/hu_hu\/\",\"logo\":{\"@type\":\"ImageObject\",\"inLanguage\":\"it-IT\",\"@id\":\"https:\/\/teljeseletert.hu\/hu_hu\/#\/schema\/logo\/image\/\",\"url\":\"https:\/\/teljeseletert.hu\/wp-content\/uploads\/2021\/01\/105560593_101776101596847_2912691729818324366_o.jpg\",\"contentUrl\":\"https:\/\/teljeseletert.hu\/wp-content\/uploads\/2021\/01\/105560593_101776101596847_2912691729818324366_o.jpg\",\"width\":1061,\"height\":1061,\"caption\":\"\\\"TELJES \u00c9LET\u00c9RT\\\" Nonprofit K\u00f6zhaszn\u00fa Kft.\"},\"image\":{\"@id\":\"https:\/\/teljeseletert.hu\/hu_hu\/#\/schema\/logo\/image\/\"},\"sameAs\":[\"https:\/\/www.facebook.com\/teljeseletertkft\"]}]}<\/script>\n<!-- \/ Yoast SEO plugin. -->","yoast_head_json":{"title":"Friss\u00edt\u0151 massz\u00e1zs - Teljes \u00c9let\u00e9rt Nonprofit K\u00f6zhaszn\u00fa Kft.","robots":{"index":"index","follow":"follow","max-snippet":"max-snippet:-1","max-image-preview":"max-image-preview:large","max-video-preview":"max-video-preview:-1"},"canonical":"https:\/\/teljeseletert.hu\/it\/tevekenysegek\/frissito-masszazs\/","og_locale":"it_IT","og_type":"article","og_title":"Friss\u00edt\u0151 massz\u00e1zs - Teljes \u00c9let\u00e9rt Nonprofit K\u00f6zhaszn\u00fa Kft.","og_description":"&nbsp; &nbsp; Szolnok, Czak\u00f3 Elem\u00e9r u. 6-8. c\u00edmen tal\u00e1lhat\u00f3 szalonunkban k\u00f6z\u00e9rzetet jav\u00edt\u00f3 massz\u00e1zzsal v\u00e1rja a vend\u00e9geket M\u00e1t\u00e9 G\u00e1bor massz\u0151r, h\u00e9tf\u0151t\u0151l p\u00e9ntekig, 10:30-17:30 k\u00f6z\u00f6tt. Id\u0151pont foglal\u00e1s (tel.): +36 30 \/ 337-2612 Ig\u00e9nybe vehet\u0151 szolg\u00e1ltat\u00e1sok: H\u00e1tmassz\u00e1zs 3.200.- Ft \/ 30 perc Teljes massz\u00e1zs 6.400.- Ft \/ 60 perc K\u00e9nyeztet\u0151 massz\u00e1zs 9.600.- Ft \/ 90 perc &nbsp; &nbsp;","og_url":"https:\/\/teljeseletert.hu\/it\/tevekenysegek\/frissito-masszazs\/","og_site_name":"Teljes \u00c9let\u00e9rt Nonprofit K\u00f6zhaszn\u00fa Kft.","article_publisher":"https:\/\/www.facebook.com\/teljeseletertkft","article_modified_time":"2025-03-04T12:53:25+00:00","twitter_card":"summary_large_image","twitter_misc":{"Tempo di lettura stimato":"1 minuto"},"schema":{"@context":"https:\/\/schema.org","@graph":[{"@type":"WebPage","@id":"https:\/\/teljeseletert.hu\/tevekenysegek\/frissito-masszazs\/","url":"https:\/\/teljeseletert.hu\/tevekenysegek\/frissito-masszazs\/","name":"Friss\u00edt\u0151 massz\u00e1zs - Teljes \u00c9let\u00e9rt Nonprofit K\u00f6zhaszn\u00fa Kft.","isPartOf":{"@id":"https:\/\/teljeseletert.hu\/hu_hu\/#website"},"datePublished":"2018-08-30T07:06:44+00:00","dateModified":"2025-03-04T12:53:25+00:00","breadcrumb":{"@id":"https:\/\/teljeseletert.hu\/tevekenysegek\/frissito-masszazs\/#breadcrumb"},"inLanguage":"it-IT","potentialAction":[{"@type":"ReadAction","target":["https:\/\/teljeseletert.hu\/tevekenysegek\/frissito-masszazs\/"]}]},{"@type":"BreadcrumbList","@id":"https:\/\/teljeseletert.hu\/tevekenysegek\/frissito-masszazs\/#breadcrumb","itemListElement":[{"@type":"ListItem","position":1,"name":"Kezd\u0151lap","item":"https:\/\/teljeseletert.hu\/"},{"@type":"ListItem","position":2,"name":"Tev\u00e9kenys\u00e9gek","item":"https:\/\/teljeseletert.hu\/tevekenysegek\/"},{"@type":"ListItem","position":3,"name":"Friss\u00edt\u0151 massz\u00e1zs"}]},{"@type":"WebSite","@id":"https:\/\/teljeseletert.hu\/hu_hu\/#website","url":"https:\/\/teljeseletert.hu\/hu_hu\/","name":"Teljes \u00c9let\u00e9rt Nonprofit Kft.","description":"","publisher":{"@id":"https:\/\/teljeseletert.hu\/hu_hu\/#organization"},"potentialAction":[{"@type":"SearchAction","target":{"@type":"EntryPoint","urlTemplate":"https:\/\/teljeseletert.hu\/hu_hu\/?s={search_term_string}"},"query-input":{"@type":"PropertyValueSpecification","valueRequired":true,"valueName":"search_term_string"}}],"inLanguage":"it-IT"},{"@type":"Organization","@id":"https:\/\/teljeseletert.hu\/hu_hu\/#organization","name":"\"TELJES \u00c9LET\u00c9RT\" Nonprofit K\u00f6zhaszn\u00fa Kft.","url":"https:\/\/teljeseletert.hu\/hu_hu\/","logo":{"@type":"ImageObject","inLanguage":"it-IT","@id":"https:\/\/teljeseletert.hu\/hu_hu\/#\/schema\/logo\/image\/","url":"https:\/\/teljeseletert.hu\/wp-content\/uploads\/2021\/01\/105560593_101776101596847_2912691729818324366_o.jpg","contentUrl":"https:\/\/teljeseletert.hu\/wp-content\/uploads\/2021\/01\/105560593_101776101596847_2912691729818324366_o.jpg","width":1061,"height":1061,"caption":"\"TELJES \u00c9LET\u00c9RT\" Nonprofit K\u00f6zhaszn\u00fa Kft."},"image":{"@id":"https:\/\/teljeseletert.hu\/hu_hu\/#\/schema\/logo\/image\/"},"sameAs":["https:\/\/www.facebook.com\/teljeseletertkft"]}]}},"_links":{"self":[{"href":"https:\/\/teljeseletert.hu\/it\/wp-json\/wp\/v2\/pages\/197","targetHints":{"allow":["GET"]}}],"collection":[{"href":"https:\/\/teljeseletert.hu\/it\/wp-json\/wp\/v2\/pages"}],"about":[{"href":"https:\/\/teljeseletert.hu\/it\/wp-json\/wp\/v2\/types\/page"}],"author":[{"embeddable":true,"href":"https:\/\/teljeseletert.hu\/it\/wp-json\/wp\/v2\/users\/4"}],"replies":[{"embeddable":true,"href":"https:\/\/teljeseletert.hu\/it\/wp-json\/wp\/v2\/comments?post=197"}],"version-history":[{"count":11,"href":"https:\/\/teljeseletert.hu\/it\/wp-json\/wp\/v2\/pages\/197\/revisions"}],"predecessor-version":[{"id":898,"href":"https:\/\/teljeseletert.hu\/it\/wp-json\/wp\/v2\/pages\/197\/revisions\/898"}],"up":[{"embeddable":true,"href":"https:\/\/teljeseletert.hu\/it\/wp-json\/wp\/v2\/pages\/15"}],"wp:attachment":[{"href":"https:\/\/teljeseletert.hu\/it\/wp-json\/wp\/v2\/media?parent=197"}],"curies":[{"name":"wp","href":"https:\/\/api.w.org\/{rel}","templated":true}]}}