{"id":19,"date":"2018-07-09T09:11:55","date_gmt":"2018-07-09T09:11:55","guid":{"rendered":"http:\/\/teljeseletert.hu\/?page_id=19"},"modified":"2026-04-16T12:56:15","modified_gmt":"2026-04-16T12:56:15","slug":"allaslehetoseg","status":"publish","type":"page","link":"https:\/\/teljeseletert.hu\/it\/allaslehetoseg\/","title":{"rendered":"Offerte di lavoro"},"content":{"rendered":"<p>Rehabilit\u00e1ci\u00f3s foglalkoztat\u00e1st \u00e1ltal\u00e1ban r\u00e9szmunkaid\u0151ben 4, 6, 7 \u00f3r\u00e1ban, vagy 8 \u00f3r\u00e1s teljes munkaid\u0151ben biztos\u00edtunk. A <u>jelentkez\u0151 eg\u00e9szs\u00e9gi \u00e1llapot\u00e1t\u00f3l<\/u>, az ell\u00e1tand\u00f3 feladatt\u00f3l, tev\u00e9kenys\u00e9gt\u0151l, a gy\u00e1rt\u00e1si technol\u00f3gi\u00e1t\u00f3l f\u00fcgg a munkaid\u0151 m\u00e9rt\u00e9k\u00e9nek megv\u00e1laszt\u00e1sa.<\/p>\n<p>Munkav\u00e1llal\u00f3ink motiv\u00e1lts\u00e1g\u00e1t anyagi \u00f6szt\u00f6nz\u0151k mellett a munkak\u00f6rnyezet kialak\u00edt\u00e1s\u00e1val, leg\u00e1lis, hossz\u00fa t\u00e1v\u00fa foglalkoztat\u00e1ssal, valamint a rehabilit\u00e1ci\u00f3s foglalkoztat\u00e1ssal \u00f6sszef\u00fcgg\u00e9sben v\u00e1llalt feladataink teljes\u00edt\u00e9s\u00e9vel tartjuk fenn. A kvalifik\u00e1ltabb munkak\u00f6r\u00f6kben magasabb a kereseti lehet\u0151s\u00e9g, szakk\u00e9pzetts\u00e9get ig\u00e9nyl\u0151 munkak\u00f6rn\u00e9l eleget tesz\u00fcnk a garant\u00e1lt b\u00e9rminimum fizet\u00e9si k\u00f6telezetts\u00e9gnek\u00a0 (373.200- Ft\/h\u00f3 teljes munkaid\u0151ben). Szakk\u00e9pzetts\u00e9get nem ig\u00e9nyl\u0151 munkak\u00f6r\u00f6kben a b\u00e9rez\u00e9s minim\u00e1lb\u00e9r, mely 322.800.- Ft\/h\u00f3 (r\u00e9szmunkaid\u0151ben ennek ar\u00e1nyos r\u00e9sze).<\/p>\n<p style=\"text-align: left;\">Toborz\u00e1si b\u00f3nuszban r\u00e9szes\u00fclhetnek munkav\u00e1llal\u00f3ink, ha aj\u00e1nl\u00e1suk r\u00e9v\u00e9n helyezkedik el t\u00e1rsas\u00e1gunkn\u00e1l \u00faj munkat\u00e1rs.<br \/>\nMunkav\u00e9gz\u00e9si helyeink a foglalkoztatott megv\u00e1ltozott munkak\u00e9pess\u00e9g\u0171 munkav\u00e1llal\u00f3k eg\u00e9szs\u00e9gi \u00e1llapot\u00e1hoz, fogyat\u00e9koss\u00e1g\u00e1hoz illeszkedve akad\u00e1lymentes\u00edtettek. Amennyiben munkav\u00e1llal\u00f3ink munk\u00e1ba jut\u00e1sa aut\u00f3busz-, vagy vas\u00fati t\u00f6megk\u00f6zleked\u00e9ssel nem megoldott, szerz\u0151d\u00e9ses j\u00e1ratokat biztos\u00edtunk. A munk\u00e1ba j\u00e1r\u00e1s k\u00f6lts\u00e9geit 100%-ban t\u00e9r\u00edtj\u00fck.<\/p>\n<p style=\"text-align: center;\"><strong>Aktu\u00e1lis munkalehet\u0151s\u00e9geink:<\/strong><\/p>\n<p style=\"text-align: center;\"><a href=\"https:\/\/teljeseletert.hu\/wp-content\/uploads\/2026\/04\/Szorolap_A4_2026.04_2026.04.16.pdf\">\u00dcres \u00e1ll\u00e1shelyek<\/a><\/p>","protected":false},"excerpt":{"rendered":"<p>Rehabilit\u00e1ci\u00f3s foglalkoztat\u00e1st \u00e1ltal\u00e1ban r\u00e9szmunkaid\u0151ben 4, 6, 7 \u00f3r\u00e1ban, vagy 8 \u00f3r\u00e1s teljes munkaid\u0151ben biztos\u00edtunk. A jelentkez\u0151 eg\u00e9szs\u00e9gi \u00e1llapot\u00e1t\u00f3l, az ell\u00e1tand\u00f3 feladatt\u00f3l, tev\u00e9kenys\u00e9gt\u0151l, a gy\u00e1rt\u00e1si technol\u00f3gi\u00e1t\u00f3l f\u00fcgg a munkaid\u0151 m\u00e9rt\u00e9k\u00e9nek megv\u00e1laszt\u00e1sa. Munkav\u00e1llal\u00f3ink motiv\u00e1lts\u00e1g\u00e1t anyagi \u00f6szt\u00f6nz\u0151k mellett a munkak\u00f6rnyezet kialak\u00edt\u00e1s\u00e1val, leg\u00e1lis, hossz\u00fa t\u00e1v\u00fa foglalkoztat\u00e1ssal, valamint a rehabilit\u00e1ci\u00f3s foglalkoztat\u00e1ssal \u00f6sszef\u00fcgg\u00e9sben v\u00e1llalt feladataink teljes\u00edt\u00e9s\u00e9vel tartjuk fenn. A kvalifik\u00e1ltabb munkak\u00f6r\u00f6kben [&hellip;]<\/p>","protected":false},"author":4,"featured_media":0,"parent":0,"menu_order":0,"comment_status":"closed","ping_status":"closed","template":"","meta":{"footnotes":""},"class_list":["post-19","page","type-page","status-publish","hentry"],"yoast_head":"<!-- This site is optimized with the Yoast SEO plugin v26.6 - https:\/\/yoast.com\/wordpress\/plugins\/seo\/ -->\n<title>\u00c1ll\u00e1slehet\u0151s\u00e9g - Teljes \u00c9let\u00e9rt Nonprofit K\u00f6zhaszn\u00fa Kft.<\/title>\n<meta name=\"description\" content=\"Megv\u00e1ltozott munkak\u00e9pess\u00e9g\u0171 \u00e1ll\u00e1s J\u00e1sz-Nagykun-Szolnok megy\u00e9ben!\" \/>\n<meta name=\"robots\" content=\"index, follow, max-snippet:-1, max-image-preview:large, max-video-preview:-1\" \/>\n<link rel=\"canonical\" href=\"https:\/\/teljeseletert.hu\/it\/allaslehetoseg\/\" \/>\n<meta property=\"og:locale\" content=\"it_IT\" \/>\n<meta property=\"og:type\" content=\"article\" \/>\n<meta property=\"og:title\" content=\"\u00c1ll\u00e1slehet\u0151s\u00e9g - Teljes \u00c9let\u00e9rt Nonprofit K\u00f6zhaszn\u00fa Kft.\" \/>\n<meta property=\"og:description\" content=\"Megv\u00e1ltozott munkak\u00e9pess\u00e9g\u0171 \u00e1ll\u00e1s J\u00e1sz-Nagykun-Szolnok megy\u00e9ben!\" \/>\n<meta property=\"og:url\" content=\"https:\/\/teljeseletert.hu\/it\/allaslehetoseg\/\" \/>\n<meta property=\"og:site_name\" content=\"Teljes \u00c9let\u00e9rt Nonprofit K\u00f6zhaszn\u00fa Kft.\" \/>\n<meta property=\"article:publisher\" content=\"https:\/\/www.facebook.com\/teljeseletertkft\" \/>\n<meta property=\"article:modified_time\" content=\"2026-04-16T12:56:15+00:00\" \/>\n<meta name=\"twitter:card\" content=\"summary_large_image\" \/>\n<meta name=\"twitter:label1\" content=\"Tempo di lettura stimato\" \/>\n\t<meta name=\"twitter:data1\" content=\"1 minuto\" \/>\n<script type=\"application\/ld+json\" class=\"yoast-schema-graph\">{\"@context\":\"https:\/\/schema.org\",\"@graph\":[{\"@type\":\"WebPage\",\"@id\":\"https:\/\/teljeseletert.hu\/allaslehetoseg\/\",\"url\":\"https:\/\/teljeseletert.hu\/allaslehetoseg\/\",\"name\":\"\u00c1ll\u00e1slehet\u0151s\u00e9g - Teljes \u00c9let\u00e9rt Nonprofit K\u00f6zhaszn\u00fa Kft.\",\"isPartOf\":{\"@id\":\"https:\/\/teljeseletert.hu\/hu_hu\/#website\"},\"datePublished\":\"2018-07-09T09:11:55+00:00\",\"dateModified\":\"2026-04-16T12:56:15+00:00\",\"description\":\"Megv\u00e1ltozott munkak\u00e9pess\u00e9g\u0171 \u00e1ll\u00e1s J\u00e1sz-Nagykun-Szolnok megy\u00e9ben!\",\"breadcrumb\":{\"@id\":\"https:\/\/teljeseletert.hu\/allaslehetoseg\/#breadcrumb\"},\"inLanguage\":\"it-IT\",\"potentialAction\":[{\"@type\":\"ReadAction\",\"target\":[\"https:\/\/teljeseletert.hu\/allaslehetoseg\/\"]}]},{\"@type\":\"BreadcrumbList\",\"@id\":\"https:\/\/teljeseletert.hu\/allaslehetoseg\/#breadcrumb\",\"itemListElement\":[{\"@type\":\"ListItem\",\"position\":1,\"name\":\"Kezd\u0151lap\",\"item\":\"https:\/\/teljeseletert.hu\/\"},{\"@type\":\"ListItem\",\"position\":2,\"name\":\"\u00c1ll\u00e1slehet\u0151s\u00e9g\"}]},{\"@type\":\"WebSite\",\"@id\":\"https:\/\/teljeseletert.hu\/hu_hu\/#website\",\"url\":\"https:\/\/teljeseletert.hu\/hu_hu\/\",\"name\":\"Teljes \u00c9let\u00e9rt Nonprofit Kft.\",\"description\":\"\",\"publisher\":{\"@id\":\"https:\/\/teljeseletert.hu\/hu_hu\/#organization\"},\"potentialAction\":[{\"@type\":\"SearchAction\",\"target\":{\"@type\":\"EntryPoint\",\"urlTemplate\":\"https:\/\/teljeseletert.hu\/hu_hu\/?s={search_term_string}\"},\"query-input\":{\"@type\":\"PropertyValueSpecification\",\"valueRequired\":true,\"valueName\":\"search_term_string\"}}],\"inLanguage\":\"it-IT\"},{\"@type\":\"Organization\",\"@id\":\"https:\/\/teljeseletert.hu\/hu_hu\/#organization\",\"name\":\"\\\"TELJES \u00c9LET\u00c9RT\\\" Nonprofit K\u00f6zhaszn\u00fa Kft.\",\"url\":\"https:\/\/teljeseletert.hu\/hu_hu\/\",\"logo\":{\"@type\":\"ImageObject\",\"inLanguage\":\"it-IT\",\"@id\":\"https:\/\/teljeseletert.hu\/hu_hu\/#\/schema\/logo\/image\/\",\"url\":\"https:\/\/teljeseletert.hu\/wp-content\/uploads\/2021\/01\/105560593_101776101596847_2912691729818324366_o.jpg\",\"contentUrl\":\"https:\/\/teljeseletert.hu\/wp-content\/uploads\/2021\/01\/105560593_101776101596847_2912691729818324366_o.jpg\",\"width\":1061,\"height\":1061,\"caption\":\"\\\"TELJES \u00c9LET\u00c9RT\\\" Nonprofit K\u00f6zhaszn\u00fa Kft.\"},\"image\":{\"@id\":\"https:\/\/teljeseletert.hu\/hu_hu\/#\/schema\/logo\/image\/\"},\"sameAs\":[\"https:\/\/www.facebook.com\/teljeseletertkft\"]}]}<\/script>\n<!-- \/ Yoast SEO plugin. -->","yoast_head_json":{"title":"\u00c1ll\u00e1slehet\u0151s\u00e9g - Teljes \u00c9let\u00e9rt Nonprofit K\u00f6zhaszn\u00fa Kft.","description":"Megv\u00e1ltozott munkak\u00e9pess\u00e9g\u0171 \u00e1ll\u00e1s J\u00e1sz-Nagykun-Szolnok megy\u00e9ben!","robots":{"index":"index","follow":"follow","max-snippet":"max-snippet:-1","max-image-preview":"max-image-preview:large","max-video-preview":"max-video-preview:-1"},"canonical":"https:\/\/teljeseletert.hu\/it\/allaslehetoseg\/","og_locale":"it_IT","og_type":"article","og_title":"\u00c1ll\u00e1slehet\u0151s\u00e9g - Teljes \u00c9let\u00e9rt Nonprofit K\u00f6zhaszn\u00fa Kft.","og_description":"Megv\u00e1ltozott munkak\u00e9pess\u00e9g\u0171 \u00e1ll\u00e1s J\u00e1sz-Nagykun-Szolnok megy\u00e9ben!","og_url":"https:\/\/teljeseletert.hu\/it\/allaslehetoseg\/","og_site_name":"Teljes \u00c9let\u00e9rt Nonprofit K\u00f6zhaszn\u00fa Kft.","article_publisher":"https:\/\/www.facebook.com\/teljeseletertkft","article_modified_time":"2026-04-16T12:56:15+00:00","twitter_card":"summary_large_image","twitter_misc":{"Tempo di lettura stimato":"1 minuto"},"schema":{"@context":"https:\/\/schema.org","@graph":[{"@type":"WebPage","@id":"https:\/\/teljeseletert.hu\/allaslehetoseg\/","url":"https:\/\/teljeseletert.hu\/allaslehetoseg\/","name":"\u00c1ll\u00e1slehet\u0151s\u00e9g - Teljes \u00c9let\u00e9rt Nonprofit K\u00f6zhaszn\u00fa Kft.","isPartOf":{"@id":"https:\/\/teljeseletert.hu\/hu_hu\/#website"},"datePublished":"2018-07-09T09:11:55+00:00","dateModified":"2026-04-16T12:56:15+00:00","description":"Megv\u00e1ltozott munkak\u00e9pess\u00e9g\u0171 \u00e1ll\u00e1s J\u00e1sz-Nagykun-Szolnok megy\u00e9ben!","breadcrumb":{"@id":"https:\/\/teljeseletert.hu\/allaslehetoseg\/#breadcrumb"},"inLanguage":"it-IT","potentialAction":[{"@type":"ReadAction","target":["https:\/\/teljeseletert.hu\/allaslehetoseg\/"]}]},{"@type":"BreadcrumbList","@id":"https:\/\/teljeseletert.hu\/allaslehetoseg\/#breadcrumb","itemListElement":[{"@type":"ListItem","position":1,"name":"Kezd\u0151lap","item":"https:\/\/teljeseletert.hu\/"},{"@type":"ListItem","position":2,"name":"\u00c1ll\u00e1slehet\u0151s\u00e9g"}]},{"@type":"WebSite","@id":"https:\/\/teljeseletert.hu\/hu_hu\/#website","url":"https:\/\/teljeseletert.hu\/hu_hu\/","name":"Teljes \u00c9let\u00e9rt Nonprofit Kft.","description":"","publisher":{"@id":"https:\/\/teljeseletert.hu\/hu_hu\/#organization"},"potentialAction":[{"@type":"SearchAction","target":{"@type":"EntryPoint","urlTemplate":"https:\/\/teljeseletert.hu\/hu_hu\/?s={search_term_string}"},"query-input":{"@type":"PropertyValueSpecification","valueRequired":true,"valueName":"search_term_string"}}],"inLanguage":"it-IT"},{"@type":"Organization","@id":"https:\/\/teljeseletert.hu\/hu_hu\/#organization","name":"\"TELJES \u00c9LET\u00c9RT\" Nonprofit K\u00f6zhaszn\u00fa Kft.","url":"https:\/\/teljeseletert.hu\/hu_hu\/","logo":{"@type":"ImageObject","inLanguage":"it-IT","@id":"https:\/\/teljeseletert.hu\/hu_hu\/#\/schema\/logo\/image\/","url":"https:\/\/teljeseletert.hu\/wp-content\/uploads\/2021\/01\/105560593_101776101596847_2912691729818324366_o.jpg","contentUrl":"https:\/\/teljeseletert.hu\/wp-content\/uploads\/2021\/01\/105560593_101776101596847_2912691729818324366_o.jpg","width":1061,"height":1061,"caption":"\"TELJES \u00c9LET\u00c9RT\" Nonprofit K\u00f6zhaszn\u00fa Kft."},"image":{"@id":"https:\/\/teljeseletert.hu\/hu_hu\/#\/schema\/logo\/image\/"},"sameAs":["https:\/\/www.facebook.com\/teljeseletertkft"]}]}},"_links":{"self":[{"href":"https:\/\/teljeseletert.hu\/it\/wp-json\/wp\/v2\/pages\/19","targetHints":{"allow":["GET"]}}],"collection":[{"href":"https:\/\/teljeseletert.hu\/it\/wp-json\/wp\/v2\/pages"}],"about":[{"href":"https:\/\/teljeseletert.hu\/it\/wp-json\/wp\/v2\/types\/page"}],"author":[{"embeddable":true,"href":"https:\/\/teljeseletert.hu\/it\/wp-json\/wp\/v2\/users\/4"}],"replies":[{"embeddable":true,"href":"https:\/\/teljeseletert.hu\/it\/wp-json\/wp\/v2\/comments?post=19"}],"version-history":[{"count":225,"href":"https:\/\/teljeseletert.hu\/it\/wp-json\/wp\/v2\/pages\/19\/revisions"}],"predecessor-version":[{"id":936,"href":"https:\/\/teljeseletert.hu\/it\/wp-json\/wp\/v2\/pages\/19\/revisions\/936"}],"wp:attachment":[{"href":"https:\/\/teljeseletert.hu\/it\/wp-json\/wp\/v2\/media?parent=19"}],"curies":[{"name":"wp","href":"https:\/\/api.w.org\/{rel}","templated":true}]}}