{"id":168,"date":"2018-07-23T17:58:21","date_gmt":"2018-07-23T17:58:21","guid":{"rendered":"http:\/\/teljeseletert.hu\/?page_id=168"},"modified":"2022-05-05T07:32:09","modified_gmt":"2022-05-05T07:32:09","slug":"tamop-5-3-8-a2-13-1-2013-0005","status":"publish","type":"page","link":"https:\/\/teljeseletert.hu\/it\/projektek\/tamop-5-3-8-a2-13-1-2013-0005\/","title":{"rendered":"T\u00c1MOP-5.3.8.A2-13\/1-2013-0005"},"content":{"rendered":"<p><strong>T\u00c1MOP-5.3.8.A2-13\/1-2013-0005 <\/strong><\/p>\n<p><a href=\"https:\/\/teljeseletert.hu\/wp-content\/uploads\/2018\/07\/tamop538.png\"><img loading=\"lazy\" decoding=\"async\" class=\"alignnone size-medium wp-image-106\" src=\"https:\/\/teljeseletert.hu\/wp-content\/uploads\/2018\/07\/tamop538-300x210.png\" alt=\"\" width=\"300\" height=\"210\" srcset=\"https:\/\/teljeseletert.hu\/wp-content\/uploads\/2018\/07\/tamop538-300x210.png 300w, https:\/\/teljeseletert.hu\/wp-content\/uploads\/2018\/07\/tamop538.png 404w\" sizes=\"auto, (max-width: 300px) 100vw, 300px\" \/><\/a><\/p>\n<p>\u00d6SSZEFOGLAL\u00d3 A PROJEKTR\u0150L<\/p>\n<p>A T\u00c1MOP 5.3.8.A2-13\/1-2013-0005 k\u00f3dsz\u00e1m\u00fa p\u00e1ly\u00e1zati projekt keret\u00e9ben a megv\u00e1ltozott<br \/>\nmunkak\u00e9pess\u00e9g\u0171 munkav\u00e1llal\u00f3ink ny\u00edlt munkaer\u0151piacra t\u00f6rt\u00e9n\u0151 visszavezet\u00e9s\u00e9nek<br \/>\nmegval\u00f3s\u00edt\u00e1sa \u00e9rdek\u00e9ben k\u00e9szs\u00e9g- \u00e9s kompetenciafejleszt\u0151 Alapvet\u0151 k\u00e9pz\u00e9s lebonyol\u00edt\u00e1s\u00e1t<br \/>\nval\u00f3s\u00edtjuk meg.<br \/>\nA megv\u00e1ltozott munkak\u00e9pess\u00e9g\u0171 munkat\u00e1rsak kompetencia vizsg\u00e1lata alapj\u00e1n ker\u00fclnek<br \/>\nkiv\u00e1laszt\u00e1sra a k\u00e9pz\u00e9sek r\u00e9sztvev\u0151i, \u00e9s ker\u00fclnek meg\u00faj\u00edt\u00e1sra a szem\u00e9lyes rehabilit\u00e1ci\u00f3s tervek.<br \/>\nA projekt eredm\u00e9nyek\u00e9pp kialak\u00edt\u00e1sra ker\u00fclnek az oktat\u00f3termek, beszerz\u00e9sre ker\u00fclnek az IT<br \/>\neszk\u00f6z\u00f6k \u00e9s irodab\u00fatorok, illetve megt\u00f6rt\u00e9nik 4 telephely\u00fcnk\u00f6n 700 f\u0151 megv\u00e1ltozott<br \/>\nmunkak\u00e9pess\u00e9g\u0171 munkav\u00e1llal\u00f3nk kompetencia-felm\u00e9r\u00e9se. A felm\u00e9r\u00e9s eredm\u00e9ny\u00e9nek<br \/>\nki\u00e9rt\u00e9kel\u00e9se alapj\u00e1n bevon\u00e1sra ker\u00fcl az alapvet\u0151 k\u00e9pz\u00e9sbe 125 munkav\u00e1llal\u00f3.<br \/>\nAz eredm\u00e9nyek r\u00e9v\u00e9n jelent\u0151sen javulnak a megv\u00e1ltozott munkak\u00e9pess\u00e9g\u0171 szem\u00e9lyek ny\u00edlt<br \/>\nmunkaer\u0151piacon val\u00f3 elhelyezked\u00e9si es\u00e9lyei, javul foglalkoztathat\u00f3s\u00e1guk.<\/p>\n<p>A projekt megval\u00f3s\u00edt\u00e1s\u00e1nak f\u0151bb tev\u00e9kenys\u00e9gei<\/p>\n<ol>\n<li>Kompetencia felm\u00e9r\u00e9sek<\/li>\n<\/ol>\n<p>700 f\u0151 megv\u00e1ltozott munkak\u00e9pess\u00e9g\u0171 munkav\u00e1llal\u00f3val k\u00e9szs\u00e9g-, szakmai- \u00e9s magatart\u00e1s-<br \/>\nalap\u00fa kompetencia-felm\u00e9r\u00e9seket v\u00e9gz\u00fcnk. A felm\u00e9r\u00e9sek eredm\u00e9ny\u00e9t a k\u00fcls\u0151 szak\u00e9rt\u0151k, a c\u00e9g<br \/>\nbels\u0151 rehabilit\u00e1ci\u00f3s szakemberei \u00e9s a szakmai megval\u00f3s\u00edt\u00f3k egyeztetik, adatait feldolgozz\u00e1k,<br \/>\nmajd visszavezetik a megv\u00e1ltozott munkak\u00e9pess\u00e9g\u0171 munkav\u00e1llal\u00f3k fel\u00fclvizsg\u00e1lt szem\u00e9lyes<br \/>\nrehabilit\u00e1ci\u00f3s terv\u00e9be, majd ez alapj\u00e1n meghat\u00e1roz\u00e1sra ker\u00fclnek az egy\u00e9ni k\u00e9pz\u00e9si tervek.<\/p>\n<ol start=\"2\">\n<li>Alapvet\u0151 k\u00e9pz\u00e9s<\/li>\n<\/ol>\n<p>A k\u00e9pz\u00e9sbe bevont munkat\u00e1rsak ki\u00e9rtes\u00edt\u00e9s\u00e9vel, \u00e9rz\u00e9keny\u00edt\u00e9s\u00e9vel, felk\u00e9sz\u00edt\u00e9s\u00e9vel \u00e9s a k\u00e9pz\u00e9si<br \/>\ncsoportok \u00f6ssze\u00e1ll\u00edt\u00e1s\u00e1val megkezd\u0151dik a projekt szakmai \u00e9s t\u00e1mogat\u00f3i tev\u00e9kenys\u00e9g\u00e9t ny\u00fajt\u00f3<br \/>\nmentorok, szuperv\u00edzorok \u00e9s az oktat\u00e1sszervez\u0151k akt\u00edv egy\u00fcttm\u0171k\u00f6d\u00e9se a munkav\u00e1llal\u00f3kkal,<br \/>\nbiztos\u00edtva ezzel a k\u00e9pz\u00e9sek el\u0151k\u00e9sz\u00edt\u00e9s\u00e9nek \u00e9s megval\u00f3s\u00edt\u00e1s\u00e1nak megfelel\u0151 szakmai<br \/>\nsz\u00ednvonal\u00e1t, a k\u00f6lts\u00e9ghat\u00e9konys\u00e1got \u00e9s a fenntarthat\u00f3s\u00e1got.<\/p>\n<ol start=\"3\">\n<li>K\u00e9pz\u00e9si monitoring \u00e9s min\u0151s\u00e9gbiztos\u00edt\u00e1s<\/li>\n<\/ol>\n<p>A k\u00e9pz\u00e9si monitoring \u00e9s min\u0151s\u00e9gbiztos\u00edt\u00e1st ny\u00fajt\u00f3, k\u00fcls\u0151 szakemberekkel t\u00f6rt\u00e9n\u0151<br \/>\negy\u00fcttm\u0171k\u00f6d\u00e9s a projekt c\u00e9lok marad\u00e9ktalan megval\u00f3sul\u00e1s\u00e1nak felt\u00e9tele. A folyamatos<br \/>\nmonitoroz\u00e1si tev\u00e9kenys\u00e9g sor\u00e1n megval\u00f3sul a k\u00e9pz\u00e9sek felt\u00e9teleinek, hat\u00e9konys\u00e1g\u00e1nak,<br \/>\neredm\u00e9nyess\u00e9g\u00e9nek, az indik\u00e1torok teljes\u00fcl\u00e9s\u00e9nek \u00e9s a kapcsol\u00f3d\u00f3 adminisztr\u00e1ci\u00f3j\u00e1nak<br \/>\nfolyamatos ellen\u0151rz\u00e9se, min\u0151s\u00e9gbiztos\u00edt\u00e1sa. A k\u00e9pz\u00e9si monitoring szolg\u00e1ltat\u00e1s biztos\u00edtja<br \/>\nemellett a p\u00e9nz\u00fcgyi elsz\u00e1mol\u00e1sait al\u00e1t\u00e1maszt\u00f3 b\u00e9r-, munka\u00fcgyi-, k\u00e9pz\u00e9si \u00e9s egy\u00e9b kapcsol\u00f3d\u00f3<br \/>\ndokumentumok megfelel\u0151s\u00e9g\u00e9t, valamint az indik\u00e1torok teljes\u00fcl\u00e9s\u00e9nek monitoroz\u00e1s\u00e1t is.<\/p>\n<ol start=\"4\">\n<li>Foglalkoz\u00e1si rehabilit\u00e1ci\u00f3s szolg\u00e1ltat\u00e1sok<\/li>\n<\/ol>\n<p>A szakmai tev\u00e9kenys\u00e9g egyik legfontosabb \u00e9s folyamatosan biztos\u00edtott eleme a foglalkoz\u00e1si<br \/>\nrehabilit\u00e1ci\u00f3s szolg\u00e1ltat\u00e1sok ny\u00fajt\u00e1sa a munkat\u00e1rsak ny\u00edlt munkaer\u0151-piaci elhelyezked\u00e9si<br \/>\nes\u00e9lyeinek n\u00f6vel\u00e9se \u00e9rdek\u00e9ben.<\/p>\n<ol start=\"5\">\n<li>Egy\u00fcttm\u0171k\u00f6d\u00e9sek<\/li>\n<\/ol>\n<p>A szakmai egy\u00fcttm\u0171k\u00f6d\u00e9si meg\u00e1llapod\u00e1s al\u00e1\u00edr\u00e1sa A1 konzorciummal kiemelked\u0151en fontos<br \/>\neleme a szakmai felk\u00e9sz\u00edt\u00e9si szakasznak, hiszen az informatikai -, a munkaer\u0151-piaci<br \/>\nszolg\u00e1ltat\u00f3i h\u00e1l\u00f3zat, a kompetencia-felm\u00e9r\u00e9s, a k\u00e9pz\u00e9si m\u00f3dszertan \u00e9s tananyag \u00e1tv\u00e9tel\u00e9nek<br \/>\njogosults\u00e1ga n\u00e9lk\u00fcl nem saj\u00e1t\u00edthat\u00f3ak el a Port\u00e1l hozz\u00e1f\u00e9r\u00e9si, haszn\u00e1lati \u00e9s m\u00f3dszertani<br \/>\nismeretei. Az egy\u00fcttm\u0171k\u00f6d\u00e9s al\u00e1\u00edr\u00e1s\u00e1val bekapcsol\u00f3dunk, \u00e9s akt\u00edvan k\u00f6zrem\u0171k\u00f6d\u00fcnk az<br \/>\norsz\u00e1gos munkaer\u0151-piaci szolg\u00e1ltat\u00f3 \u00e9s szakmai t\u00e1mogat\u00f3 h\u00e1l\u00f3zatban.<br \/>\nA rehabilit\u00e1ci\u00f3s szolg\u00e1ltat\u00e1sok megalapozott, magas sz\u00ednvonal\u00fa biztos\u00edt\u00e1s\u00e1nak felt\u00e9tele \u00e9s<br \/>\negyben a szakmai felk\u00e9sz\u00edt\u00e9si szakasz szerves r\u00e9sz\u00e9t k\u00e9pezi a ny\u00edlt munkaer\u0151-piaci<br \/>\nszolg\u00e1ltat\u00f3kkal, piaci szerepl\u0151kkel val\u00f3 akt\u00edv egy\u00fcttm\u0171k\u00f6d\u00e9s. Ennek el\u0151seg\u00edt\u00e9se \u00e9rdek\u00e9ben a<br \/>\naz A3 konstrukci\u00f3ban nyertes munkaer\u0151-piaci szolg\u00e1ltat\u00f3 szervezettel meg\u00e1llapod\u00e1st k\u00f6t\u00fcnk.<br \/>\nEnnek keret\u00e9ben a c\u00e9g a projekt ideje alatt \u00e9s azt k\u00f6vet\u0151en is a Szolg\u00e1ltat\u00f3 sz\u00e1m\u00e1ra r\u00e9szletes<br \/>\nt\u00e1j\u00e9koztat\u00e1st ny\u00fajt rehabilit\u00e1ci\u00f3s tev\u00e9kenys\u00e9g\u00e9r\u0151l, illetve biztos\u00edtja a Szolg\u00e1ltat\u00f3 anyagainak,<br \/>\nt\u00e1j\u00e9koz\u00f3d\u00e1si \u00e9s kapcsolat-felv\u00e9teli lehet\u0151s\u00e9geinek el\u00e9rhet\u0151s\u00e9g\u00e9t munkat\u00e1rsai sz\u00e1m\u00e1ra. A<br \/>\nSzolg\u00e1ltat\u00f3 ezzel p\u00e1rhuzamosan bemutatja szakmai tev\u00e9kenys\u00e9g\u00e9t, \u00e9s el\u00e9rhet\u0151v\u00e9 teszi<br \/>\nszolg\u00e1ltat\u00e1sait \u00e9s az azokat n\u00e9pszer\u0171s\u00edt\u0151 anyagait a munkav\u00e1llal\u00f3k sz\u00e1m\u00e1ra.<br \/>\nAz \u00edgy kialakul\u00f3 naprak\u00e9sz inform\u00e1ci\u00f3 \u00e1raml\u00e1snak k\u00f6sz\u00f6nhet\u0151en egy\u00e9nre szabottan<br \/>\nny\u00fajthatunk munkaer\u0151-piaci tan\u00e1csad\u00e1st a megv\u00e1ltozott munkak\u00e9pess\u00e9g\u0171 munkav\u00e1llal\u00f3ink<br \/>\nsz\u00e1m\u00e1ra, illetve felmer\u00fcl\u0151 piaci keresleti ig\u00e9ny eset\u00e9n a t\u00e1j\u00e9koz\u00f3d\u00e1s \u00e9s a kapcsolat felv\u00e9teli<br \/>\nlehet\u0151s\u00e9gek biztos\u00edt\u00e1sa mellett integr\u00e1ci\u00f3jukat \u00f6szt\u00f6n\u00f6zni \u00e9s t\u00e1mogatni tudja.<\/p>","protected":false},"excerpt":{"rendered":"<p>T\u00c1MOP-5.3.8.A2-13\/1-2013-0005 \u00d6SSZEFOGLAL\u00d3 A PROJEKTR\u0150L A T\u00c1MOP 5.3.8.A2-13\/1-2013-0005 k\u00f3dsz\u00e1m\u00fa p\u00e1ly\u00e1zati projekt keret\u00e9ben a megv\u00e1ltozott munkak\u00e9pess\u00e9g\u0171 munkav\u00e1llal\u00f3ink ny\u00edlt munkaer\u0151piacra t\u00f6rt\u00e9n\u0151 visszavezet\u00e9s\u00e9nek megval\u00f3s\u00edt\u00e1sa \u00e9rdek\u00e9ben k\u00e9szs\u00e9g- \u00e9s kompetenciafejleszt\u0151 Alapvet\u0151 k\u00e9pz\u00e9s lebonyol\u00edt\u00e1s\u00e1t val\u00f3s\u00edtjuk meg. A megv\u00e1ltozott munkak\u00e9pess\u00e9g\u0171 munkat\u00e1rsak kompetencia vizsg\u00e1lata alapj\u00e1n ker\u00fclnek kiv\u00e1laszt\u00e1sra a k\u00e9pz\u00e9sek r\u00e9sztvev\u0151i, \u00e9s ker\u00fclnek meg\u00faj\u00edt\u00e1sra a szem\u00e9lyes rehabilit\u00e1ci\u00f3s tervek. A projekt eredm\u00e9nyek\u00e9pp kialak\u00edt\u00e1sra ker\u00fclnek az oktat\u00f3termek, [&hellip;]<\/p>","protected":false},"author":4,"featured_media":0,"parent":36,"menu_order":0,"comment_status":"closed","ping_status":"closed","template":"","meta":{"footnotes":""},"class_list":["post-168","page","type-page","status-publish","hentry"],"yoast_head":"<!-- This site is optimized with the Yoast SEO plugin v26.6 - https:\/\/yoast.com\/wordpress\/plugins\/seo\/ -->\n<title>T\u00c1MOP-5.3.8.A2-13\/1-2013-0005 - Teljes \u00c9let\u00e9rt Nonprofit K\u00f6zhaszn\u00fa Kft.<\/title>\n<meta name=\"robots\" content=\"index, follow, max-snippet:-1, max-image-preview:large, max-video-preview:-1\" \/>\n<link rel=\"canonical\" href=\"https:\/\/teljeseletert.hu\/it\/projektek\/tamop-5-3-8-a2-13-1-2013-0005\/\" \/>\n<meta property=\"og:locale\" content=\"it_IT\" \/>\n<meta property=\"og:type\" content=\"article\" \/>\n<meta property=\"og:title\" content=\"T\u00c1MOP-5.3.8.A2-13\/1-2013-0005 - Teljes \u00c9let\u00e9rt Nonprofit K\u00f6zhaszn\u00fa Kft.\" \/>\n<meta property=\"og:description\" content=\"T\u00c1MOP-5.3.8.A2-13\/1-2013-0005 \u00d6SSZEFOGLAL\u00d3 A PROJEKTR\u0150L A T\u00c1MOP 5.3.8.A2-13\/1-2013-0005 k\u00f3dsz\u00e1m\u00fa p\u00e1ly\u00e1zati projekt keret\u00e9ben a megv\u00e1ltozott munkak\u00e9pess\u00e9g\u0171 munkav\u00e1llal\u00f3ink ny\u00edlt munkaer\u0151piacra t\u00f6rt\u00e9n\u0151 visszavezet\u00e9s\u00e9nek megval\u00f3s\u00edt\u00e1sa \u00e9rdek\u00e9ben k\u00e9szs\u00e9g- \u00e9s kompetenciafejleszt\u0151 Alapvet\u0151 k\u00e9pz\u00e9s lebonyol\u00edt\u00e1s\u00e1t val\u00f3s\u00edtjuk meg. A megv\u00e1ltozott munkak\u00e9pess\u00e9g\u0171 munkat\u00e1rsak kompetencia vizsg\u00e1lata alapj\u00e1n ker\u00fclnek kiv\u00e1laszt\u00e1sra a k\u00e9pz\u00e9sek r\u00e9sztvev\u0151i, \u00e9s ker\u00fclnek meg\u00faj\u00edt\u00e1sra a szem\u00e9lyes rehabilit\u00e1ci\u00f3s tervek. A projekt eredm\u00e9nyek\u00e9pp kialak\u00edt\u00e1sra ker\u00fclnek az oktat\u00f3termek, [&hellip;]\" \/>\n<meta property=\"og:url\" content=\"https:\/\/teljeseletert.hu\/it\/projektek\/tamop-5-3-8-a2-13-1-2013-0005\/\" \/>\n<meta property=\"og:site_name\" content=\"Teljes \u00c9let\u00e9rt Nonprofit K\u00f6zhaszn\u00fa Kft.\" \/>\n<meta property=\"article:publisher\" content=\"https:\/\/www.facebook.com\/teljeseletertkft\" \/>\n<meta property=\"article:modified_time\" content=\"2022-05-05T07:32:09+00:00\" \/>\n<meta property=\"og:image\" content=\"https:\/\/teljeseletert.hu\/wp-content\/uploads\/2018\/07\/tamop538-300x210.png\" \/>\n<meta name=\"twitter:card\" content=\"summary_large_image\" \/>\n<meta name=\"twitter:label1\" content=\"Tempo di lettura stimato\" \/>\n\t<meta name=\"twitter:data1\" content=\"5 minuti\" \/>\n<script type=\"application\/ld+json\" class=\"yoast-schema-graph\">{\"@context\":\"https:\/\/schema.org\",\"@graph\":[{\"@type\":\"WebPage\",\"@id\":\"https:\/\/teljeseletert.hu\/projektek\/tamop-5-3-8-a2-13-1-2013-0005\/\",\"url\":\"https:\/\/teljeseletert.hu\/projektek\/tamop-5-3-8-a2-13-1-2013-0005\/\",\"name\":\"T\u00c1MOP-5.3.8.A2-13\/1-2013-0005 - Teljes \u00c9let\u00e9rt Nonprofit K\u00f6zhaszn\u00fa Kft.\",\"isPartOf\":{\"@id\":\"https:\/\/teljeseletert.hu\/hu_hu\/#website\"},\"primaryImageOfPage\":{\"@id\":\"https:\/\/teljeseletert.hu\/projektek\/tamop-5-3-8-a2-13-1-2013-0005\/#primaryimage\"},\"image\":{\"@id\":\"https:\/\/teljeseletert.hu\/projektek\/tamop-5-3-8-a2-13-1-2013-0005\/#primaryimage\"},\"thumbnailUrl\":\"https:\/\/teljeseletert.hu\/wp-content\/uploads\/2018\/07\/tamop538-300x210.png\",\"datePublished\":\"2018-07-23T17:58:21+00:00\",\"dateModified\":\"2022-05-05T07:32:09+00:00\",\"breadcrumb\":{\"@id\":\"https:\/\/teljeseletert.hu\/projektek\/tamop-5-3-8-a2-13-1-2013-0005\/#breadcrumb\"},\"inLanguage\":\"it-IT\",\"potentialAction\":[{\"@type\":\"ReadAction\",\"target\":[\"https:\/\/teljeseletert.hu\/projektek\/tamop-5-3-8-a2-13-1-2013-0005\/\"]}]},{\"@type\":\"ImageObject\",\"inLanguage\":\"it-IT\",\"@id\":\"https:\/\/teljeseletert.hu\/projektek\/tamop-5-3-8-a2-13-1-2013-0005\/#primaryimage\",\"url\":\"https:\/\/teljeseletert.hu\/wp-content\/uploads\/2018\/07\/tamop538-300x210.png\",\"contentUrl\":\"https:\/\/teljeseletert.hu\/wp-content\/uploads\/2018\/07\/tamop538-300x210.png\"},{\"@type\":\"BreadcrumbList\",\"@id\":\"https:\/\/teljeseletert.hu\/projektek\/tamop-5-3-8-a2-13-1-2013-0005\/#breadcrumb\",\"itemListElement\":[{\"@type\":\"ListItem\",\"position\":1,\"name\":\"Kezd\u0151lap\",\"item\":\"https:\/\/teljeseletert.hu\/\"},{\"@type\":\"ListItem\",\"position\":2,\"name\":\"Projektek\",\"item\":\"https:\/\/teljeseletert.hu\/projektek\/\"},{\"@type\":\"ListItem\",\"position\":3,\"name\":\"T\u00c1MOP-5.3.8.A2-13\/1-2013-0005\"}]},{\"@type\":\"WebSite\",\"@id\":\"https:\/\/teljeseletert.hu\/hu_hu\/#website\",\"url\":\"https:\/\/teljeseletert.hu\/hu_hu\/\",\"name\":\"Teljes \u00c9let\u00e9rt Nonprofit Kft.\",\"description\":\"\",\"publisher\":{\"@id\":\"https:\/\/teljeseletert.hu\/hu_hu\/#organization\"},\"potentialAction\":[{\"@type\":\"SearchAction\",\"target\":{\"@type\":\"EntryPoint\",\"urlTemplate\":\"https:\/\/teljeseletert.hu\/hu_hu\/?s={search_term_string}\"},\"query-input\":{\"@type\":\"PropertyValueSpecification\",\"valueRequired\":true,\"valueName\":\"search_term_string\"}}],\"inLanguage\":\"it-IT\"},{\"@type\":\"Organization\",\"@id\":\"https:\/\/teljeseletert.hu\/hu_hu\/#organization\",\"name\":\"\\\"TELJES \u00c9LET\u00c9RT\\\" Nonprofit K\u00f6zhaszn\u00fa Kft.\",\"url\":\"https:\/\/teljeseletert.hu\/hu_hu\/\",\"logo\":{\"@type\":\"ImageObject\",\"inLanguage\":\"it-IT\",\"@id\":\"https:\/\/teljeseletert.hu\/hu_hu\/#\/schema\/logo\/image\/\",\"url\":\"https:\/\/teljeseletert.hu\/wp-content\/uploads\/2021\/01\/105560593_101776101596847_2912691729818324366_o.jpg\",\"contentUrl\":\"https:\/\/teljeseletert.hu\/wp-content\/uploads\/2021\/01\/105560593_101776101596847_2912691729818324366_o.jpg\",\"width\":1061,\"height\":1061,\"caption\":\"\\\"TELJES \u00c9LET\u00c9RT\\\" Nonprofit K\u00f6zhaszn\u00fa Kft.\"},\"image\":{\"@id\":\"https:\/\/teljeseletert.hu\/hu_hu\/#\/schema\/logo\/image\/\"},\"sameAs\":[\"https:\/\/www.facebook.com\/teljeseletertkft\"]}]}<\/script>\n<!-- \/ Yoast SEO plugin. -->","yoast_head_json":{"title":"T\u00c1MOP-5.3.8.A2-13\/1-2013-0005 - Teljes \u00c9let\u00e9rt Nonprofit K\u00f6zhaszn\u00fa Kft.","robots":{"index":"index","follow":"follow","max-snippet":"max-snippet:-1","max-image-preview":"max-image-preview:large","max-video-preview":"max-video-preview:-1"},"canonical":"https:\/\/teljeseletert.hu\/it\/projektek\/tamop-5-3-8-a2-13-1-2013-0005\/","og_locale":"it_IT","og_type":"article","og_title":"T\u00c1MOP-5.3.8.A2-13\/1-2013-0005 - Teljes \u00c9let\u00e9rt Nonprofit K\u00f6zhaszn\u00fa Kft.","og_description":"T\u00c1MOP-5.3.8.A2-13\/1-2013-0005 \u00d6SSZEFOGLAL\u00d3 A PROJEKTR\u0150L A T\u00c1MOP 5.3.8.A2-13\/1-2013-0005 k\u00f3dsz\u00e1m\u00fa p\u00e1ly\u00e1zati projekt keret\u00e9ben a megv\u00e1ltozott munkak\u00e9pess\u00e9g\u0171 munkav\u00e1llal\u00f3ink ny\u00edlt munkaer\u0151piacra t\u00f6rt\u00e9n\u0151 visszavezet\u00e9s\u00e9nek megval\u00f3s\u00edt\u00e1sa \u00e9rdek\u00e9ben k\u00e9szs\u00e9g- \u00e9s kompetenciafejleszt\u0151 Alapvet\u0151 k\u00e9pz\u00e9s lebonyol\u00edt\u00e1s\u00e1t val\u00f3s\u00edtjuk meg. A megv\u00e1ltozott munkak\u00e9pess\u00e9g\u0171 munkat\u00e1rsak kompetencia vizsg\u00e1lata alapj\u00e1n ker\u00fclnek kiv\u00e1laszt\u00e1sra a k\u00e9pz\u00e9sek r\u00e9sztvev\u0151i, \u00e9s ker\u00fclnek meg\u00faj\u00edt\u00e1sra a szem\u00e9lyes rehabilit\u00e1ci\u00f3s tervek. A projekt eredm\u00e9nyek\u00e9pp kialak\u00edt\u00e1sra ker\u00fclnek az oktat\u00f3termek, [&hellip;]","og_url":"https:\/\/teljeseletert.hu\/it\/projektek\/tamop-5-3-8-a2-13-1-2013-0005\/","og_site_name":"Teljes \u00c9let\u00e9rt Nonprofit K\u00f6zhaszn\u00fa Kft.","article_publisher":"https:\/\/www.facebook.com\/teljeseletertkft","article_modified_time":"2022-05-05T07:32:09+00:00","og_image":[{"url":"https:\/\/teljeseletert.hu\/wp-content\/uploads\/2018\/07\/tamop538-300x210.png","type":"","width":"","height":""}],"twitter_card":"summary_large_image","twitter_misc":{"Tempo di lettura stimato":"5 minuti"},"schema":{"@context":"https:\/\/schema.org","@graph":[{"@type":"WebPage","@id":"https:\/\/teljeseletert.hu\/projektek\/tamop-5-3-8-a2-13-1-2013-0005\/","url":"https:\/\/teljeseletert.hu\/projektek\/tamop-5-3-8-a2-13-1-2013-0005\/","name":"T\u00c1MOP-5.3.8.A2-13\/1-2013-0005 - Teljes \u00c9let\u00e9rt Nonprofit K\u00f6zhaszn\u00fa Kft.","isPartOf":{"@id":"https:\/\/teljeseletert.hu\/hu_hu\/#website"},"primaryImageOfPage":{"@id":"https:\/\/teljeseletert.hu\/projektek\/tamop-5-3-8-a2-13-1-2013-0005\/#primaryimage"},"image":{"@id":"https:\/\/teljeseletert.hu\/projektek\/tamop-5-3-8-a2-13-1-2013-0005\/#primaryimage"},"thumbnailUrl":"https:\/\/teljeseletert.hu\/wp-content\/uploads\/2018\/07\/tamop538-300x210.png","datePublished":"2018-07-23T17:58:21+00:00","dateModified":"2022-05-05T07:32:09+00:00","breadcrumb":{"@id":"https:\/\/teljeseletert.hu\/projektek\/tamop-5-3-8-a2-13-1-2013-0005\/#breadcrumb"},"inLanguage":"it-IT","potentialAction":[{"@type":"ReadAction","target":["https:\/\/teljeseletert.hu\/projektek\/tamop-5-3-8-a2-13-1-2013-0005\/"]}]},{"@type":"ImageObject","inLanguage":"it-IT","@id":"https:\/\/teljeseletert.hu\/projektek\/tamop-5-3-8-a2-13-1-2013-0005\/#primaryimage","url":"https:\/\/teljeseletert.hu\/wp-content\/uploads\/2018\/07\/tamop538-300x210.png","contentUrl":"https:\/\/teljeseletert.hu\/wp-content\/uploads\/2018\/07\/tamop538-300x210.png"},{"@type":"BreadcrumbList","@id":"https:\/\/teljeseletert.hu\/projektek\/tamop-5-3-8-a2-13-1-2013-0005\/#breadcrumb","itemListElement":[{"@type":"ListItem","position":1,"name":"Kezd\u0151lap","item":"https:\/\/teljeseletert.hu\/"},{"@type":"ListItem","position":2,"name":"Projektek","item":"https:\/\/teljeseletert.hu\/projektek\/"},{"@type":"ListItem","position":3,"name":"T\u00c1MOP-5.3.8.A2-13\/1-2013-0005"}]},{"@type":"WebSite","@id":"https:\/\/teljeseletert.hu\/hu_hu\/#website","url":"https:\/\/teljeseletert.hu\/hu_hu\/","name":"Teljes \u00c9let\u00e9rt Nonprofit Kft.","description":"","publisher":{"@id":"https:\/\/teljeseletert.hu\/hu_hu\/#organization"},"potentialAction":[{"@type":"SearchAction","target":{"@type":"EntryPoint","urlTemplate":"https:\/\/teljeseletert.hu\/hu_hu\/?s={search_term_string}"},"query-input":{"@type":"PropertyValueSpecification","valueRequired":true,"valueName":"search_term_string"}}],"inLanguage":"it-IT"},{"@type":"Organization","@id":"https:\/\/teljeseletert.hu\/hu_hu\/#organization","name":"\"TELJES \u00c9LET\u00c9RT\" Nonprofit K\u00f6zhaszn\u00fa Kft.","url":"https:\/\/teljeseletert.hu\/hu_hu\/","logo":{"@type":"ImageObject","inLanguage":"it-IT","@id":"https:\/\/teljeseletert.hu\/hu_hu\/#\/schema\/logo\/image\/","url":"https:\/\/teljeseletert.hu\/wp-content\/uploads\/2021\/01\/105560593_101776101596847_2912691729818324366_o.jpg","contentUrl":"https:\/\/teljeseletert.hu\/wp-content\/uploads\/2021\/01\/105560593_101776101596847_2912691729818324366_o.jpg","width":1061,"height":1061,"caption":"\"TELJES \u00c9LET\u00c9RT\" Nonprofit K\u00f6zhaszn\u00fa Kft."},"image":{"@id":"https:\/\/teljeseletert.hu\/hu_hu\/#\/schema\/logo\/image\/"},"sameAs":["https:\/\/www.facebook.com\/teljeseletertkft"]}]}},"_links":{"self":[{"href":"https:\/\/teljeseletert.hu\/it\/wp-json\/wp\/v2\/pages\/168","targetHints":{"allow":["GET"]}}],"collection":[{"href":"https:\/\/teljeseletert.hu\/it\/wp-json\/wp\/v2\/pages"}],"about":[{"href":"https:\/\/teljeseletert.hu\/it\/wp-json\/wp\/v2\/types\/page"}],"author":[{"embeddable":true,"href":"https:\/\/teljeseletert.hu\/it\/wp-json\/wp\/v2\/users\/4"}],"replies":[{"embeddable":true,"href":"https:\/\/teljeseletert.hu\/it\/wp-json\/wp\/v2\/comments?post=168"}],"version-history":[{"count":2,"href":"https:\/\/teljeseletert.hu\/it\/wp-json\/wp\/v2\/pages\/168\/revisions"}],"predecessor-version":[{"id":642,"href":"https:\/\/teljeseletert.hu\/it\/wp-json\/wp\/v2\/pages\/168\/revisions\/642"}],"up":[{"embeddable":true,"href":"https:\/\/teljeseletert.hu\/it\/wp-json\/wp\/v2\/pages\/36"}],"wp:attachment":[{"href":"https:\/\/teljeseletert.hu\/it\/wp-json\/wp\/v2\/media?parent=168"}],"curies":[{"name":"wp","href":"https:\/\/api.w.org\/{rel}","templated":true}]}}