{"id":60,"date":"2018-07-09T10:35:32","date_gmt":"2018-07-09T10:35:32","guid":{"rendered":"http:\/\/teljeseletert.hu\/?page_id=60"},"modified":"2025-03-04T12:59:52","modified_gmt":"2025-03-04T12:59:52","slug":"szolgaltatasaink","status":"publish","type":"page","link":"https:\/\/teljeseletert.hu\/hu_hu\/szolgaltatasaink\/","title":{"rendered":"Szolg\u00e1ltat\u00e1saink"},"content":{"rendered":"<p>&nbsp;<\/p>\n<p style=\"text-align: center;\"><strong>Szolg\u00e1ltat\u00e1saink Rehabilit\u00e1ci\u00f3s mentoraink k\u00f6zrem\u0171k\u00f6d\u00e9s\u00e9vel vehet\u0151k ig\u00e9nybe:<\/strong><br \/>\n\uf0d8 telefonos el\u00e9rhet\u0151s\u00e9g: <a href=\"tel:+36302491027\">06-30\/249-1027<\/a><br \/>\n\uf0d8 e-mail: <a href=\"mailto:rehab@teljeseletert.hu\">rehab@teljeseletert.hu<\/a><br \/>\n\uf0d8 <a href=\"https:\/\/www.facebook.com\/teljeseletertkft\">hivatalos facebook oldalunkon kereszt\u00fcl<\/a><\/p>\n<p style=\"text-align: left;\">Az adatokat \u00e9s dokumentumokat munkat\u00e1rsaink bizalmasan kezelik, az Eur\u00f3pai Parlament \u00e9s Tan\u00e1cs 2016\/679 rendelete (2016.IV.27.) alapj\u00e1n a munk\u00e1ltat\u00f3 \u00e1ltal k\u00e9sz\u00edtett Adatkezel\u00e9si Szab\u00e1lyzatban foglaltaknak megfelel\u0151en.<\/p>\n<p style=\"text-align: center;\"><strong>Seg\u00edt\u0151 szolg\u00e1ltat\u00e1sok:<\/strong><\/p>\n<p style=\"text-align: left;\">A megv\u00e1ltozott munkak\u00e9pess\u00e9g\u0171 munkav\u00e1llal\u00f3k k\u00e9pess\u00e9geivel el\u00e9rhet\u0151 legmagasabb szint\u0171 foglalkoztat\u00e1s megval\u00f3s\u00edt\u00e1sa \u00e9rdek\u00e9ben biztos\u00edtjuk az al\u00e1bbi seg\u00edt\u0151 szolg\u00e1ltat\u00e1sok ig\u00e9nybev\u00e9tel\u00e9nek lehet\u0151s\u00e9g\u00e9t:<\/p>\n<p style=\"text-align: left;\">&#8211; munkaer\u0151-piaci inform\u00e1ci\u00f3 ny\u00fajt\u00e1sa<strong>*<\/strong>,<br \/>\n&#8211; munkatan\u00e1csad\u00e1s<strong>*<\/strong>,<br \/>\n&#8211; p\u00e1lyatan\u00e1csad\u00e1s<strong>*<\/strong>,<br \/>\n&#8211; rehabilit\u00e1ci\u00f3s tan\u00e1csad\u00e1s,<br \/>\n&#8211; pszichol\u00f3giai tan\u00e1csad\u00e1s.<br \/>\n&#8211; \u00e9letvezet\u00e9si tan\u00e1csad\u00e1s<strong>*<\/strong>,<br \/>\n&#8211; jogseg\u00e9lyszolg\u00e1lat<strong>*<\/strong>,<br \/>\n&#8211; csal\u00e1dgondoz\u00e1s,<br \/>\n&#8211; szoci\u00e1lis \u00fcgyint\u00e9z\u00e9s<strong>*<\/strong>.<\/p>\n<p>&nbsp;<\/p>\n<p>A *-gal megjel\u00f6lt seg\u00edt\u0151 szolg\u00e1ltat\u00e1sokat a t\u00e1rsas\u00e1gunkkal munkaviszonyban nem \u00e1ll\u00f3 szem\u00e9lyek, a J\u00e1sz- Nagykun- Szolnok V\u00e1rmegyei Korm\u00e1nyhivatallal t\u00e1rsadalmi k\u00f6zsz\u00fcks\u00e9glet kiel\u00e9g\u00edt\u00e9s\u00e9re k\u00f6t\u00f6tt egy\u00fcttm\u0171k\u00f6d\u00e9si meg\u00e1llapod\u00e1sban foglaltaknak megfelel\u0151en, a Foglalkoztat\u00e1si, Foglalkoztat\u00e1s-fel\u00fcgyeleti \u00e9s Munkav\u00e9delmi F\u0151oszt\u00e1ly megkeres\u00e9se alapj\u00e1n vehetik ig\u00e9nybe.<\/p>\n","protected":false},"excerpt":{"rendered":"<p>&nbsp; Szolg\u00e1ltat\u00e1saink Rehabilit\u00e1ci\u00f3s mentoraink k\u00f6zrem\u0171k\u00f6d\u00e9s\u00e9vel vehet\u0151k ig\u00e9nybe: \uf0d8 telefonos el\u00e9rhet\u0151s\u00e9g: 06-30\/249-1027 \uf0d8 e-mail: rehab@teljeseletert.hu \uf0d8 hivatalos facebook oldalunkon kereszt\u00fcl Az adatokat \u00e9s dokumentumokat munkat\u00e1rsaink bizalmasan kezelik, az Eur\u00f3pai Parlament \u00e9s Tan\u00e1cs 2016\/679 rendelete (2016.IV.27.) alapj\u00e1n a munk\u00e1ltat\u00f3 \u00e1ltal k\u00e9sz\u00edtett Adatkezel\u00e9si Szab\u00e1lyzatban foglaltaknak megfelel\u0151en. Seg\u00edt\u0151 szolg\u00e1ltat\u00e1sok: A megv\u00e1ltozott munkak\u00e9pess\u00e9g\u0171 munkav\u00e1llal\u00f3k k\u00e9pess\u00e9geivel el\u00e9rhet\u0151 legmagasabb szint\u0171 foglalkoztat\u00e1s megval\u00f3s\u00edt\u00e1sa [&hellip;]<\/p>\n","protected":false},"author":4,"featured_media":0,"parent":0,"menu_order":0,"comment_status":"closed","ping_status":"closed","template":"","meta":{"footnotes":""},"class_list":["post-60","page","type-page","status-publish","hentry"],"yoast_head":"<!-- This site is optimized with the Yoast SEO plugin v26.6 - https:\/\/yoast.com\/wordpress\/plugins\/seo\/ -->\n<title>Szolg\u00e1ltat\u00e1saink - Teljes \u00c9let\u00e9rt Nonprofit K\u00f6zhaszn\u00fa Kft.<\/title>\n<meta name=\"robots\" content=\"index, follow, max-snippet:-1, max-image-preview:large, max-video-preview:-1\" \/>\n<link rel=\"canonical\" href=\"https:\/\/teljeseletert.hu\/hu_hu\/szolgaltatasaink\/\" \/>\n<meta property=\"og:locale\" content=\"hu_HU\" \/>\n<meta property=\"og:type\" content=\"article\" \/>\n<meta property=\"og:title\" content=\"Szolg\u00e1ltat\u00e1saink - Teljes \u00c9let\u00e9rt Nonprofit K\u00f6zhaszn\u00fa Kft.\" \/>\n<meta property=\"og:description\" content=\"&nbsp; Szolg\u00e1ltat\u00e1saink Rehabilit\u00e1ci\u00f3s mentoraink k\u00f6zrem\u0171k\u00f6d\u00e9s\u00e9vel vehet\u0151k ig\u00e9nybe: \uf0d8 telefonos el\u00e9rhet\u0151s\u00e9g: 06-30\/249-1027 \uf0d8 e-mail: rehab@teljeseletert.hu \uf0d8 hivatalos facebook oldalunkon kereszt\u00fcl Az adatokat \u00e9s dokumentumokat munkat\u00e1rsaink bizalmasan kezelik, az Eur\u00f3pai Parlament \u00e9s Tan\u00e1cs 2016\/679 rendelete (2016.IV.27.) alapj\u00e1n a munk\u00e1ltat\u00f3 \u00e1ltal k\u00e9sz\u00edtett Adatkezel\u00e9si Szab\u00e1lyzatban foglaltaknak megfelel\u0151en. Seg\u00edt\u0151 szolg\u00e1ltat\u00e1sok: A megv\u00e1ltozott munkak\u00e9pess\u00e9g\u0171 munkav\u00e1llal\u00f3k k\u00e9pess\u00e9geivel el\u00e9rhet\u0151 legmagasabb szint\u0171 foglalkoztat\u00e1s megval\u00f3s\u00edt\u00e1sa [&hellip;]\" \/>\n<meta property=\"og:url\" content=\"https:\/\/teljeseletert.hu\/hu_hu\/szolgaltatasaink\/\" \/>\n<meta property=\"og:site_name\" content=\"Teljes \u00c9let\u00e9rt Nonprofit K\u00f6zhaszn\u00fa Kft.\" \/>\n<meta property=\"article:publisher\" content=\"https:\/\/www.facebook.com\/teljeseletertkft\" \/>\n<meta property=\"article:modified_time\" content=\"2025-03-04T12:59:52+00:00\" \/>\n<meta name=\"twitter:card\" content=\"summary_large_image\" \/>\n<meta name=\"twitter:label1\" content=\"Becs\u00fclt olvas\u00e1si id\u0151\" \/>\n\t<meta name=\"twitter:data1\" content=\"1 perc\" \/>\n<script type=\"application\/ld+json\" class=\"yoast-schema-graph\">{\"@context\":\"https:\/\/schema.org\",\"@graph\":[{\"@type\":\"WebPage\",\"@id\":\"https:\/\/teljeseletert.hu\/szolgaltatasaink\/\",\"url\":\"https:\/\/teljeseletert.hu\/szolgaltatasaink\/\",\"name\":\"Szolg\u00e1ltat\u00e1saink - Teljes \u00c9let\u00e9rt Nonprofit K\u00f6zhaszn\u00fa Kft.\",\"isPartOf\":{\"@id\":\"https:\/\/teljeseletert.hu\/hu_hu\/#website\"},\"datePublished\":\"2018-07-09T10:35:32+00:00\",\"dateModified\":\"2025-03-04T12:59:52+00:00\",\"breadcrumb\":{\"@id\":\"https:\/\/teljeseletert.hu\/szolgaltatasaink\/#breadcrumb\"},\"inLanguage\":\"hu\",\"potentialAction\":[{\"@type\":\"ReadAction\",\"target\":[\"https:\/\/teljeseletert.hu\/szolgaltatasaink\/\"]}]},{\"@type\":\"BreadcrumbList\",\"@id\":\"https:\/\/teljeseletert.hu\/szolgaltatasaink\/#breadcrumb\",\"itemListElement\":[{\"@type\":\"ListItem\",\"position\":1,\"name\":\"Kezd\u0151lap\",\"item\":\"https:\/\/teljeseletert.hu\/\"},{\"@type\":\"ListItem\",\"position\":2,\"name\":\"Szolg\u00e1ltat\u00e1saink\"}]},{\"@type\":\"WebSite\",\"@id\":\"https:\/\/teljeseletert.hu\/hu_hu\/#website\",\"url\":\"https:\/\/teljeseletert.hu\/hu_hu\/\",\"name\":\"Teljes \u00c9let\u00e9rt Nonprofit Kft.\",\"description\":\"\",\"publisher\":{\"@id\":\"https:\/\/teljeseletert.hu\/hu_hu\/#organization\"},\"potentialAction\":[{\"@type\":\"SearchAction\",\"target\":{\"@type\":\"EntryPoint\",\"urlTemplate\":\"https:\/\/teljeseletert.hu\/hu_hu\/?s={search_term_string}\"},\"query-input\":{\"@type\":\"PropertyValueSpecification\",\"valueRequired\":true,\"valueName\":\"search_term_string\"}}],\"inLanguage\":\"hu\"},{\"@type\":\"Organization\",\"@id\":\"https:\/\/teljeseletert.hu\/hu_hu\/#organization\",\"name\":\"\\\"TELJES \u00c9LET\u00c9RT\\\" Nonprofit K\u00f6zhaszn\u00fa Kft.\",\"url\":\"https:\/\/teljeseletert.hu\/hu_hu\/\",\"logo\":{\"@type\":\"ImageObject\",\"inLanguage\":\"hu\",\"@id\":\"https:\/\/teljeseletert.hu\/hu_hu\/#\/schema\/logo\/image\/\",\"url\":\"https:\/\/teljeseletert.hu\/wp-content\/uploads\/2021\/01\/105560593_101776101596847_2912691729818324366_o.jpg\",\"contentUrl\":\"https:\/\/teljeseletert.hu\/wp-content\/uploads\/2021\/01\/105560593_101776101596847_2912691729818324366_o.jpg\",\"width\":1061,\"height\":1061,\"caption\":\"\\\"TELJES \u00c9LET\u00c9RT\\\" Nonprofit K\u00f6zhaszn\u00fa Kft.\"},\"image\":{\"@id\":\"https:\/\/teljeseletert.hu\/hu_hu\/#\/schema\/logo\/image\/\"},\"sameAs\":[\"https:\/\/www.facebook.com\/teljeseletertkft\"]}]}<\/script>\n<!-- \/ Yoast SEO plugin. -->","yoast_head_json":{"title":"Szolg\u00e1ltat\u00e1saink - Teljes \u00c9let\u00e9rt Nonprofit K\u00f6zhaszn\u00fa Kft.","robots":{"index":"index","follow":"follow","max-snippet":"max-snippet:-1","max-image-preview":"max-image-preview:large","max-video-preview":"max-video-preview:-1"},"canonical":"https:\/\/teljeseletert.hu\/hu_hu\/szolgaltatasaink\/","og_locale":"hu_HU","og_type":"article","og_title":"Szolg\u00e1ltat\u00e1saink - Teljes \u00c9let\u00e9rt Nonprofit K\u00f6zhaszn\u00fa Kft.","og_description":"&nbsp; Szolg\u00e1ltat\u00e1saink Rehabilit\u00e1ci\u00f3s mentoraink k\u00f6zrem\u0171k\u00f6d\u00e9s\u00e9vel vehet\u0151k ig\u00e9nybe: \uf0d8 telefonos el\u00e9rhet\u0151s\u00e9g: 06-30\/249-1027 \uf0d8 e-mail: rehab@teljeseletert.hu \uf0d8 hivatalos facebook oldalunkon kereszt\u00fcl Az adatokat \u00e9s dokumentumokat munkat\u00e1rsaink bizalmasan kezelik, az Eur\u00f3pai Parlament \u00e9s Tan\u00e1cs 2016\/679 rendelete (2016.IV.27.) alapj\u00e1n a munk\u00e1ltat\u00f3 \u00e1ltal k\u00e9sz\u00edtett Adatkezel\u00e9si Szab\u00e1lyzatban foglaltaknak megfelel\u0151en. Seg\u00edt\u0151 szolg\u00e1ltat\u00e1sok: A megv\u00e1ltozott munkak\u00e9pess\u00e9g\u0171 munkav\u00e1llal\u00f3k k\u00e9pess\u00e9geivel el\u00e9rhet\u0151 legmagasabb szint\u0171 foglalkoztat\u00e1s megval\u00f3s\u00edt\u00e1sa [&hellip;]","og_url":"https:\/\/teljeseletert.hu\/hu_hu\/szolgaltatasaink\/","og_site_name":"Teljes \u00c9let\u00e9rt Nonprofit K\u00f6zhaszn\u00fa Kft.","article_publisher":"https:\/\/www.facebook.com\/teljeseletertkft","article_modified_time":"2025-03-04T12:59:52+00:00","twitter_card":"summary_large_image","twitter_misc":{"Becs\u00fclt olvas\u00e1si id\u0151":"1 perc"},"schema":{"@context":"https:\/\/schema.org","@graph":[{"@type":"WebPage","@id":"https:\/\/teljeseletert.hu\/szolgaltatasaink\/","url":"https:\/\/teljeseletert.hu\/szolgaltatasaink\/","name":"Szolg\u00e1ltat\u00e1saink - Teljes \u00c9let\u00e9rt Nonprofit K\u00f6zhaszn\u00fa Kft.","isPartOf":{"@id":"https:\/\/teljeseletert.hu\/hu_hu\/#website"},"datePublished":"2018-07-09T10:35:32+00:00","dateModified":"2025-03-04T12:59:52+00:00","breadcrumb":{"@id":"https:\/\/teljeseletert.hu\/szolgaltatasaink\/#breadcrumb"},"inLanguage":"hu","potentialAction":[{"@type":"ReadAction","target":["https:\/\/teljeseletert.hu\/szolgaltatasaink\/"]}]},{"@type":"BreadcrumbList","@id":"https:\/\/teljeseletert.hu\/szolgaltatasaink\/#breadcrumb","itemListElement":[{"@type":"ListItem","position":1,"name":"Kezd\u0151lap","item":"https:\/\/teljeseletert.hu\/"},{"@type":"ListItem","position":2,"name":"Szolg\u00e1ltat\u00e1saink"}]},{"@type":"WebSite","@id":"https:\/\/teljeseletert.hu\/hu_hu\/#website","url":"https:\/\/teljeseletert.hu\/hu_hu\/","name":"Teljes \u00c9let\u00e9rt Nonprofit Kft.","description":"","publisher":{"@id":"https:\/\/teljeseletert.hu\/hu_hu\/#organization"},"potentialAction":[{"@type":"SearchAction","target":{"@type":"EntryPoint","urlTemplate":"https:\/\/teljeseletert.hu\/hu_hu\/?s={search_term_string}"},"query-input":{"@type":"PropertyValueSpecification","valueRequired":true,"valueName":"search_term_string"}}],"inLanguage":"hu"},{"@type":"Organization","@id":"https:\/\/teljeseletert.hu\/hu_hu\/#organization","name":"\"TELJES \u00c9LET\u00c9RT\" Nonprofit K\u00f6zhaszn\u00fa Kft.","url":"https:\/\/teljeseletert.hu\/hu_hu\/","logo":{"@type":"ImageObject","inLanguage":"hu","@id":"https:\/\/teljeseletert.hu\/hu_hu\/#\/schema\/logo\/image\/","url":"https:\/\/teljeseletert.hu\/wp-content\/uploads\/2021\/01\/105560593_101776101596847_2912691729818324366_o.jpg","contentUrl":"https:\/\/teljeseletert.hu\/wp-content\/uploads\/2021\/01\/105560593_101776101596847_2912691729818324366_o.jpg","width":1061,"height":1061,"caption":"\"TELJES \u00c9LET\u00c9RT\" Nonprofit K\u00f6zhaszn\u00fa Kft."},"image":{"@id":"https:\/\/teljeseletert.hu\/hu_hu\/#\/schema\/logo\/image\/"},"sameAs":["https:\/\/www.facebook.com\/teljeseletertkft"]}]}},"_links":{"self":[{"href":"https:\/\/teljeseletert.hu\/hu_hu\/wp-json\/wp\/v2\/pages\/60","targetHints":{"allow":["GET"]}}],"collection":[{"href":"https:\/\/teljeseletert.hu\/hu_hu\/wp-json\/wp\/v2\/pages"}],"about":[{"href":"https:\/\/teljeseletert.hu\/hu_hu\/wp-json\/wp\/v2\/types\/page"}],"author":[{"embeddable":true,"href":"https:\/\/teljeseletert.hu\/hu_hu\/wp-json\/wp\/v2\/users\/4"}],"replies":[{"embeddable":true,"href":"https:\/\/teljeseletert.hu\/hu_hu\/wp-json\/wp\/v2\/comments?post=60"}],"version-history":[{"count":10,"href":"https:\/\/teljeseletert.hu\/hu_hu\/wp-json\/wp\/v2\/pages\/60\/revisions"}],"predecessor-version":[{"id":899,"href":"https:\/\/teljeseletert.hu\/hu_hu\/wp-json\/wp\/v2\/pages\/60\/revisions\/899"}],"wp:attachment":[{"href":"https:\/\/teljeseletert.hu\/hu_hu\/wp-json\/wp\/v2\/media?parent=60"}],"curies":[{"name":"wp","href":"https:\/\/api.w.org\/{rel}","templated":true}]}}