{"id":58,"date":"2018-07-09T10:35:11","date_gmt":"2018-07-09T10:35:11","guid":{"rendered":"http:\/\/teljeseletert.hu\/?page_id=58"},"modified":"2022-05-06T06:56:01","modified_gmt":"2022-05-06T06:56:01","slug":"minosegiranyitas","status":"publish","type":"page","link":"https:\/\/teljeseletert.hu\/hu_hu\/minosegiranyitas\/","title":{"rendered":"Min\u0151s\u00e9gir\u00e1ny\u00edt\u00e1s"},"content":{"rendered":"<p>&nbsp;<\/p>\n<h2 style=\"text-align: center;\">Tan\u00fas\u00edtv\u00e1nyaink<\/h2>\n<p><a href=\"https:\/\/teljeseletert.hu\/wp-content\/uploads\/2022\/05\/3811-01-09-Tanus_EMT_ISO-9001_2015_Magyar.pdf\"><img loading=\"lazy\" decoding=\"async\" class=\"wp-image-653 aligncenter\" src=\"https:\/\/teljeseletert.hu\/wp-content\/uploads\/2022\/05\/3811-01-09-Tanus_EMT_ISO-9001_2015_Magyar.jpg\" alt=\"\" width=\"678\" height=\"959\" srcset=\"https:\/\/teljeseletert.hu\/wp-content\/uploads\/2022\/05\/3811-01-09-Tanus_EMT_ISO-9001_2015_Magyar.jpg 1654w, https:\/\/teljeseletert.hu\/wp-content\/uploads\/2022\/05\/3811-01-09-Tanus_EMT_ISO-9001_2015_Magyar-212x300.jpg 212w, https:\/\/teljeseletert.hu\/wp-content\/uploads\/2022\/05\/3811-01-09-Tanus_EMT_ISO-9001_2015_Magyar-724x1024.jpg 724w, https:\/\/teljeseletert.hu\/wp-content\/uploads\/2022\/05\/3811-01-09-Tanus_EMT_ISO-9001_2015_Magyar-768x1086.jpg 768w, https:\/\/teljeseletert.hu\/wp-content\/uploads\/2022\/05\/3811-01-09-Tanus_EMT_ISO-9001_2015_Magyar-1086x1536.jpg 1086w, https:\/\/teljeseletert.hu\/wp-content\/uploads\/2022\/05\/3811-01-09-Tanus_EMT_ISO-9001_2015_Magyar-1448x2048.jpg 1448w, https:\/\/teljeseletert.hu\/wp-content\/uploads\/2022\/05\/3811-01-09-Tanus_EMT_ISO-9001_2015_Magyar-8x12.jpg 8w\" sizes=\"auto, (max-width: 678px) 100vw, 678px\" \/><\/a><a href=\"https:\/\/teljeseletert.hu\/wp-content\/uploads\/2022\/05\/3811-01-09-Tanus_NQA_ISO-9001_2015_Magyar.pdf\"><img loading=\"lazy\" decoding=\"async\" class=\" wp-image-655 aligncenter\" src=\"https:\/\/teljeseletert.hu\/wp-content\/uploads\/2022\/05\/3811-01-09-Tanus_NQA_ISO-9001_2015_Magyar.jpg\" alt=\"\" width=\"678\" height=\"959\" srcset=\"https:\/\/teljeseletert.hu\/wp-content\/uploads\/2022\/05\/3811-01-09-Tanus_NQA_ISO-9001_2015_Magyar.jpg 1654w, https:\/\/teljeseletert.hu\/wp-content\/uploads\/2022\/05\/3811-01-09-Tanus_NQA_ISO-9001_2015_Magyar-212x300.jpg 212w, https:\/\/teljeseletert.hu\/wp-content\/uploads\/2022\/05\/3811-01-09-Tanus_NQA_ISO-9001_2015_Magyar-724x1024.jpg 724w, https:\/\/teljeseletert.hu\/wp-content\/uploads\/2022\/05\/3811-01-09-Tanus_NQA_ISO-9001_2015_Magyar-768x1086.jpg 768w, https:\/\/teljeseletert.hu\/wp-content\/uploads\/2022\/05\/3811-01-09-Tanus_NQA_ISO-9001_2015_Magyar-1087x1536.jpg 1087w, https:\/\/teljeseletert.hu\/wp-content\/uploads\/2022\/05\/3811-01-09-Tanus_NQA_ISO-9001_2015_Magyar-1449x2048.jpg 1449w, https:\/\/teljeseletert.hu\/wp-content\/uploads\/2022\/05\/3811-01-09-Tanus_NQA_ISO-9001_2015_Magyar-8x12.jpg 8w\" sizes=\"auto, (max-width: 678px) 100vw, 678px\" \/><\/a><\/p>\n<p>&nbsp;<\/p>\n","protected":false},"excerpt":{"rendered":"<p>&nbsp; Tan\u00fas\u00edtv\u00e1nyaink &nbsp;<\/p>\n","protected":false},"author":4,"featured_media":0,"parent":0,"menu_order":0,"comment_status":"closed","ping_status":"closed","template":"","meta":{"footnotes":""},"class_list":["post-58","page","type-page","status-publish","hentry"],"yoast_head":"<!-- This site is optimized with the Yoast SEO plugin v26.6 - https:\/\/yoast.com\/wordpress\/plugins\/seo\/ -->\n<title>Min\u0151s\u00e9gir\u00e1ny\u00edt\u00e1s - Teljes \u00c9let\u00e9rt Nonprofit K\u00f6zhaszn\u00fa Kft.<\/title>\n<meta name=\"robots\" content=\"index, follow, max-snippet:-1, max-image-preview:large, max-video-preview:-1\" \/>\n<link rel=\"canonical\" href=\"https:\/\/teljeseletert.hu\/hu_hu\/minosegiranyitas\/\" \/>\n<meta property=\"og:locale\" content=\"hu_HU\" \/>\n<meta property=\"og:type\" content=\"article\" \/>\n<meta property=\"og:title\" content=\"Min\u0151s\u00e9gir\u00e1ny\u00edt\u00e1s - Teljes \u00c9let\u00e9rt Nonprofit K\u00f6zhaszn\u00fa Kft.\" \/>\n<meta property=\"og:description\" content=\"&nbsp; Tan\u00fas\u00edtv\u00e1nyaink &nbsp;\" \/>\n<meta property=\"og:url\" content=\"https:\/\/teljeseletert.hu\/hu_hu\/minosegiranyitas\/\" \/>\n<meta property=\"og:site_name\" content=\"Teljes \u00c9let\u00e9rt Nonprofit K\u00f6zhaszn\u00fa Kft.\" \/>\n<meta property=\"article:publisher\" content=\"https:\/\/www.facebook.com\/teljeseletertkft\" \/>\n<meta property=\"article:modified_time\" content=\"2022-05-06T06:56:01+00:00\" \/>\n<meta property=\"og:image\" content=\"https:\/\/teljeseletert.hu\/wp-content\/uploads\/2022\/05\/3811-01-09-Tanus_EMT_ISO-9001_2015_Magyar.jpg\" \/>\n<meta name=\"twitter:card\" content=\"summary_large_image\" \/>\n<meta name=\"twitter:label1\" content=\"Becs\u00fclt olvas\u00e1si id\u0151\" \/>\n\t<meta name=\"twitter:data1\" content=\"1 perc\" \/>\n<script type=\"application\/ld+json\" class=\"yoast-schema-graph\">{\"@context\":\"https:\/\/schema.org\",\"@graph\":[{\"@type\":\"WebPage\",\"@id\":\"https:\/\/teljeseletert.hu\/minosegiranyitas\/\",\"url\":\"https:\/\/teljeseletert.hu\/minosegiranyitas\/\",\"name\":\"Min\u0151s\u00e9gir\u00e1ny\u00edt\u00e1s - Teljes \u00c9let\u00e9rt Nonprofit K\u00f6zhaszn\u00fa Kft.\",\"isPartOf\":{\"@id\":\"https:\/\/teljeseletert.hu\/hu_hu\/#website\"},\"primaryImageOfPage\":{\"@id\":\"https:\/\/teljeseletert.hu\/minosegiranyitas\/#primaryimage\"},\"image\":{\"@id\":\"https:\/\/teljeseletert.hu\/minosegiranyitas\/#primaryimage\"},\"thumbnailUrl\":\"https:\/\/teljeseletert.hu\/wp-content\/uploads\/2022\/05\/3811-01-09-Tanus_EMT_ISO-9001_2015_Magyar.jpg\",\"datePublished\":\"2018-07-09T10:35:11+00:00\",\"dateModified\":\"2022-05-06T06:56:01+00:00\",\"breadcrumb\":{\"@id\":\"https:\/\/teljeseletert.hu\/minosegiranyitas\/#breadcrumb\"},\"inLanguage\":\"hu\",\"potentialAction\":[{\"@type\":\"ReadAction\",\"target\":[\"https:\/\/teljeseletert.hu\/minosegiranyitas\/\"]}]},{\"@type\":\"ImageObject\",\"inLanguage\":\"hu\",\"@id\":\"https:\/\/teljeseletert.hu\/minosegiranyitas\/#primaryimage\",\"url\":\"https:\/\/teljeseletert.hu\/wp-content\/uploads\/2022\/05\/3811-01-09-Tanus_EMT_ISO-9001_2015_Magyar.jpg\",\"contentUrl\":\"https:\/\/teljeseletert.hu\/wp-content\/uploads\/2022\/05\/3811-01-09-Tanus_EMT_ISO-9001_2015_Magyar.jpg\"},{\"@type\":\"BreadcrumbList\",\"@id\":\"https:\/\/teljeseletert.hu\/minosegiranyitas\/#breadcrumb\",\"itemListElement\":[{\"@type\":\"ListItem\",\"position\":1,\"name\":\"Kezd\u0151lap\",\"item\":\"https:\/\/teljeseletert.hu\/\"},{\"@type\":\"ListItem\",\"position\":2,\"name\":\"Min\u0151s\u00e9gir\u00e1ny\u00edt\u00e1s\"}]},{\"@type\":\"WebSite\",\"@id\":\"https:\/\/teljeseletert.hu\/hu_hu\/#website\",\"url\":\"https:\/\/teljeseletert.hu\/hu_hu\/\",\"name\":\"Teljes \u00c9let\u00e9rt Nonprofit Kft.\",\"description\":\"\",\"publisher\":{\"@id\":\"https:\/\/teljeseletert.hu\/hu_hu\/#organization\"},\"potentialAction\":[{\"@type\":\"SearchAction\",\"target\":{\"@type\":\"EntryPoint\",\"urlTemplate\":\"https:\/\/teljeseletert.hu\/hu_hu\/?s={search_term_string}\"},\"query-input\":{\"@type\":\"PropertyValueSpecification\",\"valueRequired\":true,\"valueName\":\"search_term_string\"}}],\"inLanguage\":\"hu\"},{\"@type\":\"Organization\",\"@id\":\"https:\/\/teljeseletert.hu\/hu_hu\/#organization\",\"name\":\"\\\"TELJES \u00c9LET\u00c9RT\\\" Nonprofit K\u00f6zhaszn\u00fa Kft.\",\"url\":\"https:\/\/teljeseletert.hu\/hu_hu\/\",\"logo\":{\"@type\":\"ImageObject\",\"inLanguage\":\"hu\",\"@id\":\"https:\/\/teljeseletert.hu\/hu_hu\/#\/schema\/logo\/image\/\",\"url\":\"https:\/\/teljeseletert.hu\/wp-content\/uploads\/2021\/01\/105560593_101776101596847_2912691729818324366_o.jpg\",\"contentUrl\":\"https:\/\/teljeseletert.hu\/wp-content\/uploads\/2021\/01\/105560593_101776101596847_2912691729818324366_o.jpg\",\"width\":1061,\"height\":1061,\"caption\":\"\\\"TELJES \u00c9LET\u00c9RT\\\" Nonprofit K\u00f6zhaszn\u00fa Kft.\"},\"image\":{\"@id\":\"https:\/\/teljeseletert.hu\/hu_hu\/#\/schema\/logo\/image\/\"},\"sameAs\":[\"https:\/\/www.facebook.com\/teljeseletertkft\"]}]}<\/script>\n<!-- \/ Yoast SEO plugin. -->","yoast_head_json":{"title":"Min\u0151s\u00e9gir\u00e1ny\u00edt\u00e1s - Teljes \u00c9let\u00e9rt Nonprofit K\u00f6zhaszn\u00fa Kft.","robots":{"index":"index","follow":"follow","max-snippet":"max-snippet:-1","max-image-preview":"max-image-preview:large","max-video-preview":"max-video-preview:-1"},"canonical":"https:\/\/teljeseletert.hu\/hu_hu\/minosegiranyitas\/","og_locale":"hu_HU","og_type":"article","og_title":"Min\u0151s\u00e9gir\u00e1ny\u00edt\u00e1s - Teljes \u00c9let\u00e9rt Nonprofit K\u00f6zhaszn\u00fa Kft.","og_description":"&nbsp; Tan\u00fas\u00edtv\u00e1nyaink &nbsp;","og_url":"https:\/\/teljeseletert.hu\/hu_hu\/minosegiranyitas\/","og_site_name":"Teljes \u00c9let\u00e9rt Nonprofit K\u00f6zhaszn\u00fa Kft.","article_publisher":"https:\/\/www.facebook.com\/teljeseletertkft","article_modified_time":"2022-05-06T06:56:01+00:00","og_image":[{"url":"https:\/\/teljeseletert.hu\/wp-content\/uploads\/2022\/05\/3811-01-09-Tanus_EMT_ISO-9001_2015_Magyar.jpg","type":"","width":"","height":""}],"twitter_card":"summary_large_image","twitter_misc":{"Becs\u00fclt olvas\u00e1si id\u0151":"1 perc"},"schema":{"@context":"https:\/\/schema.org","@graph":[{"@type":"WebPage","@id":"https:\/\/teljeseletert.hu\/minosegiranyitas\/","url":"https:\/\/teljeseletert.hu\/minosegiranyitas\/","name":"Min\u0151s\u00e9gir\u00e1ny\u00edt\u00e1s - Teljes \u00c9let\u00e9rt Nonprofit K\u00f6zhaszn\u00fa Kft.","isPartOf":{"@id":"https:\/\/teljeseletert.hu\/hu_hu\/#website"},"primaryImageOfPage":{"@id":"https:\/\/teljeseletert.hu\/minosegiranyitas\/#primaryimage"},"image":{"@id":"https:\/\/teljeseletert.hu\/minosegiranyitas\/#primaryimage"},"thumbnailUrl":"https:\/\/teljeseletert.hu\/wp-content\/uploads\/2022\/05\/3811-01-09-Tanus_EMT_ISO-9001_2015_Magyar.jpg","datePublished":"2018-07-09T10:35:11+00:00","dateModified":"2022-05-06T06:56:01+00:00","breadcrumb":{"@id":"https:\/\/teljeseletert.hu\/minosegiranyitas\/#breadcrumb"},"inLanguage":"hu","potentialAction":[{"@type":"ReadAction","target":["https:\/\/teljeseletert.hu\/minosegiranyitas\/"]}]},{"@type":"ImageObject","inLanguage":"hu","@id":"https:\/\/teljeseletert.hu\/minosegiranyitas\/#primaryimage","url":"https:\/\/teljeseletert.hu\/wp-content\/uploads\/2022\/05\/3811-01-09-Tanus_EMT_ISO-9001_2015_Magyar.jpg","contentUrl":"https:\/\/teljeseletert.hu\/wp-content\/uploads\/2022\/05\/3811-01-09-Tanus_EMT_ISO-9001_2015_Magyar.jpg"},{"@type":"BreadcrumbList","@id":"https:\/\/teljeseletert.hu\/minosegiranyitas\/#breadcrumb","itemListElement":[{"@type":"ListItem","position":1,"name":"Kezd\u0151lap","item":"https:\/\/teljeseletert.hu\/"},{"@type":"ListItem","position":2,"name":"Min\u0151s\u00e9gir\u00e1ny\u00edt\u00e1s"}]},{"@type":"WebSite","@id":"https:\/\/teljeseletert.hu\/hu_hu\/#website","url":"https:\/\/teljeseletert.hu\/hu_hu\/","name":"Teljes \u00c9let\u00e9rt Nonprofit Kft.","description":"","publisher":{"@id":"https:\/\/teljeseletert.hu\/hu_hu\/#organization"},"potentialAction":[{"@type":"SearchAction","target":{"@type":"EntryPoint","urlTemplate":"https:\/\/teljeseletert.hu\/hu_hu\/?s={search_term_string}"},"query-input":{"@type":"PropertyValueSpecification","valueRequired":true,"valueName":"search_term_string"}}],"inLanguage":"hu"},{"@type":"Organization","@id":"https:\/\/teljeseletert.hu\/hu_hu\/#organization","name":"\"TELJES \u00c9LET\u00c9RT\" Nonprofit K\u00f6zhaszn\u00fa Kft.","url":"https:\/\/teljeseletert.hu\/hu_hu\/","logo":{"@type":"ImageObject","inLanguage":"hu","@id":"https:\/\/teljeseletert.hu\/hu_hu\/#\/schema\/logo\/image\/","url":"https:\/\/teljeseletert.hu\/wp-content\/uploads\/2021\/01\/105560593_101776101596847_2912691729818324366_o.jpg","contentUrl":"https:\/\/teljeseletert.hu\/wp-content\/uploads\/2021\/01\/105560593_101776101596847_2912691729818324366_o.jpg","width":1061,"height":1061,"caption":"\"TELJES \u00c9LET\u00c9RT\" Nonprofit K\u00f6zhaszn\u00fa Kft."},"image":{"@id":"https:\/\/teljeseletert.hu\/hu_hu\/#\/schema\/logo\/image\/"},"sameAs":["https:\/\/www.facebook.com\/teljeseletertkft"]}]}},"_links":{"self":[{"href":"https:\/\/teljeseletert.hu\/hu_hu\/wp-json\/wp\/v2\/pages\/58","targetHints":{"allow":["GET"]}}],"collection":[{"href":"https:\/\/teljeseletert.hu\/hu_hu\/wp-json\/wp\/v2\/pages"}],"about":[{"href":"https:\/\/teljeseletert.hu\/hu_hu\/wp-json\/wp\/v2\/types\/page"}],"author":[{"embeddable":true,"href":"https:\/\/teljeseletert.hu\/hu_hu\/wp-json\/wp\/v2\/users\/4"}],"replies":[{"embeddable":true,"href":"https:\/\/teljeseletert.hu\/hu_hu\/wp-json\/wp\/v2\/comments?post=58"}],"version-history":[{"count":10,"href":"https:\/\/teljeseletert.hu\/hu_hu\/wp-json\/wp\/v2\/pages\/58\/revisions"}],"predecessor-version":[{"id":662,"href":"https:\/\/teljeseletert.hu\/hu_hu\/wp-json\/wp\/v2\/pages\/58\/revisions\/662"}],"wp:attachment":[{"href":"https:\/\/teljeseletert.hu\/hu_hu\/wp-json\/wp\/v2\/media?parent=58"}],"curies":[{"name":"wp","href":"https:\/\/api.w.org\/{rel}","templated":true}]}}