{"id":56,"date":"2018-07-09T10:34:57","date_gmt":"2018-07-09T10:34:57","guid":{"rendered":"http:\/\/teljeseletert.hu\/?page_id=56"},"modified":"2022-05-12T11:51:42","modified_gmt":"2022-05-12T11:51:42","slug":"telephelyek","status":"publish","type":"page","link":"https:\/\/teljeseletert.hu\/hu_hu\/telephelyek\/","title":{"rendered":"Telephelyek"},"content":{"rendered":"<p>5000 Szolnok, Th\u00f6k\u00f6ly \u00fat 96.<\/p>\n<p>5000 Szolnok, Csokonai \u00fat 71.<\/p>\n<p>5000 Szolnok, Kossuth t\u00e9r 7.<\/p>\n<p>5000 Szolnok, Czak\u00f3 Elem\u00e9r utca 6-8.<\/p>\n<p>5200 T\u00f6r\u00f6kszentmikl\u00f3s, Komb\u00e1jn utca 5.<\/p>\n<p>5231 Fegyvernek, Kun F\u200barkas \u00fat 5.<\/p>\n<p>5350 Tisza\u00f6rs, Kossuth \u00fat 2.<\/p>\n<p>5350 Tiszaf\u00fcred, Vajgy\u00e1r utca 5.<\/p>\n<p>5400 Mez\u0151t\u00far, Tulip\u00e1n \u00fat 2-4.<\/p>\n<p>5440 Kunszentm\u00e1rton, R\u00e1k\u00f3czi \u00fat 17.<\/p>\n","protected":false},"excerpt":{"rendered":"<p>5000 Szolnok, Th\u00f6k\u00f6ly \u00fat 96. 5000 Szolnok, Csokonai \u00fat 71. 5000 Szolnok, Kossuth t\u00e9r 7. 5000 Szolnok, Czak\u00f3 Elem\u00e9r utca 6-8. 5200 T\u00f6r\u00f6kszentmikl\u00f3s, Komb\u00e1jn utca 5. 5231 Fegyvernek, Kun F\u200barkas \u00fat 5. 5350 Tisza\u00f6rs, Kossuth \u00fat 2. 5350 Tiszaf\u00fcred, Vajgy\u00e1r utca 5. 5400 Mez\u0151t\u00far, Tulip\u00e1n \u00fat 2-4. 5440 Kunszentm\u00e1rton, R\u00e1k\u00f3czi \u00fat 17.<\/p>\n","protected":false},"author":4,"featured_media":0,"parent":0,"menu_order":0,"comment_status":"closed","ping_status":"closed","template":"","meta":{"footnotes":""},"class_list":["post-56","page","type-page","status-publish","hentry"],"yoast_head":"<!-- This site is optimized with the Yoast SEO plugin v26.6 - https:\/\/yoast.com\/wordpress\/plugins\/seo\/ -->\n<title>Telephelyek - Teljes \u00c9let\u00e9rt Nonprofit K\u00f6zhaszn\u00fa Kft.<\/title>\n<meta name=\"robots\" content=\"index, follow, max-snippet:-1, max-image-preview:large, max-video-preview:-1\" \/>\n<link rel=\"canonical\" href=\"https:\/\/teljeseletert.hu\/hu_hu\/telephelyek\/\" \/>\n<meta property=\"og:locale\" content=\"hu_HU\" \/>\n<meta property=\"og:type\" content=\"article\" \/>\n<meta property=\"og:title\" content=\"Telephelyek - Teljes \u00c9let\u00e9rt Nonprofit K\u00f6zhaszn\u00fa Kft.\" \/>\n<meta property=\"og:description\" content=\"5000 Szolnok, Th\u00f6k\u00f6ly \u00fat 96. 5000 Szolnok, Csokonai \u00fat 71. 5000 Szolnok, Kossuth t\u00e9r 7. 5000 Szolnok, Czak\u00f3 Elem\u00e9r utca 6-8. 5200 T\u00f6r\u00f6kszentmikl\u00f3s, Komb\u00e1jn utca 5. 5231 Fegyvernek, Kun F\u200barkas \u00fat 5. 5350 Tisza\u00f6rs, Kossuth \u00fat 2. 5350 Tiszaf\u00fcred, Vajgy\u00e1r utca 5. 5400 Mez\u0151t\u00far, Tulip\u00e1n \u00fat 2-4. 5440 Kunszentm\u00e1rton, R\u00e1k\u00f3czi \u00fat 17.\" \/>\n<meta property=\"og:url\" content=\"https:\/\/teljeseletert.hu\/hu_hu\/telephelyek\/\" \/>\n<meta property=\"og:site_name\" content=\"Teljes \u00c9let\u00e9rt Nonprofit K\u00f6zhaszn\u00fa Kft.\" \/>\n<meta property=\"article:publisher\" content=\"https:\/\/www.facebook.com\/teljeseletertkft\" \/>\n<meta property=\"article:modified_time\" content=\"2022-05-12T11:51:42+00:00\" \/>\n<meta name=\"twitter:card\" content=\"summary_large_image\" \/>\n<meta name=\"twitter:label1\" content=\"Becs\u00fclt olvas\u00e1si id\u0151\" \/>\n\t<meta name=\"twitter:data1\" content=\"1 perc\" \/>\n<script type=\"application\/ld+json\" class=\"yoast-schema-graph\">{\"@context\":\"https:\/\/schema.org\",\"@graph\":[{\"@type\":\"WebPage\",\"@id\":\"https:\/\/teljeseletert.hu\/telephelyek\/\",\"url\":\"https:\/\/teljeseletert.hu\/telephelyek\/\",\"name\":\"Telephelyek - Teljes \u00c9let\u00e9rt Nonprofit K\u00f6zhaszn\u00fa Kft.\",\"isPartOf\":{\"@id\":\"https:\/\/teljeseletert.hu\/hu_hu\/#website\"},\"datePublished\":\"2018-07-09T10:34:57+00:00\",\"dateModified\":\"2022-05-12T11:51:42+00:00\",\"breadcrumb\":{\"@id\":\"https:\/\/teljeseletert.hu\/telephelyek\/#breadcrumb\"},\"inLanguage\":\"hu\",\"potentialAction\":[{\"@type\":\"ReadAction\",\"target\":[\"https:\/\/teljeseletert.hu\/telephelyek\/\"]}]},{\"@type\":\"BreadcrumbList\",\"@id\":\"https:\/\/teljeseletert.hu\/telephelyek\/#breadcrumb\",\"itemListElement\":[{\"@type\":\"ListItem\",\"position\":1,\"name\":\"Kezd\u0151lap\",\"item\":\"https:\/\/teljeseletert.hu\/\"},{\"@type\":\"ListItem\",\"position\":2,\"name\":\"Telephelyek\"}]},{\"@type\":\"WebSite\",\"@id\":\"https:\/\/teljeseletert.hu\/hu_hu\/#website\",\"url\":\"https:\/\/teljeseletert.hu\/hu_hu\/\",\"name\":\"Teljes \u00c9let\u00e9rt Nonprofit Kft.\",\"description\":\"\",\"publisher\":{\"@id\":\"https:\/\/teljeseletert.hu\/hu_hu\/#organization\"},\"potentialAction\":[{\"@type\":\"SearchAction\",\"target\":{\"@type\":\"EntryPoint\",\"urlTemplate\":\"https:\/\/teljeseletert.hu\/hu_hu\/?s={search_term_string}\"},\"query-input\":{\"@type\":\"PropertyValueSpecification\",\"valueRequired\":true,\"valueName\":\"search_term_string\"}}],\"inLanguage\":\"hu\"},{\"@type\":\"Organization\",\"@id\":\"https:\/\/teljeseletert.hu\/hu_hu\/#organization\",\"name\":\"\\\"TELJES \u00c9LET\u00c9RT\\\" Nonprofit K\u00f6zhaszn\u00fa Kft.\",\"url\":\"https:\/\/teljeseletert.hu\/hu_hu\/\",\"logo\":{\"@type\":\"ImageObject\",\"inLanguage\":\"hu\",\"@id\":\"https:\/\/teljeseletert.hu\/hu_hu\/#\/schema\/logo\/image\/\",\"url\":\"https:\/\/teljeseletert.hu\/wp-content\/uploads\/2021\/01\/105560593_101776101596847_2912691729818324366_o.jpg\",\"contentUrl\":\"https:\/\/teljeseletert.hu\/wp-content\/uploads\/2021\/01\/105560593_101776101596847_2912691729818324366_o.jpg\",\"width\":1061,\"height\":1061,\"caption\":\"\\\"TELJES \u00c9LET\u00c9RT\\\" Nonprofit K\u00f6zhaszn\u00fa Kft.\"},\"image\":{\"@id\":\"https:\/\/teljeseletert.hu\/hu_hu\/#\/schema\/logo\/image\/\"},\"sameAs\":[\"https:\/\/www.facebook.com\/teljeseletertkft\"]}]}<\/script>\n<!-- \/ Yoast SEO plugin. -->","yoast_head_json":{"title":"Telephelyek - Teljes \u00c9let\u00e9rt Nonprofit K\u00f6zhaszn\u00fa Kft.","robots":{"index":"index","follow":"follow","max-snippet":"max-snippet:-1","max-image-preview":"max-image-preview:large","max-video-preview":"max-video-preview:-1"},"canonical":"https:\/\/teljeseletert.hu\/hu_hu\/telephelyek\/","og_locale":"hu_HU","og_type":"article","og_title":"Telephelyek - Teljes \u00c9let\u00e9rt Nonprofit K\u00f6zhaszn\u00fa Kft.","og_description":"5000 Szolnok, Th\u00f6k\u00f6ly \u00fat 96. 5000 Szolnok, Csokonai \u00fat 71. 5000 Szolnok, Kossuth t\u00e9r 7. 5000 Szolnok, Czak\u00f3 Elem\u00e9r utca 6-8. 5200 T\u00f6r\u00f6kszentmikl\u00f3s, Komb\u00e1jn utca 5. 5231 Fegyvernek, Kun F\u200barkas \u00fat 5. 5350 Tisza\u00f6rs, Kossuth \u00fat 2. 5350 Tiszaf\u00fcred, Vajgy\u00e1r utca 5. 5400 Mez\u0151t\u00far, Tulip\u00e1n \u00fat 2-4. 5440 Kunszentm\u00e1rton, R\u00e1k\u00f3czi \u00fat 17.","og_url":"https:\/\/teljeseletert.hu\/hu_hu\/telephelyek\/","og_site_name":"Teljes \u00c9let\u00e9rt Nonprofit K\u00f6zhaszn\u00fa Kft.","article_publisher":"https:\/\/www.facebook.com\/teljeseletertkft","article_modified_time":"2022-05-12T11:51:42+00:00","twitter_card":"summary_large_image","twitter_misc":{"Becs\u00fclt olvas\u00e1si id\u0151":"1 perc"},"schema":{"@context":"https:\/\/schema.org","@graph":[{"@type":"WebPage","@id":"https:\/\/teljeseletert.hu\/telephelyek\/","url":"https:\/\/teljeseletert.hu\/telephelyek\/","name":"Telephelyek - Teljes \u00c9let\u00e9rt Nonprofit K\u00f6zhaszn\u00fa Kft.","isPartOf":{"@id":"https:\/\/teljeseletert.hu\/hu_hu\/#website"},"datePublished":"2018-07-09T10:34:57+00:00","dateModified":"2022-05-12T11:51:42+00:00","breadcrumb":{"@id":"https:\/\/teljeseletert.hu\/telephelyek\/#breadcrumb"},"inLanguage":"hu","potentialAction":[{"@type":"ReadAction","target":["https:\/\/teljeseletert.hu\/telephelyek\/"]}]},{"@type":"BreadcrumbList","@id":"https:\/\/teljeseletert.hu\/telephelyek\/#breadcrumb","itemListElement":[{"@type":"ListItem","position":1,"name":"Kezd\u0151lap","item":"https:\/\/teljeseletert.hu\/"},{"@type":"ListItem","position":2,"name":"Telephelyek"}]},{"@type":"WebSite","@id":"https:\/\/teljeseletert.hu\/hu_hu\/#website","url":"https:\/\/teljeseletert.hu\/hu_hu\/","name":"Teljes \u00c9let\u00e9rt Nonprofit Kft.","description":"","publisher":{"@id":"https:\/\/teljeseletert.hu\/hu_hu\/#organization"},"potentialAction":[{"@type":"SearchAction","target":{"@type":"EntryPoint","urlTemplate":"https:\/\/teljeseletert.hu\/hu_hu\/?s={search_term_string}"},"query-input":{"@type":"PropertyValueSpecification","valueRequired":true,"valueName":"search_term_string"}}],"inLanguage":"hu"},{"@type":"Organization","@id":"https:\/\/teljeseletert.hu\/hu_hu\/#organization","name":"\"TELJES \u00c9LET\u00c9RT\" Nonprofit K\u00f6zhaszn\u00fa Kft.","url":"https:\/\/teljeseletert.hu\/hu_hu\/","logo":{"@type":"ImageObject","inLanguage":"hu","@id":"https:\/\/teljeseletert.hu\/hu_hu\/#\/schema\/logo\/image\/","url":"https:\/\/teljeseletert.hu\/wp-content\/uploads\/2021\/01\/105560593_101776101596847_2912691729818324366_o.jpg","contentUrl":"https:\/\/teljeseletert.hu\/wp-content\/uploads\/2021\/01\/105560593_101776101596847_2912691729818324366_o.jpg","width":1061,"height":1061,"caption":"\"TELJES \u00c9LET\u00c9RT\" Nonprofit K\u00f6zhaszn\u00fa Kft."},"image":{"@id":"https:\/\/teljeseletert.hu\/hu_hu\/#\/schema\/logo\/image\/"},"sameAs":["https:\/\/www.facebook.com\/teljeseletertkft"]}]}},"_links":{"self":[{"href":"https:\/\/teljeseletert.hu\/hu_hu\/wp-json\/wp\/v2\/pages\/56","targetHints":{"allow":["GET"]}}],"collection":[{"href":"https:\/\/teljeseletert.hu\/hu_hu\/wp-json\/wp\/v2\/pages"}],"about":[{"href":"https:\/\/teljeseletert.hu\/hu_hu\/wp-json\/wp\/v2\/types\/page"}],"author":[{"embeddable":true,"href":"https:\/\/teljeseletert.hu\/hu_hu\/wp-json\/wp\/v2\/users\/4"}],"replies":[{"embeddable":true,"href":"https:\/\/teljeseletert.hu\/hu_hu\/wp-json\/wp\/v2\/comments?post=56"}],"version-history":[{"count":10,"href":"https:\/\/teljeseletert.hu\/hu_hu\/wp-json\/wp\/v2\/pages\/56\/revisions"}],"predecessor-version":[{"id":669,"href":"https:\/\/teljeseletert.hu\/hu_hu\/wp-json\/wp\/v2\/pages\/56\/revisions\/669"}],"wp:attachment":[{"href":"https:\/\/teljeseletert.hu\/hu_hu\/wp-json\/wp\/v2\/media?parent=56"}],"curies":[{"name":"wp","href":"https:\/\/api.w.org\/{rel}","templated":true}]}}