{"id":48,"date":"2018-07-09T10:33:08","date_gmt":"2018-07-09T10:33:08","guid":{"rendered":"http:\/\/teljeseletert.hu\/?page_id=48"},"modified":"2025-06-02T05:50:36","modified_gmt":"2025-06-02T05:50:36","slug":"kozhasznusagi-jelentes","status":"publish","type":"page","link":"https:\/\/teljeseletert.hu\/hu_hu\/kozhasznusagi-jelentes\/","title":{"rendered":"K\u00f6zhaszn\u00fas\u00e1gi jelent\u00e9s, \u00e9ves energetikai szakreferensi riport"},"content":{"rendered":"<p>&nbsp;<\/p>\n<p><a href=\"https:\/\/teljeseletert.hu\/wp-content\/uploads\/2018\/07\/K\u00f6zhaszn\u00fas\u00e1gi-jelent\u00e9s-2013.pdf\">K\u00f6zhaszn\u00fas\u00e1gi jelent\u00e9s 2013.<\/a><\/p>\n<p><a href=\"https:\/\/teljeseletert.hu\/wp-content\/uploads\/2018\/07\/K\u00f6zhaszn\u00fas\u00e1gi-jelent\u00e9s-2014.pdf\">K\u00f6zhaszn\u00fas\u00e1gi jelent\u00e9s 2014.<\/a><\/p>\n<p><a href=\"https:\/\/teljeseletert.hu\/wp-content\/uploads\/2018\/07\/K\u00f6zhaszn\u00fas\u00e1gi-jelent\u00e9s-2015.pdf\">K\u00f6zhaszn\u00fas\u00e1gi jelent\u00e9s 2015.<\/a><\/p>\n<p><a href=\"https:\/\/teljeseletert.hu\/wp-content\/uploads\/2018\/07\/K\u00f6zhaszn\u00fas\u00e1gi-jelent\u00e9s-2016.pdf\">K\u00f6zhaszn\u00fas\u00e1gi jelent\u00e9s 2016.<\/a><\/p>\n<p><a href=\"https:\/\/teljeseletert.hu\/wp-content\/uploads\/2018\/09\/K\u00f6zhaszn\u00fas\u00e1gi-jelent\u00e9s-2017.pdf\">K\u00f6zhaszn\u00fas\u00e1gi jelent\u00e9s 2017.<\/a><\/p>\n<p><a href=\"https:\/\/teljeseletert.hu\/wp-content\/uploads\/2019\/05\/K\u00f6zhaszn\u00fas\u00e1gi-jelent\u00e9s-2018.-\u00e9vi.pdf\">K\u00f6zhaszn\u00fas\u00e1gi jelent\u00e9s 2018.<\/a><\/p>\n<p><a href=\"https:\/\/teljeseletert.hu\/wp-content\/uploads\/2021\/06\/Kozhasznusagi-jelentes-2019-alairt.pdf\" target=\"_blank\" rel=\"noopener noreferrer\">K\u00f6zhaszn\u00fas\u00e1gi jelent\u00e9s 2019.<\/a><\/p>\n<p><a href=\"https:\/\/teljeseletert.hu\/wp-content\/uploads\/2021\/06\/Kozhasznusagi-jelentes-2020-alairt.pdf\" target=\"_blank\" rel=\"noopener noreferrer\">K\u00f6zhaszn\u00fas\u00e1gi jelent\u00e9s 2020.<\/a><\/p>\n<p><a href=\"https:\/\/teljeseletert.hu\/wp-content\/uploads\/2023\/06\/K\u00f6zhaszn\u00fas\u00e1gi-jelent\u00e9s-2021.pdf\" target=\"_blank\" rel=\"noopener noreferrer\">K\u00f6zhaszn\u00fas\u00e1gi jelent\u00e9s 2021.<\/a><\/p>\n<p><a href=\"https:\/\/teljeseletert.hu\/wp-content\/uploads\/2023\/06\/K\u00f6zhaszn\u00fas\u00e1gi-mell\u00e9klet-2022.pdf\" target=\"_blank\" rel=\"noopener noreferrer\">K\u00f6zhaszn\u00fas\u00e1gi jelent\u00e9s 2022.<\/a><\/p>\n<p><a href=\"https:\/\/teljeseletert.hu\/wp-content\/uploads\/2024\/05\/K\u00f6zhaszn\u00fas\u00e1gi-mell\u00e9klet-2023-al\u00e1\u00edrt.pdf\" target=\"_blank\" rel=\"noopener noreferrer\">K\u00f6zhaszn\u00fas\u00e1gi jelent\u00e9s 2023.<\/a><\/p>\n<p><a href=\"https:\/\/teljeseletert.hu\/wp-content\/uploads\/2025\/06\/Kozhasznusagi-melleklet-2024.pdf\" target=\"_blank\" rel=\"noopener noreferrer\">K\u00f6zhaszn\u00fas\u00e1gi jelent\u00e9s 2024.<\/a><\/p>\n<p><a href=\"https:\/\/teljeseletert.hu\/wp-content\/uploads\/2019\/05\/2018.-\u00e9ves-energetikai-szakreferensi-riport-2.pdf\">2018 \u00e9vi energetikai szakreferensi riport<\/a><\/p>\n<p><a href=\"https:\/\/teljeseletert.hu\/wp-content\/uploads\/2020\/05\/2019-\u00e9vi-riport-Teljes-\u00c9let\u00e9rt.pdf\">2019 \u00e9vi energetikai szakreferensi riport<\/a><\/p>\n<p><a href=\"https:\/\/teljeseletert.hu\/wp-content\/uploads\/2021\/05\/2020-evi-riport-Teljes-Eletert.pdf\">2020 \u00e9vi energetikai szakreferensi riport<\/a><\/p>\n<p><a href=\"https:\/\/teljeseletert.hu\/wp-content\/uploads\/2022\/05\/2021-evi-riport-Teljes-Eletert.pdf\">2021 \u00e9vi energetikai szakreferensi riport<\/a><\/p>\n<p><a href=\"https:\/\/teljeseletert.hu\/wp-content\/uploads\/2023\/05\/01_2022-evi-riport-Teljes-Eletert.pdf\">2022 \u00e9vi energetikai szakreferensi riport<\/a><\/p>\n<p><a href=\"https:\/\/teljeseletert.hu\/wp-content\/uploads\/2024\/06\/2023.-\u00e9ves-energetikai-szakreferensi-riport.pdf\">2023 \u00e9vi energetikai szakreferensi riport<\/a><\/p>\n<p><a href=\"https:\/\/teljeseletert.hu\/wp-content\/uploads\/2025\/06\/01_2024-evi-riport.pdf\">2024 \u00e9vi energetikai szakreferensi riport<\/a><\/p>\n","protected":false},"excerpt":{"rendered":"<p>&nbsp; K\u00f6zhaszn\u00fas\u00e1gi jelent\u00e9s 2013. K\u00f6zhaszn\u00fas\u00e1gi jelent\u00e9s 2014. K\u00f6zhaszn\u00fas\u00e1gi jelent\u00e9s 2015. K\u00f6zhaszn\u00fas\u00e1gi jelent\u00e9s 2016. K\u00f6zhaszn\u00fas\u00e1gi jelent\u00e9s 2017. K\u00f6zhaszn\u00fas\u00e1gi jelent\u00e9s 2018. K\u00f6zhaszn\u00fas\u00e1gi jelent\u00e9s 2019. K\u00f6zhaszn\u00fas\u00e1gi jelent\u00e9s 2020. K\u00f6zhaszn\u00fas\u00e1gi jelent\u00e9s 2021. K\u00f6zhaszn\u00fas\u00e1gi jelent\u00e9s 2022. K\u00f6zhaszn\u00fas\u00e1gi jelent\u00e9s 2023. K\u00f6zhaszn\u00fas\u00e1gi jelent\u00e9s 2024. 2018 \u00e9vi energetikai szakreferensi riport 2019 \u00e9vi energetikai szakreferensi riport 2020 \u00e9vi energetikai szakreferensi riport 2021 \u00e9vi energetikai [&hellip;]<\/p>\n","protected":false},"author":4,"featured_media":0,"parent":0,"menu_order":0,"comment_status":"closed","ping_status":"closed","template":"","meta":{"footnotes":""},"class_list":["post-48","page","type-page","status-publish","hentry"],"yoast_head":"<!-- This site is optimized with the Yoast SEO plugin v26.6 - https:\/\/yoast.com\/wordpress\/plugins\/seo\/ -->\n<title>K\u00f6zhaszn\u00fas\u00e1gi jelent\u00e9s, \u00e9ves energetikai szakreferensi riport - Teljes \u00c9let\u00e9rt Nonprofit K\u00f6zhaszn\u00fa Kft.<\/title>\n<meta name=\"robots\" content=\"index, follow, max-snippet:-1, max-image-preview:large, max-video-preview:-1\" \/>\n<link rel=\"canonical\" href=\"https:\/\/teljeseletert.hu\/hu_hu\/kozhasznusagi-jelentes\/\" \/>\n<meta property=\"og:locale\" content=\"hu_HU\" \/>\n<meta property=\"og:type\" content=\"article\" \/>\n<meta property=\"og:title\" content=\"K\u00f6zhaszn\u00fas\u00e1gi jelent\u00e9s, \u00e9ves energetikai szakreferensi riport - Teljes \u00c9let\u00e9rt Nonprofit K\u00f6zhaszn\u00fa Kft.\" \/>\n<meta property=\"og:description\" content=\"&nbsp; K\u00f6zhaszn\u00fas\u00e1gi jelent\u00e9s 2013. K\u00f6zhaszn\u00fas\u00e1gi jelent\u00e9s 2014. K\u00f6zhaszn\u00fas\u00e1gi jelent\u00e9s 2015. K\u00f6zhaszn\u00fas\u00e1gi jelent\u00e9s 2016. K\u00f6zhaszn\u00fas\u00e1gi jelent\u00e9s 2017. K\u00f6zhaszn\u00fas\u00e1gi jelent\u00e9s 2018. K\u00f6zhaszn\u00fas\u00e1gi jelent\u00e9s 2019. K\u00f6zhaszn\u00fas\u00e1gi jelent\u00e9s 2020. K\u00f6zhaszn\u00fas\u00e1gi jelent\u00e9s 2021. K\u00f6zhaszn\u00fas\u00e1gi jelent\u00e9s 2022. K\u00f6zhaszn\u00fas\u00e1gi jelent\u00e9s 2023. K\u00f6zhaszn\u00fas\u00e1gi jelent\u00e9s 2024. 2018 \u00e9vi energetikai szakreferensi riport 2019 \u00e9vi energetikai szakreferensi riport 2020 \u00e9vi energetikai szakreferensi riport 2021 \u00e9vi energetikai [&hellip;]\" \/>\n<meta property=\"og:url\" content=\"https:\/\/teljeseletert.hu\/hu_hu\/kozhasznusagi-jelentes\/\" \/>\n<meta property=\"og:site_name\" content=\"Teljes \u00c9let\u00e9rt Nonprofit K\u00f6zhaszn\u00fa Kft.\" \/>\n<meta property=\"article:publisher\" content=\"https:\/\/www.facebook.com\/teljeseletertkft\" \/>\n<meta property=\"article:modified_time\" content=\"2025-06-02T05:50:36+00:00\" \/>\n<meta name=\"twitter:card\" content=\"summary_large_image\" \/>\n<meta name=\"twitter:label1\" content=\"Becs\u00fclt olvas\u00e1si id\u0151\" \/>\n\t<meta name=\"twitter:data1\" content=\"1 perc\" \/>\n<script type=\"application\/ld+json\" class=\"yoast-schema-graph\">{\"@context\":\"https:\/\/schema.org\",\"@graph\":[{\"@type\":\"WebPage\",\"@id\":\"https:\/\/teljeseletert.hu\/kozhasznusagi-jelentes\/\",\"url\":\"https:\/\/teljeseletert.hu\/kozhasznusagi-jelentes\/\",\"name\":\"K\u00f6zhaszn\u00fas\u00e1gi jelent\u00e9s, \u00e9ves energetikai szakreferensi riport - Teljes \u00c9let\u00e9rt Nonprofit K\u00f6zhaszn\u00fa Kft.\",\"isPartOf\":{\"@id\":\"https:\/\/teljeseletert.hu\/hu_hu\/#website\"},\"datePublished\":\"2018-07-09T10:33:08+00:00\",\"dateModified\":\"2025-06-02T05:50:36+00:00\",\"breadcrumb\":{\"@id\":\"https:\/\/teljeseletert.hu\/kozhasznusagi-jelentes\/#breadcrumb\"},\"inLanguage\":\"hu\",\"potentialAction\":[{\"@type\":\"ReadAction\",\"target\":[\"https:\/\/teljeseletert.hu\/kozhasznusagi-jelentes\/\"]}]},{\"@type\":\"BreadcrumbList\",\"@id\":\"https:\/\/teljeseletert.hu\/kozhasznusagi-jelentes\/#breadcrumb\",\"itemListElement\":[{\"@type\":\"ListItem\",\"position\":1,\"name\":\"Kezd\u0151lap\",\"item\":\"https:\/\/teljeseletert.hu\/\"},{\"@type\":\"ListItem\",\"position\":2,\"name\":\"K\u00f6zhaszn\u00fas\u00e1gi jelent\u00e9s, \u00e9ves energetikai szakreferensi riport\"}]},{\"@type\":\"WebSite\",\"@id\":\"https:\/\/teljeseletert.hu\/hu_hu\/#website\",\"url\":\"https:\/\/teljeseletert.hu\/hu_hu\/\",\"name\":\"Teljes \u00c9let\u00e9rt Nonprofit Kft.\",\"description\":\"\",\"publisher\":{\"@id\":\"https:\/\/teljeseletert.hu\/hu_hu\/#organization\"},\"potentialAction\":[{\"@type\":\"SearchAction\",\"target\":{\"@type\":\"EntryPoint\",\"urlTemplate\":\"https:\/\/teljeseletert.hu\/hu_hu\/?s={search_term_string}\"},\"query-input\":{\"@type\":\"PropertyValueSpecification\",\"valueRequired\":true,\"valueName\":\"search_term_string\"}}],\"inLanguage\":\"hu\"},{\"@type\":\"Organization\",\"@id\":\"https:\/\/teljeseletert.hu\/hu_hu\/#organization\",\"name\":\"\\\"TELJES \u00c9LET\u00c9RT\\\" Nonprofit K\u00f6zhaszn\u00fa Kft.\",\"url\":\"https:\/\/teljeseletert.hu\/hu_hu\/\",\"logo\":{\"@type\":\"ImageObject\",\"inLanguage\":\"hu\",\"@id\":\"https:\/\/teljeseletert.hu\/hu_hu\/#\/schema\/logo\/image\/\",\"url\":\"https:\/\/teljeseletert.hu\/wp-content\/uploads\/2021\/01\/105560593_101776101596847_2912691729818324366_o.jpg\",\"contentUrl\":\"https:\/\/teljeseletert.hu\/wp-content\/uploads\/2021\/01\/105560593_101776101596847_2912691729818324366_o.jpg\",\"width\":1061,\"height\":1061,\"caption\":\"\\\"TELJES \u00c9LET\u00c9RT\\\" Nonprofit K\u00f6zhaszn\u00fa Kft.\"},\"image\":{\"@id\":\"https:\/\/teljeseletert.hu\/hu_hu\/#\/schema\/logo\/image\/\"},\"sameAs\":[\"https:\/\/www.facebook.com\/teljeseletertkft\"]}]}<\/script>\n<!-- \/ Yoast SEO plugin. -->","yoast_head_json":{"title":"K\u00f6zhaszn\u00fas\u00e1gi jelent\u00e9s, \u00e9ves energetikai szakreferensi riport - Teljes \u00c9let\u00e9rt Nonprofit K\u00f6zhaszn\u00fa Kft.","robots":{"index":"index","follow":"follow","max-snippet":"max-snippet:-1","max-image-preview":"max-image-preview:large","max-video-preview":"max-video-preview:-1"},"canonical":"https:\/\/teljeseletert.hu\/hu_hu\/kozhasznusagi-jelentes\/","og_locale":"hu_HU","og_type":"article","og_title":"K\u00f6zhaszn\u00fas\u00e1gi jelent\u00e9s, \u00e9ves energetikai szakreferensi riport - Teljes \u00c9let\u00e9rt Nonprofit K\u00f6zhaszn\u00fa Kft.","og_description":"&nbsp; K\u00f6zhaszn\u00fas\u00e1gi jelent\u00e9s 2013. K\u00f6zhaszn\u00fas\u00e1gi jelent\u00e9s 2014. K\u00f6zhaszn\u00fas\u00e1gi jelent\u00e9s 2015. K\u00f6zhaszn\u00fas\u00e1gi jelent\u00e9s 2016. K\u00f6zhaszn\u00fas\u00e1gi jelent\u00e9s 2017. K\u00f6zhaszn\u00fas\u00e1gi jelent\u00e9s 2018. K\u00f6zhaszn\u00fas\u00e1gi jelent\u00e9s 2019. K\u00f6zhaszn\u00fas\u00e1gi jelent\u00e9s 2020. K\u00f6zhaszn\u00fas\u00e1gi jelent\u00e9s 2021. K\u00f6zhaszn\u00fas\u00e1gi jelent\u00e9s 2022. K\u00f6zhaszn\u00fas\u00e1gi jelent\u00e9s 2023. K\u00f6zhaszn\u00fas\u00e1gi jelent\u00e9s 2024. 2018 \u00e9vi energetikai szakreferensi riport 2019 \u00e9vi energetikai szakreferensi riport 2020 \u00e9vi energetikai szakreferensi riport 2021 \u00e9vi energetikai [&hellip;]","og_url":"https:\/\/teljeseletert.hu\/hu_hu\/kozhasznusagi-jelentes\/","og_site_name":"Teljes \u00c9let\u00e9rt Nonprofit K\u00f6zhaszn\u00fa Kft.","article_publisher":"https:\/\/www.facebook.com\/teljeseletertkft","article_modified_time":"2025-06-02T05:50:36+00:00","twitter_card":"summary_large_image","twitter_misc":{"Becs\u00fclt olvas\u00e1si id\u0151":"1 perc"},"schema":{"@context":"https:\/\/schema.org","@graph":[{"@type":"WebPage","@id":"https:\/\/teljeseletert.hu\/kozhasznusagi-jelentes\/","url":"https:\/\/teljeseletert.hu\/kozhasznusagi-jelentes\/","name":"K\u00f6zhaszn\u00fas\u00e1gi jelent\u00e9s, \u00e9ves energetikai szakreferensi riport - Teljes \u00c9let\u00e9rt Nonprofit K\u00f6zhaszn\u00fa Kft.","isPartOf":{"@id":"https:\/\/teljeseletert.hu\/hu_hu\/#website"},"datePublished":"2018-07-09T10:33:08+00:00","dateModified":"2025-06-02T05:50:36+00:00","breadcrumb":{"@id":"https:\/\/teljeseletert.hu\/kozhasznusagi-jelentes\/#breadcrumb"},"inLanguage":"hu","potentialAction":[{"@type":"ReadAction","target":["https:\/\/teljeseletert.hu\/kozhasznusagi-jelentes\/"]}]},{"@type":"BreadcrumbList","@id":"https:\/\/teljeseletert.hu\/kozhasznusagi-jelentes\/#breadcrumb","itemListElement":[{"@type":"ListItem","position":1,"name":"Kezd\u0151lap","item":"https:\/\/teljeseletert.hu\/"},{"@type":"ListItem","position":2,"name":"K\u00f6zhaszn\u00fas\u00e1gi jelent\u00e9s, \u00e9ves energetikai szakreferensi riport"}]},{"@type":"WebSite","@id":"https:\/\/teljeseletert.hu\/hu_hu\/#website","url":"https:\/\/teljeseletert.hu\/hu_hu\/","name":"Teljes \u00c9let\u00e9rt Nonprofit Kft.","description":"","publisher":{"@id":"https:\/\/teljeseletert.hu\/hu_hu\/#organization"},"potentialAction":[{"@type":"SearchAction","target":{"@type":"EntryPoint","urlTemplate":"https:\/\/teljeseletert.hu\/hu_hu\/?s={search_term_string}"},"query-input":{"@type":"PropertyValueSpecification","valueRequired":true,"valueName":"search_term_string"}}],"inLanguage":"hu"},{"@type":"Organization","@id":"https:\/\/teljeseletert.hu\/hu_hu\/#organization","name":"\"TELJES \u00c9LET\u00c9RT\" Nonprofit K\u00f6zhaszn\u00fa Kft.","url":"https:\/\/teljeseletert.hu\/hu_hu\/","logo":{"@type":"ImageObject","inLanguage":"hu","@id":"https:\/\/teljeseletert.hu\/hu_hu\/#\/schema\/logo\/image\/","url":"https:\/\/teljeseletert.hu\/wp-content\/uploads\/2021\/01\/105560593_101776101596847_2912691729818324366_o.jpg","contentUrl":"https:\/\/teljeseletert.hu\/wp-content\/uploads\/2021\/01\/105560593_101776101596847_2912691729818324366_o.jpg","width":1061,"height":1061,"caption":"\"TELJES \u00c9LET\u00c9RT\" Nonprofit K\u00f6zhaszn\u00fa Kft."},"image":{"@id":"https:\/\/teljeseletert.hu\/hu_hu\/#\/schema\/logo\/image\/"},"sameAs":["https:\/\/www.facebook.com\/teljeseletertkft"]}]}},"_links":{"self":[{"href":"https:\/\/teljeseletert.hu\/hu_hu\/wp-json\/wp\/v2\/pages\/48","targetHints":{"allow":["GET"]}}],"collection":[{"href":"https:\/\/teljeseletert.hu\/hu_hu\/wp-json\/wp\/v2\/pages"}],"about":[{"href":"https:\/\/teljeseletert.hu\/hu_hu\/wp-json\/wp\/v2\/types\/page"}],"author":[{"embeddable":true,"href":"https:\/\/teljeseletert.hu\/hu_hu\/wp-json\/wp\/v2\/users\/4"}],"replies":[{"embeddable":true,"href":"https:\/\/teljeseletert.hu\/hu_hu\/wp-json\/wp\/v2\/comments?post=48"}],"version-history":[{"count":20,"href":"https:\/\/teljeseletert.hu\/hu_hu\/wp-json\/wp\/v2\/pages\/48\/revisions"}],"predecessor-version":[{"id":914,"href":"https:\/\/teljeseletert.hu\/hu_hu\/wp-json\/wp\/v2\/pages\/48\/revisions\/914"}],"wp:attachment":[{"href":"https:\/\/teljeseletert.hu\/hu_hu\/wp-json\/wp\/v2\/media?parent=48"}],"curies":[{"name":"wp","href":"https:\/\/api.w.org\/{rel}","templated":true}]}}