{"id":164,"date":"2018-07-23T17:57:25","date_gmt":"2018-07-23T17:57:25","guid":{"rendered":"http:\/\/teljeseletert.hu\/?page_id=164"},"modified":"2022-05-05T07:34:09","modified_gmt":"2022-05-05T07:34:09","slug":"efop-1-1-6-17-2017-00010","status":"publish","type":"page","link":"https:\/\/teljeseletert.hu\/hu_hu\/projektek\/efop-1-1-6-17-2017-00010\/","title":{"rendered":"EFOP-1.1.6-17-2017-00010"},"content":{"rendered":"<p>&nbsp;<\/p>\n<p>&nbsp;<\/p>\n<p><img loading=\"lazy\" decoding=\"async\" class=\"alignnone size-medium wp-image-361 alignright\" src=\"https:\/\/teljeseletert.hu\/wp-content\/uploads\/2020\/05\/infoblokk_kedv_final_felso_cmyk_ESZA-300x207.jpg\" alt=\"\" width=\"300\" height=\"207\" srcset=\"https:\/\/teljeseletert.hu\/wp-content\/uploads\/2020\/05\/infoblokk_kedv_final_felso_cmyk_ESZA-300x207.jpg 300w, https:\/\/teljeseletert.hu\/wp-content\/uploads\/2020\/05\/infoblokk_kedv_final_felso_cmyk_ESZA-768x531.jpg 768w, https:\/\/teljeseletert.hu\/wp-content\/uploads\/2020\/05\/infoblokk_kedv_final_felso_cmyk_ESZA-1024x708.jpg 1024w, https:\/\/teljeseletert.hu\/wp-content\/uploads\/2020\/05\/infoblokk_kedv_final_felso_cmyk_ESZA.jpg 1453w\" sizes=\"auto, (max-width: 300px) 100vw, 300px\" \/><\/p>\n<p>&nbsp;<\/p>\n<p>&nbsp;<\/p>\n<p>&nbsp;<\/p>\n<p>&nbsp;<\/p>\n<p>&nbsp;<\/p>\n<p>&nbsp;<\/p>\n<p><strong>Projekt c\u00edme: <\/strong>Tranzitfoglalkoztatottak ny\u00edlt munkaer\u0151piaci integr\u00e1ci\u00f3j\u00e1nak el\u0151seg\u00edt\u00e9se a<\/p>\n<p>Teljes \u00c9let\u00e9rt Nonprofit Kft-n\u00e9l<\/p>\n<p><strong>\u00a0Kedvezm\u00e9nyezett neve:<\/strong> \u201cTeljes \u00c9let\u00e9rt\u201d Nonprofit K\u00f6zhaszn\u00fa Kft.<\/p>\n<p><strong>T\u00e1mogat\u00e1s \u00f6sszege: <\/strong>63.384.132,- Ft<\/p>\n<p><strong>T\u00e1mogat\u00e1s m\u00e9rt\u00e9ke:<\/strong> 100%<\/p>\n<p><strong>Projekt megval\u00f3s\u00edt\u00e1s\u00e1nak kezdete:\u00a0<\/strong>2018. 01. 01.<\/p>\n<p><strong>Projekt fizikai befejez\u00e9se:\u00a0<\/strong>2019. 12. 31.<\/p>\n<p>\u00d6SSZEFOGLAL\u00d3 A PROJEKTR\u0150L<br \/>\nAz EFOP-1.1.6-17-2017-00010 k\u00f3dsz\u00e1m\u00fa p\u00e1ly\u00e1zati projekt keret\u00e9ben a megv\u00e1ltozott munkak\u00e9pess\u00e9g\u0171 munkav\u00e1llal\u00f3ink ny\u00edlt munkaer\u0151piacra t\u00f6rt\u00e9n\u0151 visszavezet\u00e9s\u00e9nek megval\u00f3s\u00edt\u00e1sa \u00e9rdek\u00e9ben k\u00e9szs\u00e9g- \u00e9s kompetenciafejleszt\u0151 Alapvet\u0151 k\u00e9pz\u00e9s lebonyol\u00edt\u00e1s\u00e1t val\u00f3s\u00edtjuk meg. A megv\u00e1ltozott munkak\u00e9pess\u00e9g\u0171 munkat\u00e1rsak kompetencia vizsg\u00e1lata alapj\u00e1n ker\u00fclnek kiv\u00e1laszt\u00e1sra a k\u00e9pz\u00e9sek r\u00e9sztvev\u0151i, \u00e9s ker\u00fclnek meg\u00faj\u00edt\u00e1sra a szem\u00e9lyes rehabilit\u00e1ci\u00f3s tervek.<br \/>\nA projekt eredm\u00e9nyek\u00e9pp megt\u00f6rt\u00e9nik legal\u00e1bb 185 f\u0151 megv\u00e1ltozott munkak\u00e9pess\u00e9g\u0171 munkav\u00e1llal\u00f3nk kompetencia-felm\u00e9r\u00e9se. A felm\u00e9r\u00e9s eredm\u00e9ny\u00e9nek ki\u00e9rt\u00e9kel\u00e9se alapj\u00e1n bevon\u00e1sra ker\u00fcl az alapvet\u0151 k\u00e9pz\u00e9sbe 124 munkav\u00e1llal\u00f3. Az eredm\u00e9nyek r\u00e9v\u00e9n jelent\u0151sen javulnak a megv\u00e1ltozott munkak\u00e9pess\u00e9g\u0171 szem\u00e9lyek ny\u00edlt munkaer\u0151piacon val\u00f3 elhelyezked\u00e9si es\u00e9lyei, javul foglalkoztathat\u00f3s\u00e1guk.<br \/>\nA projekt megval\u00f3s\u00edt\u00e1s\u00e1nak f\u0151bb tev\u00e9kenys\u00e9gei<br \/>\n1. Kompetencia felm\u00e9r\u00e9sek<br \/>\nLegal\u00e1bb 185 f\u0151 megv\u00e1ltozott munkak\u00e9pess\u00e9g\u0171 munkav\u00e1llal\u00f3val k\u00e9szs\u00e9g-, szakmai- \u00e9s magatart\u00e1s-alap\u00fa kompetencia-felm\u00e9r\u00e9seket v\u00e9gz\u00fcnk. A felm\u00e9r\u00e9sek eredm\u00e9ny\u00e9t a bels\u0151 rehabilit\u00e1ci\u00f3s szakemberek \u00e9s a szakmai megval\u00f3s\u00edt\u00f3k egyeztetik, adatait feldolgozz\u00e1k, majd visszavezetik a megv\u00e1ltozott munkak\u00e9pess\u00e9g\u0171 munkav\u00e1llal\u00f3k fel\u00fclvizsg\u00e1lt szem\u00e9lyes rehabilit\u00e1ci\u00f3s terv\u00e9be.<br \/>\n2. Alapvet\u0151 k\u00e9pz\u00e9s<br \/>\nA k\u00e9pz\u00e9sbe bevont munkat\u00e1rsak \u00e9rz\u00e9keny\u00edt\u00e9s\u00e9vel, felk\u00e9sz\u00edt\u00e9s\u00e9vel \u00e9s a k\u00e9pz\u00e9si csoportok \u00f6ssze\u00e1ll\u00edt\u00e1s\u00e1val megkezd\u0151dik a projekt szakmai \u00e9s t\u00e1mogat\u00f3i tev\u00e9kenys\u00e9g\u00e9t ny\u00fajt\u00f3 mentorok, szuperv\u00edzorok \u00e9s az oktat\u00e1sszervez\u0151k akt\u00edv egy\u00fcttm\u0171k\u00f6d\u00e9se a munkav\u00e1llal\u00f3kkal, biztos\u00edtva ezzel a k\u00e9pz\u00e9sek el\u0151k\u00e9sz\u00edt\u00e9s\u00e9nek \u00e9s megval\u00f3s\u00edt\u00e1s\u00e1nak megfelel\u0151 szakmai sz\u00ednvonal\u00e1t, a k\u00f6lts\u00e9ghat\u00e9konys\u00e1got \u00e9s a fenntarthat\u00f3s\u00e1got.<br \/>\n3. K\u00e9pz\u00e9si monitoring<br \/>\nA k\u00e9pz\u00e9si monitoring s a projekt c\u00e9lok marad\u00e9ktalan megval\u00f3sul\u00e1s\u00e1nak felt\u00e9tele. A folyamatos monitoroz\u00e1si tev\u00e9kenys\u00e9g sor\u00e1n megval\u00f3sul a k\u00e9pz\u00e9sek felt\u00e9teleinek, hat\u00e9konys\u00e1g\u00e1nak, eredm\u00e9nyess\u00e9g\u00e9nek, az indik\u00e1torok teljes\u00fcl\u00e9s\u00e9nek \u00e9s a kapcsol\u00f3d\u00f3 adminisztr\u00e1ci\u00f3j\u00e1nak<br \/>\n4. Foglalkoz\u00e1si rehabilit\u00e1ci\u00f3s szolg\u00e1ltat\u00e1sok<br \/>\nA szakmai tev\u00e9kenys\u00e9g egyik legfontosabb \u00e9s folyamatosan biztos\u00edtott eleme a foglalkoz\u00e1si rehabilit\u00e1ci\u00f3s szolg\u00e1ltat\u00e1sok ny\u00fajt\u00e1sa a munkat\u00e1rsak ny\u00edlt munkaer\u0151-piaci elhelyezked\u00e9si es\u00e9lyeinek n\u00f6vel\u00e9se \u00e9rdek\u00e9ben.<br \/>\n5. Tranzit\u00e1l\u00e1s<br \/>\nA projekt keret\u00e9ben 10 f\u0151 megv\u00e1ltozott munkak\u00e9pess\u00e9g\u0171 szem\u00e9ly sz\u00e1m\u00e1ra biztos\u00edtjuk a ny\u00edlt munkaer\u0151-piaci elhelyezked\u00e9st.<\/p>\n<p><a href=\"https:\/\/teljeseletert.hu\/wp-content\/uploads\/2020\/02\/sajtokozlemeny_zaras_EFOP_116_17_2017_00010.pdf\">sajtokozlemeny_zaras_EFOP_116_17_2017_00010<\/a><\/p>\n","protected":false},"excerpt":{"rendered":"<p>&nbsp; &nbsp; &nbsp; &nbsp; &nbsp; &nbsp; &nbsp; &nbsp; Projekt c\u00edme: Tranzitfoglalkoztatottak ny\u00edlt munkaer\u0151piaci integr\u00e1ci\u00f3j\u00e1nak el\u0151seg\u00edt\u00e9se a Teljes \u00c9let\u00e9rt Nonprofit Kft-n\u00e9l \u00a0Kedvezm\u00e9nyezett neve: \u201cTeljes \u00c9let\u00e9rt\u201d Nonprofit K\u00f6zhaszn\u00fa Kft. T\u00e1mogat\u00e1s \u00f6sszege: 63.384.132,- Ft T\u00e1mogat\u00e1s m\u00e9rt\u00e9ke: 100% Projekt megval\u00f3s\u00edt\u00e1s\u00e1nak kezdete:\u00a02018. 01. 01. Projekt fizikai befejez\u00e9se:\u00a02019. 12. 31. \u00d6SSZEFOGLAL\u00d3 A PROJEKTR\u0150L Az EFOP-1.1.6-17-2017-00010 k\u00f3dsz\u00e1m\u00fa p\u00e1ly\u00e1zati projekt keret\u00e9ben a megv\u00e1ltozott [&hellip;]<\/p>\n","protected":false},"author":4,"featured_media":0,"parent":36,"menu_order":0,"comment_status":"closed","ping_status":"closed","template":"","meta":{"footnotes":""},"class_list":["post-164","page","type-page","status-publish","hentry"],"yoast_head":"<!-- This site is optimized with the Yoast SEO plugin v26.6 - https:\/\/yoast.com\/wordpress\/plugins\/seo\/ -->\n<title>EFOP-1.1.6-17-2017-00010 - Teljes \u00c9let\u00e9rt Nonprofit K\u00f6zhaszn\u00fa Kft.<\/title>\n<meta name=\"robots\" content=\"index, follow, max-snippet:-1, max-image-preview:large, max-video-preview:-1\" \/>\n<link rel=\"canonical\" href=\"https:\/\/teljeseletert.hu\/hu_hu\/projektek\/efop-1-1-6-17-2017-00010\/\" \/>\n<meta property=\"og:locale\" content=\"hu_HU\" \/>\n<meta property=\"og:type\" content=\"article\" \/>\n<meta property=\"og:title\" content=\"EFOP-1.1.6-17-2017-00010 - Teljes \u00c9let\u00e9rt Nonprofit K\u00f6zhaszn\u00fa Kft.\" \/>\n<meta property=\"og:description\" content=\"&nbsp; &nbsp; &nbsp; &nbsp; &nbsp; &nbsp; &nbsp; &nbsp; Projekt c\u00edme: Tranzitfoglalkoztatottak ny\u00edlt munkaer\u0151piaci integr\u00e1ci\u00f3j\u00e1nak el\u0151seg\u00edt\u00e9se a Teljes \u00c9let\u00e9rt Nonprofit Kft-n\u00e9l \u00a0Kedvezm\u00e9nyezett neve: \u201cTeljes \u00c9let\u00e9rt\u201d Nonprofit K\u00f6zhaszn\u00fa Kft. T\u00e1mogat\u00e1s \u00f6sszege: 63.384.132,- Ft T\u00e1mogat\u00e1s m\u00e9rt\u00e9ke: 100% Projekt megval\u00f3s\u00edt\u00e1s\u00e1nak kezdete:\u00a02018. 01. 01. Projekt fizikai befejez\u00e9se:\u00a02019. 12. 31. \u00d6SSZEFOGLAL\u00d3 A PROJEKTR\u0150L Az EFOP-1.1.6-17-2017-00010 k\u00f3dsz\u00e1m\u00fa p\u00e1ly\u00e1zati projekt keret\u00e9ben a megv\u00e1ltozott [&hellip;]\" \/>\n<meta property=\"og:url\" content=\"https:\/\/teljeseletert.hu\/hu_hu\/projektek\/efop-1-1-6-17-2017-00010\/\" \/>\n<meta property=\"og:site_name\" content=\"Teljes \u00c9let\u00e9rt Nonprofit K\u00f6zhaszn\u00fa Kft.\" \/>\n<meta property=\"article:publisher\" content=\"https:\/\/www.facebook.com\/teljeseletertkft\" \/>\n<meta property=\"article:modified_time\" content=\"2022-05-05T07:34:09+00:00\" \/>\n<meta property=\"og:image\" content=\"https:\/\/teljeseletert.hu\/wp-content\/uploads\/2020\/05\/infoblokk_kedv_final_felso_cmyk_ESZA-300x207.jpg\" \/>\n<meta name=\"twitter:card\" content=\"summary_large_image\" \/>\n<meta name=\"twitter:label1\" content=\"Becs\u00fclt olvas\u00e1si id\u0151\" \/>\n\t<meta name=\"twitter:data1\" content=\"3 perc\" \/>\n<script type=\"application\/ld+json\" class=\"yoast-schema-graph\">{\"@context\":\"https:\/\/schema.org\",\"@graph\":[{\"@type\":\"WebPage\",\"@id\":\"https:\/\/teljeseletert.hu\/projektek\/efop-1-1-6-17-2017-00010\/\",\"url\":\"https:\/\/teljeseletert.hu\/projektek\/efop-1-1-6-17-2017-00010\/\",\"name\":\"EFOP-1.1.6-17-2017-00010 - Teljes \u00c9let\u00e9rt Nonprofit K\u00f6zhaszn\u00fa Kft.\",\"isPartOf\":{\"@id\":\"https:\/\/teljeseletert.hu\/hu_hu\/#website\"},\"primaryImageOfPage\":{\"@id\":\"https:\/\/teljeseletert.hu\/projektek\/efop-1-1-6-17-2017-00010\/#primaryimage\"},\"image\":{\"@id\":\"https:\/\/teljeseletert.hu\/projektek\/efop-1-1-6-17-2017-00010\/#primaryimage\"},\"thumbnailUrl\":\"https:\/\/teljeseletert.hu\/wp-content\/uploads\/2020\/05\/infoblokk_kedv_final_felso_cmyk_ESZA-300x207.jpg\",\"datePublished\":\"2018-07-23T17:57:25+00:00\",\"dateModified\":\"2022-05-05T07:34:09+00:00\",\"breadcrumb\":{\"@id\":\"https:\/\/teljeseletert.hu\/projektek\/efop-1-1-6-17-2017-00010\/#breadcrumb\"},\"inLanguage\":\"hu\",\"potentialAction\":[{\"@type\":\"ReadAction\",\"target\":[\"https:\/\/teljeseletert.hu\/projektek\/efop-1-1-6-17-2017-00010\/\"]}]},{\"@type\":\"ImageObject\",\"inLanguage\":\"hu\",\"@id\":\"https:\/\/teljeseletert.hu\/projektek\/efop-1-1-6-17-2017-00010\/#primaryimage\",\"url\":\"https:\/\/teljeseletert.hu\/wp-content\/uploads\/2020\/05\/infoblokk_kedv_final_felso_cmyk_ESZA-300x207.jpg\",\"contentUrl\":\"https:\/\/teljeseletert.hu\/wp-content\/uploads\/2020\/05\/infoblokk_kedv_final_felso_cmyk_ESZA-300x207.jpg\"},{\"@type\":\"BreadcrumbList\",\"@id\":\"https:\/\/teljeseletert.hu\/projektek\/efop-1-1-6-17-2017-00010\/#breadcrumb\",\"itemListElement\":[{\"@type\":\"ListItem\",\"position\":1,\"name\":\"Kezd\u0151lap\",\"item\":\"https:\/\/teljeseletert.hu\/\"},{\"@type\":\"ListItem\",\"position\":2,\"name\":\"Projektek\",\"item\":\"https:\/\/teljeseletert.hu\/projektek\/\"},{\"@type\":\"ListItem\",\"position\":3,\"name\":\"EFOP-1.1.6-17-2017-00010\"}]},{\"@type\":\"WebSite\",\"@id\":\"https:\/\/teljeseletert.hu\/hu_hu\/#website\",\"url\":\"https:\/\/teljeseletert.hu\/hu_hu\/\",\"name\":\"Teljes \u00c9let\u00e9rt Nonprofit Kft.\",\"description\":\"\",\"publisher\":{\"@id\":\"https:\/\/teljeseletert.hu\/hu_hu\/#organization\"},\"potentialAction\":[{\"@type\":\"SearchAction\",\"target\":{\"@type\":\"EntryPoint\",\"urlTemplate\":\"https:\/\/teljeseletert.hu\/hu_hu\/?s={search_term_string}\"},\"query-input\":{\"@type\":\"PropertyValueSpecification\",\"valueRequired\":true,\"valueName\":\"search_term_string\"}}],\"inLanguage\":\"hu\"},{\"@type\":\"Organization\",\"@id\":\"https:\/\/teljeseletert.hu\/hu_hu\/#organization\",\"name\":\"\\\"TELJES \u00c9LET\u00c9RT\\\" Nonprofit K\u00f6zhaszn\u00fa Kft.\",\"url\":\"https:\/\/teljeseletert.hu\/hu_hu\/\",\"logo\":{\"@type\":\"ImageObject\",\"inLanguage\":\"hu\",\"@id\":\"https:\/\/teljeseletert.hu\/hu_hu\/#\/schema\/logo\/image\/\",\"url\":\"https:\/\/teljeseletert.hu\/wp-content\/uploads\/2021\/01\/105560593_101776101596847_2912691729818324366_o.jpg\",\"contentUrl\":\"https:\/\/teljeseletert.hu\/wp-content\/uploads\/2021\/01\/105560593_101776101596847_2912691729818324366_o.jpg\",\"width\":1061,\"height\":1061,\"caption\":\"\\\"TELJES \u00c9LET\u00c9RT\\\" Nonprofit K\u00f6zhaszn\u00fa Kft.\"},\"image\":{\"@id\":\"https:\/\/teljeseletert.hu\/hu_hu\/#\/schema\/logo\/image\/\"},\"sameAs\":[\"https:\/\/www.facebook.com\/teljeseletertkft\"]}]}<\/script>\n<!-- \/ Yoast SEO plugin. -->","yoast_head_json":{"title":"EFOP-1.1.6-17-2017-00010 - Teljes \u00c9let\u00e9rt Nonprofit K\u00f6zhaszn\u00fa Kft.","robots":{"index":"index","follow":"follow","max-snippet":"max-snippet:-1","max-image-preview":"max-image-preview:large","max-video-preview":"max-video-preview:-1"},"canonical":"https:\/\/teljeseletert.hu\/hu_hu\/projektek\/efop-1-1-6-17-2017-00010\/","og_locale":"hu_HU","og_type":"article","og_title":"EFOP-1.1.6-17-2017-00010 - Teljes \u00c9let\u00e9rt Nonprofit K\u00f6zhaszn\u00fa Kft.","og_description":"&nbsp; &nbsp; &nbsp; &nbsp; &nbsp; &nbsp; &nbsp; &nbsp; Projekt c\u00edme: Tranzitfoglalkoztatottak ny\u00edlt munkaer\u0151piaci integr\u00e1ci\u00f3j\u00e1nak el\u0151seg\u00edt\u00e9se a Teljes \u00c9let\u00e9rt Nonprofit Kft-n\u00e9l \u00a0Kedvezm\u00e9nyezett neve: \u201cTeljes \u00c9let\u00e9rt\u201d Nonprofit K\u00f6zhaszn\u00fa Kft. T\u00e1mogat\u00e1s \u00f6sszege: 63.384.132,- Ft T\u00e1mogat\u00e1s m\u00e9rt\u00e9ke: 100% Projekt megval\u00f3s\u00edt\u00e1s\u00e1nak kezdete:\u00a02018. 01. 01. Projekt fizikai befejez\u00e9se:\u00a02019. 12. 31. \u00d6SSZEFOGLAL\u00d3 A PROJEKTR\u0150L Az EFOP-1.1.6-17-2017-00010 k\u00f3dsz\u00e1m\u00fa p\u00e1ly\u00e1zati projekt keret\u00e9ben a megv\u00e1ltozott [&hellip;]","og_url":"https:\/\/teljeseletert.hu\/hu_hu\/projektek\/efop-1-1-6-17-2017-00010\/","og_site_name":"Teljes \u00c9let\u00e9rt Nonprofit K\u00f6zhaszn\u00fa Kft.","article_publisher":"https:\/\/www.facebook.com\/teljeseletertkft","article_modified_time":"2022-05-05T07:34:09+00:00","og_image":[{"url":"https:\/\/teljeseletert.hu\/wp-content\/uploads\/2020\/05\/infoblokk_kedv_final_felso_cmyk_ESZA-300x207.jpg","type":"","width":"","height":""}],"twitter_card":"summary_large_image","twitter_misc":{"Becs\u00fclt olvas\u00e1si id\u0151":"3 perc"},"schema":{"@context":"https:\/\/schema.org","@graph":[{"@type":"WebPage","@id":"https:\/\/teljeseletert.hu\/projektek\/efop-1-1-6-17-2017-00010\/","url":"https:\/\/teljeseletert.hu\/projektek\/efop-1-1-6-17-2017-00010\/","name":"EFOP-1.1.6-17-2017-00010 - Teljes \u00c9let\u00e9rt Nonprofit K\u00f6zhaszn\u00fa Kft.","isPartOf":{"@id":"https:\/\/teljeseletert.hu\/hu_hu\/#website"},"primaryImageOfPage":{"@id":"https:\/\/teljeseletert.hu\/projektek\/efop-1-1-6-17-2017-00010\/#primaryimage"},"image":{"@id":"https:\/\/teljeseletert.hu\/projektek\/efop-1-1-6-17-2017-00010\/#primaryimage"},"thumbnailUrl":"https:\/\/teljeseletert.hu\/wp-content\/uploads\/2020\/05\/infoblokk_kedv_final_felso_cmyk_ESZA-300x207.jpg","datePublished":"2018-07-23T17:57:25+00:00","dateModified":"2022-05-05T07:34:09+00:00","breadcrumb":{"@id":"https:\/\/teljeseletert.hu\/projektek\/efop-1-1-6-17-2017-00010\/#breadcrumb"},"inLanguage":"hu","potentialAction":[{"@type":"ReadAction","target":["https:\/\/teljeseletert.hu\/projektek\/efop-1-1-6-17-2017-00010\/"]}]},{"@type":"ImageObject","inLanguage":"hu","@id":"https:\/\/teljeseletert.hu\/projektek\/efop-1-1-6-17-2017-00010\/#primaryimage","url":"https:\/\/teljeseletert.hu\/wp-content\/uploads\/2020\/05\/infoblokk_kedv_final_felso_cmyk_ESZA-300x207.jpg","contentUrl":"https:\/\/teljeseletert.hu\/wp-content\/uploads\/2020\/05\/infoblokk_kedv_final_felso_cmyk_ESZA-300x207.jpg"},{"@type":"BreadcrumbList","@id":"https:\/\/teljeseletert.hu\/projektek\/efop-1-1-6-17-2017-00010\/#breadcrumb","itemListElement":[{"@type":"ListItem","position":1,"name":"Kezd\u0151lap","item":"https:\/\/teljeseletert.hu\/"},{"@type":"ListItem","position":2,"name":"Projektek","item":"https:\/\/teljeseletert.hu\/projektek\/"},{"@type":"ListItem","position":3,"name":"EFOP-1.1.6-17-2017-00010"}]},{"@type":"WebSite","@id":"https:\/\/teljeseletert.hu\/hu_hu\/#website","url":"https:\/\/teljeseletert.hu\/hu_hu\/","name":"Teljes \u00c9let\u00e9rt Nonprofit Kft.","description":"","publisher":{"@id":"https:\/\/teljeseletert.hu\/hu_hu\/#organization"},"potentialAction":[{"@type":"SearchAction","target":{"@type":"EntryPoint","urlTemplate":"https:\/\/teljeseletert.hu\/hu_hu\/?s={search_term_string}"},"query-input":{"@type":"PropertyValueSpecification","valueRequired":true,"valueName":"search_term_string"}}],"inLanguage":"hu"},{"@type":"Organization","@id":"https:\/\/teljeseletert.hu\/hu_hu\/#organization","name":"\"TELJES \u00c9LET\u00c9RT\" Nonprofit K\u00f6zhaszn\u00fa Kft.","url":"https:\/\/teljeseletert.hu\/hu_hu\/","logo":{"@type":"ImageObject","inLanguage":"hu","@id":"https:\/\/teljeseletert.hu\/hu_hu\/#\/schema\/logo\/image\/","url":"https:\/\/teljeseletert.hu\/wp-content\/uploads\/2021\/01\/105560593_101776101596847_2912691729818324366_o.jpg","contentUrl":"https:\/\/teljeseletert.hu\/wp-content\/uploads\/2021\/01\/105560593_101776101596847_2912691729818324366_o.jpg","width":1061,"height":1061,"caption":"\"TELJES \u00c9LET\u00c9RT\" Nonprofit K\u00f6zhaszn\u00fa Kft."},"image":{"@id":"https:\/\/teljeseletert.hu\/hu_hu\/#\/schema\/logo\/image\/"},"sameAs":["https:\/\/www.facebook.com\/teljeseletertkft"]}]}},"_links":{"self":[{"href":"https:\/\/teljeseletert.hu\/hu_hu\/wp-json\/wp\/v2\/pages\/164","targetHints":{"allow":["GET"]}}],"collection":[{"href":"https:\/\/teljeseletert.hu\/hu_hu\/wp-json\/wp\/v2\/pages"}],"about":[{"href":"https:\/\/teljeseletert.hu\/hu_hu\/wp-json\/wp\/v2\/types\/page"}],"author":[{"embeddable":true,"href":"https:\/\/teljeseletert.hu\/hu_hu\/wp-json\/wp\/v2\/users\/4"}],"replies":[{"embeddable":true,"href":"https:\/\/teljeseletert.hu\/hu_hu\/wp-json\/wp\/v2\/comments?post=164"}],"version-history":[{"count":6,"href":"https:\/\/teljeseletert.hu\/hu_hu\/wp-json\/wp\/v2\/pages\/164\/revisions"}],"predecessor-version":[{"id":644,"href":"https:\/\/teljeseletert.hu\/hu_hu\/wp-json\/wp\/v2\/pages\/164\/revisions\/644"}],"up":[{"embeddable":true,"href":"https:\/\/teljeseletert.hu\/hu_hu\/wp-json\/wp\/v2\/pages\/36"}],"wp:attachment":[{"href":"https:\/\/teljeseletert.hu\/hu_hu\/wp-json\/wp\/v2\/media?parent=164"}],"curies":[{"name":"wp","href":"https:\/\/api.w.org\/{rel}","templated":true}]}}