{"id":54,"date":"2018-07-09T10:34:49","date_gmt":"2018-07-09T10:34:49","guid":{"rendered":"http:\/\/teljeseletert.hu\/?page_id=54"},"modified":"2024-08-08T06:10:04","modified_gmt":"2024-08-08T06:10:04","slug":"bemutatkozas","status":"publish","type":"page","link":"https:\/\/teljeseletert.hu\/en\/","title":{"rendered":"About Us"},"content":{"rendered":"<div class=\"fb-page\" data-href=\"https:\/\/www.facebook.com\/teljeseletertkft\/\" data-tabs=\"timeline\" data-width=\"500\" data-height=\"70\" data-small-header=\"true\" data-adapt-container-width=\"true\" data-hide-cover=\"true\" data-show-facepile=\"false\">\n<blockquote class=\"fb-xfbml-parse-ignore\" cite=\"https:\/\/www.facebook.com\/teljeseletertkft\/\">\n<p style=\"text-align: center;\"><a href=\"https:\/\/www.facebook.com\/teljeseletertkft\/\">Teljes \u00c9let\u00e9rt Nonprofit K\u00f6zhaszn\u00fa Kft.<\/a><\/p>\n<\/blockquote>\n<\/div>\n<p>&nbsp;<\/p>\n<p>A <strong>\u201eTeljes \u00c9let\u00e9rt\u201d Nonprofit K\u00f6zhaszn\u00fa Kft.<\/strong> \u201eTeljes \u00c9let\u00e9rt\u201d Nonprofit Ltd entered the Hungarian market as a fully Hungarian-owned\ncompany to provide employment opportunities for disabled people achieving\nwork rehabilitation as a part of the rehabilitation processes. Its purpose is to acquire work\nexperience and to regain the ability to work, which is an integral part of complex rehabilitation.<\/p>\n<p>Our company and its legal predecessor have been active in this segment since 1997, during this time\nwe have implemented the work rehabilitation of many of our companions. By our determination, we\nare trying to alleviate the labour market problems of people with health disability in J\u00e1sz Nagykun\nSzolnok county. Today we have nearly 1000 employees in the county.<\/p>\n<p>Our main goal is to provide adequate working conditions for disabled people and provide\nemployment opportunities, which will enable people with disabilities to be employed usefully. We\nhelp to achieve the rehabilitation and habilitation of workers, which provides an opportunity for\nthem to return to the open labour market and to maintain and improve their health.\nWe undertake wage work for many large foreign\/domestic companies.<\/p>\n<p>The protected employment provided by us affects nearly 600 people with disabilities.\nThe number of our employees has increased from the initial 30 to 20 times. Most of the wage work we do based on long term cooperation.<\/p>\n<p>We try to establish a good partnership with our customers by providing them high quality and accurate, flexible work.<\/p>\n<p>There are several manual and machine-based activities, various packaging tasks, electronic assembly work, but we also carry out sewing and tailoring activities for the textile industry and automotive sector.<\/p>\n<p>&nbsp;<\/p>\n<p>&nbsp;<\/p>\n<h3 style=\"text-align: center;\"><a href=\"https:\/\/teljeseletert.hu\/wp-content\/uploads\/2022\/05\/Akkreditacios-tanusitvany.pdf\"><strong>Rehabilit\u00e1ci\u00f3s akkredit\u00e1ci\u00f3s tan\u00fas\u00edtv\u00e1ny<\/strong><\/a><\/h3>\n<p><a href=\"https:\/\/teljeseletert.hu\/wp-content\/uploads\/2022\/05\/Akkreditacios-tanusitvany.pdf\"><img loading=\"lazy\" decoding=\"async\" class=\"wp-image-650 aligncenter\" src=\"https:\/\/teljeseletert.hu\/wp-content\/uploads\/2022\/05\/Akkreditacios-tanusitvany-scaled.jpg\" alt=\"\" width=\"709\" height=\"1001\" \/><\/a><\/p>\n<p><iframe loading=\"lazy\" style=\"border: 0;\" tabindex=\"0\" src=\"https:\/\/www.google.com\/maps\/embed?pb=!1m14!1m8!1m3!1d5421.649870496997!2d20.16302462117921!3d47.20043895914704!3m2!1i1024!2i768!4f13.1!3m3!1m2!1s0x0%3A0xd87760c216d54723!2zVGVsamVzIMOJbGV0w6lydCBOb25wcm9maXQgS8O2emhhc3puw7ogS2Z0Lg!5e0!3m2!1shu!2shu!4v1610016516314!5m2!1shu!2shu\" width=\"600\" height=\"450\" frameborder=\"0\" allowfullscreen=\"allowfullscreen\" aria-hidden=\"false\"><\/iframe><\/p>\n<p>&nbsp;<\/p>","protected":false},"excerpt":{"rendered":"<p>Teljes \u00c9let\u00e9rt Nonprofit K\u00f6zhaszn\u00fa Kft. &nbsp; A \u201eTeljes \u00c9let\u00e9rt\u201d Nonprofit K\u00f6zhaszn\u00fa Kft. teljes eg\u00e9sz\u00e9ben magyar tulajdon\u00fa v\u00e1llalatk\u00e9nt l\u00e9pett a hazai piacra azzal a c\u00e9llal, hogy munkalehet\u0151s\u00e9get biztos\u00edtson megv\u00e1ltozott munkak\u00e9pess\u00e9g\u0171 szem\u00e9lyek sz\u00e1m\u00e1ra, ezzel megval\u00f3s\u00edtva a komplex rehabilit\u00e1ci\u00f3 folyamat\u00e1ba illeszked\u0151 foglalkoz\u00e1si rehabilit\u00e1ci\u00f3t. A rehabilit\u00e1ci\u00f3s foglalkoztat\u00e1s c\u00e9lja munkatapasztalat szerz\u00e9se, ill. a munkav\u00e9gz\u0151 k\u00e9pess\u00e9g \u00fajb\u00f3li visszanyer\u00e9se, mely \u00e9rdek\u00e9ben biztos\u00edtjuk [&hellip;]<\/p>","protected":false},"author":4,"featured_media":0,"parent":0,"menu_order":0,"comment_status":"closed","ping_status":"closed","template":"","meta":{"footnotes":""},"class_list":["post-54","page","type-page","status-publish","hentry"],"yoast_head":"<!-- This site is optimized with the Yoast SEO plugin v26.6 - https:\/\/yoast.com\/wordpress\/plugins\/seo\/ -->\n<title>Bemutatkoz\u00e1s - Teljes \u00c9let\u00e9rt Nonprofit K\u00f6zhaszn\u00fa Kft.<\/title>\n<meta name=\"robots\" content=\"index, follow, max-snippet:-1, max-image-preview:large, max-video-preview:-1\" \/>\n<link rel=\"canonical\" href=\"https:\/\/teljeseletert.hu\/en\/\" \/>\n<meta property=\"og:locale\" content=\"en_GB\" \/>\n<meta property=\"og:type\" content=\"article\" \/>\n<meta property=\"og:title\" content=\"Bemutatkoz\u00e1s - Teljes \u00c9let\u00e9rt Nonprofit K\u00f6zhaszn\u00fa Kft.\" \/>\n<meta property=\"og:description\" content=\"Teljes \u00c9let\u00e9rt Nonprofit K\u00f6zhaszn\u00fa Kft. &nbsp; A \u201eTeljes \u00c9let\u00e9rt\u201d Nonprofit K\u00f6zhaszn\u00fa Kft. teljes eg\u00e9sz\u00e9ben magyar tulajdon\u00fa v\u00e1llalatk\u00e9nt l\u00e9pett a hazai piacra azzal a c\u00e9llal, hogy munkalehet\u0151s\u00e9get biztos\u00edtson megv\u00e1ltozott munkak\u00e9pess\u00e9g\u0171 szem\u00e9lyek sz\u00e1m\u00e1ra, ezzel megval\u00f3s\u00edtva a komplex rehabilit\u00e1ci\u00f3 folyamat\u00e1ba illeszked\u0151 foglalkoz\u00e1si rehabilit\u00e1ci\u00f3t. A rehabilit\u00e1ci\u00f3s foglalkoztat\u00e1s c\u00e9lja munkatapasztalat szerz\u00e9se, ill. a munkav\u00e9gz\u0151 k\u00e9pess\u00e9g \u00fajb\u00f3li visszanyer\u00e9se, mely \u00e9rdek\u00e9ben biztos\u00edtjuk [&hellip;]\" \/>\n<meta property=\"og:url\" content=\"https:\/\/teljeseletert.hu\/en\/\" \/>\n<meta property=\"og:site_name\" content=\"Teljes \u00c9let\u00e9rt Nonprofit K\u00f6zhaszn\u00fa Kft.\" \/>\n<meta property=\"article:publisher\" content=\"https:\/\/www.facebook.com\/teljeseletertkft\" \/>\n<meta property=\"article:modified_time\" content=\"2024-08-08T06:10:04+00:00\" \/>\n<meta property=\"og:image\" content=\"https:\/\/teljeseletert.hu\/wp-content\/uploads\/2022\/05\/Akkreditacios-tanusitvany-scaled.jpg\" \/>\n<meta name=\"twitter:card\" content=\"summary_large_image\" \/>\n<meta name=\"twitter:label1\" content=\"Estimated reading time\" \/>\n\t<meta name=\"twitter:data1\" content=\"1 minute\" \/>\n<script type=\"application\/ld+json\" class=\"yoast-schema-graph\">{\"@context\":\"https:\/\/schema.org\",\"@graph\":[{\"@type\":\"WebPage\",\"@id\":\"https:\/\/teljeseletert.hu\/\",\"url\":\"https:\/\/teljeseletert.hu\/\",\"name\":\"Bemutatkoz\u00e1s - Teljes \u00c9let\u00e9rt Nonprofit K\u00f6zhaszn\u00fa Kft.\",\"isPartOf\":{\"@id\":\"https:\/\/teljeseletert.hu\/hu_hu\/#website\"},\"primaryImageOfPage\":{\"@id\":\"https:\/\/teljeseletert.hu\/#primaryimage\"},\"image\":{\"@id\":\"https:\/\/teljeseletert.hu\/#primaryimage\"},\"thumbnailUrl\":\"https:\/\/teljeseletert.hu\/wp-content\/uploads\/2022\/05\/Akkreditacios-tanusitvany-scaled.jpg\",\"datePublished\":\"2018-07-09T10:34:49+00:00\",\"dateModified\":\"2024-08-08T06:10:04+00:00\",\"breadcrumb\":{\"@id\":\"https:\/\/teljeseletert.hu\/#breadcrumb\"},\"inLanguage\":\"en-GB\",\"potentialAction\":[{\"@type\":\"ReadAction\",\"target\":[\"https:\/\/teljeseletert.hu\/\"]}]},{\"@type\":\"ImageObject\",\"inLanguage\":\"en-GB\",\"@id\":\"https:\/\/teljeseletert.hu\/#primaryimage\",\"url\":\"https:\/\/teljeseletert.hu\/wp-content\/uploads\/2022\/05\/Akkreditacios-tanusitvany-scaled.jpg\",\"contentUrl\":\"https:\/\/teljeseletert.hu\/wp-content\/uploads\/2022\/05\/Akkreditacios-tanusitvany-scaled.jpg\"},{\"@type\":\"BreadcrumbList\",\"@id\":\"https:\/\/teljeseletert.hu\/#breadcrumb\",\"itemListElement\":[{\"@type\":\"ListItem\",\"position\":1,\"name\":\"Kezd\u0151lap\",\"item\":\"https:\/\/teljeseletert.hu\/\"},{\"@type\":\"ListItem\",\"position\":2,\"name\":\"Bemutatkoz\u00e1s\"}]},{\"@type\":\"WebSite\",\"@id\":\"https:\/\/teljeseletert.hu\/hu_hu\/#website\",\"url\":\"https:\/\/teljeseletert.hu\/hu_hu\/\",\"name\":\"Teljes \u00c9let\u00e9rt Nonprofit Kft.\",\"description\":\"\",\"publisher\":{\"@id\":\"https:\/\/teljeseletert.hu\/hu_hu\/#organization\"},\"potentialAction\":[{\"@type\":\"SearchAction\",\"target\":{\"@type\":\"EntryPoint\",\"urlTemplate\":\"https:\/\/teljeseletert.hu\/hu_hu\/?s={search_term_string}\"},\"query-input\":{\"@type\":\"PropertyValueSpecification\",\"valueRequired\":true,\"valueName\":\"search_term_string\"}}],\"inLanguage\":\"en-GB\"},{\"@type\":\"Organization\",\"@id\":\"https:\/\/teljeseletert.hu\/hu_hu\/#organization\",\"name\":\"\\\"TELJES \u00c9LET\u00c9RT\\\" Nonprofit K\u00f6zhaszn\u00fa Kft.\",\"url\":\"https:\/\/teljeseletert.hu\/hu_hu\/\",\"logo\":{\"@type\":\"ImageObject\",\"inLanguage\":\"en-GB\",\"@id\":\"https:\/\/teljeseletert.hu\/hu_hu\/#\/schema\/logo\/image\/\",\"url\":\"https:\/\/teljeseletert.hu\/wp-content\/uploads\/2021\/01\/105560593_101776101596847_2912691729818324366_o.jpg\",\"contentUrl\":\"https:\/\/teljeseletert.hu\/wp-content\/uploads\/2021\/01\/105560593_101776101596847_2912691729818324366_o.jpg\",\"width\":1061,\"height\":1061,\"caption\":\"\\\"TELJES \u00c9LET\u00c9RT\\\" Nonprofit K\u00f6zhaszn\u00fa Kft.\"},\"image\":{\"@id\":\"https:\/\/teljeseletert.hu\/hu_hu\/#\/schema\/logo\/image\/\"},\"sameAs\":[\"https:\/\/www.facebook.com\/teljeseletertkft\"]}]}<\/script>\n<!-- \/ Yoast SEO plugin. -->","yoast_head_json":{"title":"Bemutatkoz\u00e1s - Teljes \u00c9let\u00e9rt Nonprofit K\u00f6zhaszn\u00fa Kft.","robots":{"index":"index","follow":"follow","max-snippet":"max-snippet:-1","max-image-preview":"max-image-preview:large","max-video-preview":"max-video-preview:-1"},"canonical":"https:\/\/teljeseletert.hu\/en\/","og_locale":"en_GB","og_type":"article","og_title":"Bemutatkoz\u00e1s - Teljes \u00c9let\u00e9rt Nonprofit K\u00f6zhaszn\u00fa Kft.","og_description":"Teljes \u00c9let\u00e9rt Nonprofit K\u00f6zhaszn\u00fa Kft. &nbsp; A \u201eTeljes \u00c9let\u00e9rt\u201d Nonprofit K\u00f6zhaszn\u00fa Kft. teljes eg\u00e9sz\u00e9ben magyar tulajdon\u00fa v\u00e1llalatk\u00e9nt l\u00e9pett a hazai piacra azzal a c\u00e9llal, hogy munkalehet\u0151s\u00e9get biztos\u00edtson megv\u00e1ltozott munkak\u00e9pess\u00e9g\u0171 szem\u00e9lyek sz\u00e1m\u00e1ra, ezzel megval\u00f3s\u00edtva a komplex rehabilit\u00e1ci\u00f3 folyamat\u00e1ba illeszked\u0151 foglalkoz\u00e1si rehabilit\u00e1ci\u00f3t. A rehabilit\u00e1ci\u00f3s foglalkoztat\u00e1s c\u00e9lja munkatapasztalat szerz\u00e9se, ill. a munkav\u00e9gz\u0151 k\u00e9pess\u00e9g \u00fajb\u00f3li visszanyer\u00e9se, mely \u00e9rdek\u00e9ben biztos\u00edtjuk [&hellip;]","og_url":"https:\/\/teljeseletert.hu\/en\/","og_site_name":"Teljes \u00c9let\u00e9rt Nonprofit K\u00f6zhaszn\u00fa Kft.","article_publisher":"https:\/\/www.facebook.com\/teljeseletertkft","article_modified_time":"2024-08-08T06:10:04+00:00","og_image":[{"url":"https:\/\/teljeseletert.hu\/wp-content\/uploads\/2022\/05\/Akkreditacios-tanusitvany-scaled.jpg","type":"","width":"","height":""}],"twitter_card":"summary_large_image","twitter_misc":{"Estimated reading time":"1 minute"},"schema":{"@context":"https:\/\/schema.org","@graph":[{"@type":"WebPage","@id":"https:\/\/teljeseletert.hu\/","url":"https:\/\/teljeseletert.hu\/","name":"Bemutatkoz\u00e1s - Teljes \u00c9let\u00e9rt Nonprofit K\u00f6zhaszn\u00fa Kft.","isPartOf":{"@id":"https:\/\/teljeseletert.hu\/hu_hu\/#website"},"primaryImageOfPage":{"@id":"https:\/\/teljeseletert.hu\/#primaryimage"},"image":{"@id":"https:\/\/teljeseletert.hu\/#primaryimage"},"thumbnailUrl":"https:\/\/teljeseletert.hu\/wp-content\/uploads\/2022\/05\/Akkreditacios-tanusitvany-scaled.jpg","datePublished":"2018-07-09T10:34:49+00:00","dateModified":"2024-08-08T06:10:04+00:00","breadcrumb":{"@id":"https:\/\/teljeseletert.hu\/#breadcrumb"},"inLanguage":"en-GB","potentialAction":[{"@type":"ReadAction","target":["https:\/\/teljeseletert.hu\/"]}]},{"@type":"ImageObject","inLanguage":"en-GB","@id":"https:\/\/teljeseletert.hu\/#primaryimage","url":"https:\/\/teljeseletert.hu\/wp-content\/uploads\/2022\/05\/Akkreditacios-tanusitvany-scaled.jpg","contentUrl":"https:\/\/teljeseletert.hu\/wp-content\/uploads\/2022\/05\/Akkreditacios-tanusitvany-scaled.jpg"},{"@type":"BreadcrumbList","@id":"https:\/\/teljeseletert.hu\/#breadcrumb","itemListElement":[{"@type":"ListItem","position":1,"name":"Kezd\u0151lap","item":"https:\/\/teljeseletert.hu\/"},{"@type":"ListItem","position":2,"name":"Bemutatkoz\u00e1s"}]},{"@type":"WebSite","@id":"https:\/\/teljeseletert.hu\/hu_hu\/#website","url":"https:\/\/teljeseletert.hu\/hu_hu\/","name":"Teljes \u00c9let\u00e9rt Nonprofit Kft.","description":"","publisher":{"@id":"https:\/\/teljeseletert.hu\/hu_hu\/#organization"},"potentialAction":[{"@type":"SearchAction","target":{"@type":"EntryPoint","urlTemplate":"https:\/\/teljeseletert.hu\/hu_hu\/?s={search_term_string}"},"query-input":{"@type":"PropertyValueSpecification","valueRequired":true,"valueName":"search_term_string"}}],"inLanguage":"en-GB"},{"@type":"Organization","@id":"https:\/\/teljeseletert.hu\/hu_hu\/#organization","name":"\"TELJES \u00c9LET\u00c9RT\" Nonprofit K\u00f6zhaszn\u00fa Kft.","url":"https:\/\/teljeseletert.hu\/hu_hu\/","logo":{"@type":"ImageObject","inLanguage":"en-GB","@id":"https:\/\/teljeseletert.hu\/hu_hu\/#\/schema\/logo\/image\/","url":"https:\/\/teljeseletert.hu\/wp-content\/uploads\/2021\/01\/105560593_101776101596847_2912691729818324366_o.jpg","contentUrl":"https:\/\/teljeseletert.hu\/wp-content\/uploads\/2021\/01\/105560593_101776101596847_2912691729818324366_o.jpg","width":1061,"height":1061,"caption":"\"TELJES \u00c9LET\u00c9RT\" Nonprofit K\u00f6zhaszn\u00fa Kft."},"image":{"@id":"https:\/\/teljeseletert.hu\/hu_hu\/#\/schema\/logo\/image\/"},"sameAs":["https:\/\/www.facebook.com\/teljeseletertkft"]}]}},"_links":{"self":[{"href":"https:\/\/teljeseletert.hu\/en\/wp-json\/wp\/v2\/pages\/54","targetHints":{"allow":["GET"]}}],"collection":[{"href":"https:\/\/teljeseletert.hu\/en\/wp-json\/wp\/v2\/pages"}],"about":[{"href":"https:\/\/teljeseletert.hu\/en\/wp-json\/wp\/v2\/types\/page"}],"author":[{"embeddable":true,"href":"https:\/\/teljeseletert.hu\/en\/wp-json\/wp\/v2\/users\/4"}],"replies":[{"embeddable":true,"href":"https:\/\/teljeseletert.hu\/en\/wp-json\/wp\/v2\/comments?post=54"}],"version-history":[{"count":32,"href":"https:\/\/teljeseletert.hu\/en\/wp-json\/wp\/v2\/pages\/54\/revisions"}],"predecessor-version":[{"id":833,"href":"https:\/\/teljeseletert.hu\/en\/wp-json\/wp\/v2\/pages\/54\/revisions\/833"}],"wp:attachment":[{"href":"https:\/\/teljeseletert.hu\/en\/wp-json\/wp\/v2\/media?parent=54"}],"curies":[{"name":"wp","href":"https:\/\/api.w.org\/{rel}","templated":true}]}}