{"id":21,"date":"2018-07-09T09:12:08","date_gmt":"2018-07-09T09:12:08","guid":{"rendered":"http:\/\/teljeseletert.hu\/?page_id=21"},"modified":"2022-05-12T11:54:48","modified_gmt":"2022-05-12T11:54:48","slug":"kapcsolat","status":"publish","type":"page","link":"https:\/\/teljeseletert.hu\/en\/kapcsolat\/","title":{"rendered":"Contact"},"content":{"rendered":"<p><iframe loading=\"lazy\" style=\"border: 0;\" tabindex=\"0\" src=\"https:\/\/www.google.com\/maps\/embed?pb=!1m14!1m8!1m3!1d5421.649870496997!2d20.16302462117921!3d47.20043895914704!3m2!1i1024!2i768!4f13.1!3m3!1m2!1s0x0%3A0xd87760c216d54723!2zVGVsamVzIMOJbGV0w6lydCBOb25wcm9maXQgS8O2emhhc3puw7ogS2Z0Lg!5e0!3m2!1shu!2shu!4v1610016516314!5m2!1shu!2shu\" width=\"600\" height=\"450\" frameborder=\"0\" allowfullscreen=\"allowfullscreen\" aria-hidden=\"false\"><\/iframe><\/p>\n<p>&nbsp;<\/p>\n<p style=\"margin: 0cm; margin-bottom: .0001pt;\">C\u00edm: <a href=\"https:\/\/www.google.hu\/maps\/place\/Teljes+%C3%89let%C3%A9rt+Nonprofit+K%C3%B6zhaszn%C3%BA+Kft.\/@47.198643,20.1591309,17z\/data=!3m1!4b1!4m5!3m4!1s0x4741416e17051527:0xd87760c216d54723!8m2!3d47.198826!4d20.1615715?hl=hu\">5000 Szolnok, Th\u00f6k\u00f6ly \u00fat 96.<\/a><br \/>\nTelefonsz\u00e1m: <a href=\"tel:+3630466-3679\">+36 30\/466-3679<\/a><\/p>\n<p style=\"margin: 0cm; margin-bottom: .0001pt;\">E-mail: <a href=\"mailto:titkarsag.teljeseletert@t-online.hu\">titkarsag.teljeseletert@t-online.hu<\/a><\/p>\n<p>Munka\u00fcgyi oszt\u00e1ly telefonsz\u00e1m: <a href=\"tel:+36306889680\">+36 30\/688-9680<\/a><\/p>\n<p>Rehabilit\u00e1ci\u00f3s oszt\u00e1ly telefonsz\u00e1m: <a href=\"tel:+36302491027\">+36 30\/249-1027<\/a><\/p>\n<p>&nbsp;<\/p>\n<div class=\"wpforms-container wpforms-container-full\" id=\"wpforms-415\"><form id=\"wpforms-form-415\" class=\"wpforms-validate wpforms-form\" data-formid=\"415\" method=\"post\" enctype=\"multipart\/form-data\" action=\"\/en\/wp-json\/wp\/v2\/pages\/21\" data-token=\"9a942b76222ff47932c479f40f315564\" data-token-time=\"1776962656\" data-trp-original-action=\"\/en\/wp-json\/wp\/v2\/pages\/21\"><noscript class=\"wpforms-error-noscript\">Please enable JavaScript in your browser to complete this form.<\/noscript><div class=\"wpforms-field-container\"><div id=\"wpforms-415-field_0-container\" class=\"wpforms-field wpforms-field-name\" data-field-id=\"0\"><label class=\"wpforms-field-label\" for=\"wpforms-415-field_0\">N\u00e9v <span class=\"wpforms-required-label\">*<\/span><\/label><input type=\"text\" id=\"wpforms-415-field_0\" class=\"wpforms-field-medium wpforms-field-required\" name=\"wpforms[fields][0]\" required><div class=\"wpforms-field-description\">K\u00e9rj\u00fck adja meg a nev\u00e9t.<\/div><\/div><div id=\"wpforms-415-field_8-container\" class=\"wpforms-field wpforms-field-text\" data-field-id=\"8\"><label class=\"wpforms-field-label\" for=\"wpforms-415-field_8\">C\u00e9g<\/label><input type=\"text\" id=\"wpforms-415-field_8\" class=\"wpforms-field-medium\" name=\"wpforms[fields][8]\" ><div class=\"wpforms-field-description\">K\u00e9rj\u00fck adja meg a c\u00e9gnev\u00e9t amennyiben a megkeres\u00e9s sz\u00e1nd\u00e9ka \u00fczleti.<\/div><\/div><div id=\"wpforms-415-field_1-container\" class=\"wpforms-field wpforms-field-email\" data-field-id=\"1\"><label class=\"wpforms-field-label\" for=\"wpforms-415-field_1\">Email <span class=\"wpforms-required-label\">*<\/span><\/label><input type=\"email\" id=\"wpforms-415-field_1\" class=\"wpforms-field-medium wpforms-field-required\" name=\"wpforms[fields][1]\" spellcheck=\"false\" required><div class=\"wpforms-field-description\">K\u00e9rj\u00fck adja meg az e-mail c\u00edm\u00e9t, amire k\u00e9s\u0151bb v\u00e1laszolni tudunk.<\/div><\/div><div id=\"wpforms-415-field_6-container\" class=\"wpforms-field wpforms-field-text\" data-field-id=\"6\"><label class=\"wpforms-field-label\" for=\"wpforms-415-field_6\">Telefonsz\u00e1m<\/label><input type=\"text\" id=\"wpforms-415-field_6\" class=\"wpforms-field-medium\" name=\"wpforms[fields][6]\" ><div class=\"wpforms-field-description\">K\u00e9rj\u00fck adja meg a telefonsz\u00e1m\u00e1t amin el\u00e9rhetj\u00fck. (opcion\u00e1lis)<\/div><\/div><div id=\"wpforms-415-field_5-container\" class=\"wpforms-field wpforms-field-radio wpforms-list-inline\" data-field-id=\"5\"><label class=\"wpforms-field-label\">Megkeres\u00e9s sz\u00e1nd\u00e9ka <span class=\"wpforms-required-label\">*<\/span><\/label><ul id=\"wpforms-415-field_5\" class=\"wpforms-field-required wpforms-image-choices wpforms-image-choices-modern\"><li class=\"choice-1 depth-1 wpforms-image-choices-item\"><label class=\"wpforms-field-label-inline\" for=\"wpforms-415-field_5_1\" tabindex=\"0\"><span class=\"wpforms-image-choices-image\"><img decoding=\"async\" src=\"https:\/\/teljeseletert.hu\/wp-content\/uploads\/2021\/01\/uzlet.jpg\" alt=\"\u00dczleti\" title=\"\u00dczleti\"><\/span><input type=\"radio\" id=\"wpforms-415-field_5_1\" class=\"wpforms-screen-reader-element\" name=\"wpforms[fields][5]\" value=\"\u00dczleti\" tabindex=\"-1\" required><span class=\"wpforms-image-choices-label\">\u00dczleti<\/span><\/label><\/li><li class=\"choice-2 depth-1 wpforms-image-choices-item\"><label class=\"wpforms-field-label-inline\" for=\"wpforms-415-field_5_2\" tabindex=\"0\"><span class=\"wpforms-image-choices-image\"><img decoding=\"async\" src=\"https:\/\/teljeseletert.hu\/wp-content\/uploads\/2021\/01\/munka.jpg\" alt=\"Munkalehet\u0151s\u00e9g\" title=\"Munkalehet\u0151s\u00e9g\"><\/span><input type=\"radio\" id=\"wpforms-415-field_5_2\" class=\"wpforms-screen-reader-element\" name=\"wpforms[fields][5]\" value=\"Munkalehet\u0151s\u00e9g\" tabindex=\"-1\" required><span class=\"wpforms-image-choices-label\">Munkalehet\u0151s\u00e9g<\/span><\/label><\/li><li class=\"choice-3 depth-1 wpforms-image-choices-item\"><label class=\"wpforms-field-label-inline\" for=\"wpforms-415-field_5_3\" tabindex=\"0\"><span class=\"wpforms-image-choices-image\"><img decoding=\"async\" src=\"https:\/\/teljeseletert.hu\/wp-content\/uploads\/2021\/01\/kerdes.jpg\" alt=\"Egy\u00e9b\" title=\"Egy\u00e9b\"><\/span><input type=\"radio\" id=\"wpforms-415-field_5_3\" class=\"wpforms-screen-reader-element\" name=\"wpforms[fields][5]\" value=\"Egy\u00e9b\" tabindex=\"-1\" required><span class=\"wpforms-image-choices-label\">Egy\u00e9b<\/span><\/label><\/li><\/ul><\/div><div id=\"wpforms-415-field_2-container\" class=\"wpforms-field wpforms-field-textarea\" data-field-id=\"2\"><label class=\"wpforms-field-label\" for=\"wpforms-415-field_2\">\u00dczenet <span class=\"wpforms-required-label\">*<\/span><\/label><textarea id=\"wpforms-415-field_2\" class=\"wpforms-field-medium wpforms-field-required\" name=\"wpforms[fields][2]\" required><\/textarea><\/div><\/div><!-- .wpforms-field-container --><div class=\"wpforms-recaptcha-container wpforms-is-recaptcha wpforms-is-recaptcha-type-v3\" ><input type=\"hidden\" name=\"wpforms[recaptcha]\" value=\"\"><\/div><div class=\"wpforms-submit-container\" ><input type=\"hidden\" name=\"wpforms[id]\" value=\"415\"><input type=\"hidden\" name=\"page_title\" value=\"\"><input type=\"hidden\" name=\"page_url\" value=\"https:\/\/teljeseletert.hu\/en\/wp-json\/wp\/v2\/pages\/21\"><input type=\"hidden\" name=\"url_referer\" value=\"\"><button type=\"submit\" name=\"wpforms[submit]\" id=\"wpforms-submit-415\" class=\"wpforms-submit\" data-alt-text=\"K\u00fcld\u00e9s...\" data-submit-text=\"Bek\u00fcld\u00e9s\" aria-live=\"assertive\" value=\"wpforms-submit\">Bek\u00fcld\u00e9s<\/button><\/div><input type=\"hidden\" name=\"trp-form-language\" value=\"en\"\/><\/form><\/div>  <!-- .wpforms-container -->","protected":false},"excerpt":{"rendered":"<p>&nbsp; C\u00edm: 5000 Szolnok, Th\u00f6k\u00f6ly \u00fat 96. Telefonsz\u00e1m: +36 30\/466-3679 E-mail: titkarsag.teljeseletert@t-online.hu Munka\u00fcgyi oszt\u00e1ly telefonsz\u00e1m: +36 30\/688-9680 Rehabilit\u00e1ci\u00f3s oszt\u00e1ly telefonsz\u00e1m: +36 30\/249-1027 &nbsp;<\/p>","protected":false},"author":4,"featured_media":0,"parent":0,"menu_order":0,"comment_status":"closed","ping_status":"closed","template":"","meta":{"footnotes":""},"class_list":["post-21","page","type-page","status-publish","hentry"],"yoast_head":"<!-- This site is optimized with the Yoast SEO plugin v26.6 - https:\/\/yoast.com\/wordpress\/plugins\/seo\/ -->\n<title>Kapcsolat - Teljes \u00c9let\u00e9rt Nonprofit K\u00f6zhaszn\u00fa Kft.<\/title>\n<meta name=\"description\" content=\"Megv\u00e1ltozott munkak\u00e9pess\u00e9g\u0171 \u00e1ll\u00e1s Szolnok\" \/>\n<meta name=\"robots\" content=\"index, follow, max-snippet:-1, max-image-preview:large, max-video-preview:-1\" \/>\n<link rel=\"canonical\" href=\"https:\/\/teljeseletert.hu\/en\/kapcsolat\/\" \/>\n<meta property=\"og:locale\" content=\"en_GB\" \/>\n<meta property=\"og:type\" content=\"article\" \/>\n<meta property=\"og:title\" content=\"Kapcsolat - Teljes \u00c9let\u00e9rt Nonprofit K\u00f6zhaszn\u00fa Kft.\" \/>\n<meta property=\"og:description\" content=\"Megv\u00e1ltozott munkak\u00e9pess\u00e9g\u0171 \u00e1ll\u00e1s Szolnok\" \/>\n<meta property=\"og:url\" content=\"https:\/\/teljeseletert.hu\/en\/kapcsolat\/\" \/>\n<meta property=\"og:site_name\" content=\"Teljes \u00c9let\u00e9rt Nonprofit K\u00f6zhaszn\u00fa Kft.\" \/>\n<meta property=\"article:publisher\" content=\"https:\/\/www.facebook.com\/teljeseletertkft\" \/>\n<meta property=\"article:modified_time\" content=\"2022-05-12T11:54:48+00:00\" \/>\n<meta name=\"twitter:card\" content=\"summary_large_image\" \/>\n<script type=\"application\/ld+json\" class=\"yoast-schema-graph\">{\"@context\":\"https:\/\/schema.org\",\"@graph\":[{\"@type\":\"WebPage\",\"@id\":\"https:\/\/teljeseletert.hu\/kapcsolat\/\",\"url\":\"https:\/\/teljeseletert.hu\/kapcsolat\/\",\"name\":\"Kapcsolat - Teljes \u00c9let\u00e9rt Nonprofit K\u00f6zhaszn\u00fa Kft.\",\"isPartOf\":{\"@id\":\"https:\/\/teljeseletert.hu\/hu_hu\/#website\"},\"datePublished\":\"2018-07-09T09:12:08+00:00\",\"dateModified\":\"2022-05-12T11:54:48+00:00\",\"description\":\"Megv\u00e1ltozott munkak\u00e9pess\u00e9g\u0171 \u00e1ll\u00e1s Szolnok\",\"breadcrumb\":{\"@id\":\"https:\/\/teljeseletert.hu\/kapcsolat\/#breadcrumb\"},\"inLanguage\":\"en-GB\",\"potentialAction\":[{\"@type\":\"ReadAction\",\"target\":[\"https:\/\/teljeseletert.hu\/kapcsolat\/\"]}]},{\"@type\":\"BreadcrumbList\",\"@id\":\"https:\/\/teljeseletert.hu\/kapcsolat\/#breadcrumb\",\"itemListElement\":[{\"@type\":\"ListItem\",\"position\":1,\"name\":\"Kezd\u0151lap\",\"item\":\"https:\/\/teljeseletert.hu\/\"},{\"@type\":\"ListItem\",\"position\":2,\"name\":\"Kapcsolat\"}]},{\"@type\":\"WebSite\",\"@id\":\"https:\/\/teljeseletert.hu\/hu_hu\/#website\",\"url\":\"https:\/\/teljeseletert.hu\/hu_hu\/\",\"name\":\"Teljes \u00c9let\u00e9rt Nonprofit Kft.\",\"description\":\"\",\"publisher\":{\"@id\":\"https:\/\/teljeseletert.hu\/hu_hu\/#organization\"},\"potentialAction\":[{\"@type\":\"SearchAction\",\"target\":{\"@type\":\"EntryPoint\",\"urlTemplate\":\"https:\/\/teljeseletert.hu\/hu_hu\/?s={search_term_string}\"},\"query-input\":{\"@type\":\"PropertyValueSpecification\",\"valueRequired\":true,\"valueName\":\"search_term_string\"}}],\"inLanguage\":\"en-GB\"},{\"@type\":\"Organization\",\"@id\":\"https:\/\/teljeseletert.hu\/hu_hu\/#organization\",\"name\":\"\\\"TELJES \u00c9LET\u00c9RT\\\" Nonprofit K\u00f6zhaszn\u00fa Kft.\",\"url\":\"https:\/\/teljeseletert.hu\/hu_hu\/\",\"logo\":{\"@type\":\"ImageObject\",\"inLanguage\":\"en-GB\",\"@id\":\"https:\/\/teljeseletert.hu\/hu_hu\/#\/schema\/logo\/image\/\",\"url\":\"https:\/\/teljeseletert.hu\/wp-content\/uploads\/2021\/01\/105560593_101776101596847_2912691729818324366_o.jpg\",\"contentUrl\":\"https:\/\/teljeseletert.hu\/wp-content\/uploads\/2021\/01\/105560593_101776101596847_2912691729818324366_o.jpg\",\"width\":1061,\"height\":1061,\"caption\":\"\\\"TELJES \u00c9LET\u00c9RT\\\" Nonprofit K\u00f6zhaszn\u00fa Kft.\"},\"image\":{\"@id\":\"https:\/\/teljeseletert.hu\/hu_hu\/#\/schema\/logo\/image\/\"},\"sameAs\":[\"https:\/\/www.facebook.com\/teljeseletertkft\"]}]}<\/script>\n<!-- \/ Yoast SEO plugin. -->","yoast_head_json":{"title":"Kapcsolat - Teljes \u00c9let\u00e9rt Nonprofit K\u00f6zhaszn\u00fa Kft.","description":"Megv\u00e1ltozott munkak\u00e9pess\u00e9g\u0171 \u00e1ll\u00e1s Szolnok","robots":{"index":"index","follow":"follow","max-snippet":"max-snippet:-1","max-image-preview":"max-image-preview:large","max-video-preview":"max-video-preview:-1"},"canonical":"https:\/\/teljeseletert.hu\/en\/kapcsolat\/","og_locale":"en_GB","og_type":"article","og_title":"Kapcsolat - Teljes \u00c9let\u00e9rt Nonprofit K\u00f6zhaszn\u00fa Kft.","og_description":"Megv\u00e1ltozott munkak\u00e9pess\u00e9g\u0171 \u00e1ll\u00e1s Szolnok","og_url":"https:\/\/teljeseletert.hu\/en\/kapcsolat\/","og_site_name":"Teljes \u00c9let\u00e9rt Nonprofit K\u00f6zhaszn\u00fa Kft.","article_publisher":"https:\/\/www.facebook.com\/teljeseletertkft","article_modified_time":"2022-05-12T11:54:48+00:00","twitter_card":"summary_large_image","schema":{"@context":"https:\/\/schema.org","@graph":[{"@type":"WebPage","@id":"https:\/\/teljeseletert.hu\/kapcsolat\/","url":"https:\/\/teljeseletert.hu\/kapcsolat\/","name":"Kapcsolat - Teljes \u00c9let\u00e9rt Nonprofit K\u00f6zhaszn\u00fa Kft.","isPartOf":{"@id":"https:\/\/teljeseletert.hu\/hu_hu\/#website"},"datePublished":"2018-07-09T09:12:08+00:00","dateModified":"2022-05-12T11:54:48+00:00","description":"Megv\u00e1ltozott munkak\u00e9pess\u00e9g\u0171 \u00e1ll\u00e1s Szolnok","breadcrumb":{"@id":"https:\/\/teljeseletert.hu\/kapcsolat\/#breadcrumb"},"inLanguage":"en-GB","potentialAction":[{"@type":"ReadAction","target":["https:\/\/teljeseletert.hu\/kapcsolat\/"]}]},{"@type":"BreadcrumbList","@id":"https:\/\/teljeseletert.hu\/kapcsolat\/#breadcrumb","itemListElement":[{"@type":"ListItem","position":1,"name":"Kezd\u0151lap","item":"https:\/\/teljeseletert.hu\/"},{"@type":"ListItem","position":2,"name":"Kapcsolat"}]},{"@type":"WebSite","@id":"https:\/\/teljeseletert.hu\/hu_hu\/#website","url":"https:\/\/teljeseletert.hu\/hu_hu\/","name":"Teljes \u00c9let\u00e9rt Nonprofit Kft.","description":"","publisher":{"@id":"https:\/\/teljeseletert.hu\/hu_hu\/#organization"},"potentialAction":[{"@type":"SearchAction","target":{"@type":"EntryPoint","urlTemplate":"https:\/\/teljeseletert.hu\/hu_hu\/?s={search_term_string}"},"query-input":{"@type":"PropertyValueSpecification","valueRequired":true,"valueName":"search_term_string"}}],"inLanguage":"en-GB"},{"@type":"Organization","@id":"https:\/\/teljeseletert.hu\/hu_hu\/#organization","name":"\"TELJES \u00c9LET\u00c9RT\" Nonprofit K\u00f6zhaszn\u00fa Kft.","url":"https:\/\/teljeseletert.hu\/hu_hu\/","logo":{"@type":"ImageObject","inLanguage":"en-GB","@id":"https:\/\/teljeseletert.hu\/hu_hu\/#\/schema\/logo\/image\/","url":"https:\/\/teljeseletert.hu\/wp-content\/uploads\/2021\/01\/105560593_101776101596847_2912691729818324366_o.jpg","contentUrl":"https:\/\/teljeseletert.hu\/wp-content\/uploads\/2021\/01\/105560593_101776101596847_2912691729818324366_o.jpg","width":1061,"height":1061,"caption":"\"TELJES \u00c9LET\u00c9RT\" Nonprofit K\u00f6zhaszn\u00fa Kft."},"image":{"@id":"https:\/\/teljeseletert.hu\/hu_hu\/#\/schema\/logo\/image\/"},"sameAs":["https:\/\/www.facebook.com\/teljeseletertkft"]}]}},"_links":{"self":[{"href":"https:\/\/teljeseletert.hu\/en\/wp-json\/wp\/v2\/pages\/21","targetHints":{"allow":["GET"]}}],"collection":[{"href":"https:\/\/teljeseletert.hu\/en\/wp-json\/wp\/v2\/pages"}],"about":[{"href":"https:\/\/teljeseletert.hu\/en\/wp-json\/wp\/v2\/types\/page"}],"author":[{"embeddable":true,"href":"https:\/\/teljeseletert.hu\/en\/wp-json\/wp\/v2\/users\/4"}],"replies":[{"embeddable":true,"href":"https:\/\/teljeseletert.hu\/en\/wp-json\/wp\/v2\/comments?post=21"}],"version-history":[{"count":19,"href":"https:\/\/teljeseletert.hu\/en\/wp-json\/wp\/v2\/pages\/21\/revisions"}],"predecessor-version":[{"id":672,"href":"https:\/\/teljeseletert.hu\/en\/wp-json\/wp\/v2\/pages\/21\/revisions\/672"}],"wp:attachment":[{"href":"https:\/\/teljeseletert.hu\/en\/wp-json\/wp\/v2\/media?parent=21"}],"curies":[{"name":"wp","href":"https:\/\/api.w.org\/{rel}","templated":true}]}}