{"id":166,"date":"2018-07-23T17:57:50","date_gmt":"2018-07-23T17:57:50","guid":{"rendered":"http:\/\/teljeseletert.hu\/?page_id=166"},"modified":"2022-05-05T07:33:17","modified_gmt":"2022-05-05T07:33:17","slug":"tamop-2-6-2-12-1-2013-0020","status":"publish","type":"page","link":"https:\/\/teljeseletert.hu\/en\/projektek\/tamop-2-6-2-12-1-2013-0020\/","title":{"rendered":"T\u00c1MOP-2.6.2-12\/1-2013-0020"},"content":{"rendered":"<p><strong>T\u00c1MOP-2.6.2-12\/1-2013-0020<\/strong><\/p>\n<p>Rehabilit\u00e1ci\u00f3s tan\u00e1csad\u00e1s \u2013 munkaer\u0151-piaci szolg\u00e1ltat\u00e1s<br \/>\nMi a szolg\u00e1ltat\u00e1s c\u00e9lja?<br \/>\nA szolg\u00e1ltat\u00e1s c\u00e9lja, hogy seg\u00edtse az akt\u00edv kor\u00fa nem foglalkoztatott, a rehabilit\u00e1ci\u00f3s folyamatban r\u00e9sztvev\u0151 vagy megv\u00e1ltozott munkak\u00e9pess\u00e9g\u0171 szem\u00e9lyek munkaer\u0151-piaci integr\u00e1ci\u00f3j\u00e1t, valamint hozz\u00e1j\u00e1ruljon ahhoz, hogy a munk\u00e1ltat\u00f3k befogad\u00f3v\u00e1 v\u00e1ljanak az eg\u00e9szs\u00e9gk\u00e1rosod\u00e1st szenvedett emberek ir\u00e1nt.<br \/>\nKiknek aj\u00e1nljuk?<br \/>\n\u2013 akik rehabilit\u00e1ci\u00f3s tan\u00e1csad\u00e1sban r\u00e9szes\u00fcltek \u00e9s a mentori szolg\u00e1ltat\u00e1s munkaer\u0151-piaci (re)integr\u00e1ci\u00f3juk \u00e9rdek\u00e9ben sz\u00fcks\u00e9ges,<br \/>\n\u2013 rehabilit\u00e1ci\u00f3s ell\u00e1t\u00e1sban, vagy rokkants\u00e1gi ell\u00e1t\u00e1sban r\u00e9szes\u00fcl\u0151k,<br \/>\n\u2013 speci\u00e1lis szakiskol\u00e1ban, gy\u00f3gypedag\u00f3giai \u00e1ltal\u00e1nos iskol\u00e1ban v\u00e9gz\u0151k.<br \/>\nMi a szolg\u00e1ltat\u00e1s tartalma?<br \/>\nA rehabilit\u00e1ci\u00f3s mentori tev\u00e9kenys\u00e9g olyan komplex szolg\u00e1ltat\u00e1s, amely a rehabilit\u00e1ci\u00f3s folyamatban r\u00e9sztvev\u0151, vagy a megv\u00e1ltozott munkak\u00e9pess\u00e9g\u0171 szem\u00e9ly munkaer\u0151-piaci es\u00e9lyeinek n\u00f6vel\u00e9s\u00e9re, munk\u00e1ba helyez\u00e9se, a munkahelyi beilleszked\u00e9s el\u0151seg\u00edt\u00e9se, illet\u0151leg munkahely\u00e9nek megtart\u00e1sa \u00e9rdek\u00e9ben szem\u00e9lyre szabott seg\u00edts\u00e9get ny\u00fajt. Mag\u00e1ban foglalja az orvosi \u00e9s szoci\u00e1lis rehabilit\u00e1ci\u00f3s szolg\u00e1ltat\u00e1sokhoz val\u00f3 hozz\u00e1f\u00e9r\u00e9s el\u0151seg\u00edt\u00e9s\u00e9t is.<br \/>\nMilyen tev\u00e9kenys\u00e9gekb\u0151l tev\u0151dik \u00f6ssze a szolg\u00e1ltat\u00e1s?<br \/>\na) Inform\u00e1ci\u00f3ny\u00fajt\u00e1s a rehabilit\u00e1ci\u00f3s szolg\u00e1ltat\u00e1sok ig\u00e9nybev\u00e9tel\u00e9hez.<br \/>\nb) Szem\u00e9lyes k\u00f6zrem\u0171k\u00f6d\u00e9s \u00e9s egy\u00fcttm\u0171k\u00f6d\u00e9s a rehabilit\u00e1ci\u00f3s szolg\u00e1ltat\u00e1st ny\u00fajt\u00f3 szolg\u00e1ltat\u00f3kkal, \u00e9s egy\u00e9b, a rehabilit\u00e1ci\u00f3t seg\u00edt\u0151 szervezetekkel, munk\u00e1ltat\u00f3kkal \u00e9s szem\u00e9lyekkel.<br \/>\nc) A rehabilit\u00e1ci\u00f3s tervben foglaltak megval\u00f3sul\u00e1s\u00e1nak figyelemmel k\u00eds\u00e9r\u00e9se.<br \/>\nd) Az \u00fcgyf\u00e9l \u00f6n\u00e1ll\u00f3 munk\u00e1ba \u00e1ll\u00e1s\u00e1hoz, \u00e1ll\u00e1sba seg\u00edt\u00e9s\u00e9hez sz\u00fcks\u00e9ges szem\u00e9lyes t\u00e1mogat\u00e1s.<br \/>\ne) K\u00f6zrem\u0171k\u00f6d\u00e9s a felmer\u00fclt akad\u00e1lyok elh\u00e1r\u00edt\u00e1s\u00e1ban.<br \/>\nf) Munk\u00e1ba helyez\u00e9s \u00e9s munkahely megtart\u00e1s t\u00e1mogat\u00e1sa.<br \/>\ng) Ut\u00e1nk\u00f6vet\u00e9s.<\/p>\n<p>Tov\u00e1bbi inform\u00e1ci\u00f3 k\u00e9rhet\u0151:<br \/>\n5000 Szolnok, Th\u00f6k\u00f6ly u. 96.<br \/>\n<a href=\"mailto:rehab@teljeseletert.hu\">rehab@teljeseletert.hu<\/a><br \/>\n<a href=\"http:\/\/+3656412759\">+36 56\/412-759<\/a><\/p>","protected":false},"excerpt":{"rendered":"<p>T\u00c1MOP-2.6.2-12\/1-2013-0020 Rehabilit\u00e1ci\u00f3s tan\u00e1csad\u00e1s \u2013 munkaer\u0151-piaci szolg\u00e1ltat\u00e1s Mi a szolg\u00e1ltat\u00e1s c\u00e9lja? A szolg\u00e1ltat\u00e1s c\u00e9lja, hogy seg\u00edtse az akt\u00edv kor\u00fa nem foglalkoztatott, a rehabilit\u00e1ci\u00f3s folyamatban r\u00e9sztvev\u0151 vagy megv\u00e1ltozott munkak\u00e9pess\u00e9g\u0171 szem\u00e9lyek munkaer\u0151-piaci integr\u00e1ci\u00f3j\u00e1t, valamint hozz\u00e1j\u00e1ruljon ahhoz, hogy a munk\u00e1ltat\u00f3k befogad\u00f3v\u00e1 v\u00e1ljanak az eg\u00e9szs\u00e9gk\u00e1rosod\u00e1st szenvedett emberek ir\u00e1nt. Kiknek aj\u00e1nljuk? \u2013 akik rehabilit\u00e1ci\u00f3s tan\u00e1csad\u00e1sban r\u00e9szes\u00fcltek \u00e9s a mentori szolg\u00e1ltat\u00e1s munkaer\u0151-piaci [&hellip;]<\/p>","protected":false},"author":4,"featured_media":0,"parent":36,"menu_order":0,"comment_status":"closed","ping_status":"closed","template":"","meta":{"footnotes":""},"class_list":["post-166","page","type-page","status-publish","hentry"],"yoast_head":"<!-- This site is optimized with the Yoast SEO plugin v26.6 - https:\/\/yoast.com\/wordpress\/plugins\/seo\/ -->\n<title>T\u00c1MOP-2.6.2-12\/1-2013-0020 - Teljes \u00c9let\u00e9rt Nonprofit K\u00f6zhaszn\u00fa Kft.<\/title>\n<meta name=\"robots\" content=\"index, follow, max-snippet:-1, max-image-preview:large, max-video-preview:-1\" \/>\n<link rel=\"canonical\" href=\"https:\/\/teljeseletert.hu\/en\/projektek\/tamop-2-6-2-12-1-2013-0020\/\" \/>\n<meta property=\"og:locale\" content=\"en_GB\" \/>\n<meta property=\"og:type\" content=\"article\" \/>\n<meta property=\"og:title\" content=\"T\u00c1MOP-2.6.2-12\/1-2013-0020 - Teljes \u00c9let\u00e9rt Nonprofit K\u00f6zhaszn\u00fa Kft.\" \/>\n<meta property=\"og:description\" content=\"T\u00c1MOP-2.6.2-12\/1-2013-0020 Rehabilit\u00e1ci\u00f3s tan\u00e1csad\u00e1s \u2013 munkaer\u0151-piaci szolg\u00e1ltat\u00e1s Mi a szolg\u00e1ltat\u00e1s c\u00e9lja? A szolg\u00e1ltat\u00e1s c\u00e9lja, hogy seg\u00edtse az akt\u00edv kor\u00fa nem foglalkoztatott, a rehabilit\u00e1ci\u00f3s folyamatban r\u00e9sztvev\u0151 vagy megv\u00e1ltozott munkak\u00e9pess\u00e9g\u0171 szem\u00e9lyek munkaer\u0151-piaci integr\u00e1ci\u00f3j\u00e1t, valamint hozz\u00e1j\u00e1ruljon ahhoz, hogy a munk\u00e1ltat\u00f3k befogad\u00f3v\u00e1 v\u00e1ljanak az eg\u00e9szs\u00e9gk\u00e1rosod\u00e1st szenvedett emberek ir\u00e1nt. Kiknek aj\u00e1nljuk? \u2013 akik rehabilit\u00e1ci\u00f3s tan\u00e1csad\u00e1sban r\u00e9szes\u00fcltek \u00e9s a mentori szolg\u00e1ltat\u00e1s munkaer\u0151-piaci [&hellip;]\" \/>\n<meta property=\"og:url\" content=\"https:\/\/teljeseletert.hu\/en\/projektek\/tamop-2-6-2-12-1-2013-0020\/\" \/>\n<meta property=\"og:site_name\" content=\"Teljes \u00c9let\u00e9rt Nonprofit K\u00f6zhaszn\u00fa Kft.\" \/>\n<meta property=\"article:publisher\" content=\"https:\/\/www.facebook.com\/teljeseletertkft\" \/>\n<meta property=\"article:modified_time\" content=\"2022-05-05T07:33:17+00:00\" \/>\n<meta name=\"twitter:card\" content=\"summary_large_image\" \/>\n<meta name=\"twitter:label1\" content=\"Estimated reading time\" \/>\n\t<meta name=\"twitter:data1\" content=\"2 minutes\" \/>\n<script type=\"application\/ld+json\" class=\"yoast-schema-graph\">{\"@context\":\"https:\/\/schema.org\",\"@graph\":[{\"@type\":\"WebPage\",\"@id\":\"https:\/\/teljeseletert.hu\/projektek\/tamop-2-6-2-12-1-2013-0020\/\",\"url\":\"https:\/\/teljeseletert.hu\/projektek\/tamop-2-6-2-12-1-2013-0020\/\",\"name\":\"T\u00c1MOP-2.6.2-12\/1-2013-0020 - Teljes \u00c9let\u00e9rt Nonprofit K\u00f6zhaszn\u00fa Kft.\",\"isPartOf\":{\"@id\":\"https:\/\/teljeseletert.hu\/hu_hu\/#website\"},\"datePublished\":\"2018-07-23T17:57:50+00:00\",\"dateModified\":\"2022-05-05T07:33:17+00:00\",\"breadcrumb\":{\"@id\":\"https:\/\/teljeseletert.hu\/projektek\/tamop-2-6-2-12-1-2013-0020\/#breadcrumb\"},\"inLanguage\":\"en-GB\",\"potentialAction\":[{\"@type\":\"ReadAction\",\"target\":[\"https:\/\/teljeseletert.hu\/projektek\/tamop-2-6-2-12-1-2013-0020\/\"]}]},{\"@type\":\"BreadcrumbList\",\"@id\":\"https:\/\/teljeseletert.hu\/projektek\/tamop-2-6-2-12-1-2013-0020\/#breadcrumb\",\"itemListElement\":[{\"@type\":\"ListItem\",\"position\":1,\"name\":\"Kezd\u0151lap\",\"item\":\"https:\/\/teljeseletert.hu\/\"},{\"@type\":\"ListItem\",\"position\":2,\"name\":\"Projektek\",\"item\":\"https:\/\/teljeseletert.hu\/projektek\/\"},{\"@type\":\"ListItem\",\"position\":3,\"name\":\"T\u00c1MOP-2.6.2-12\/1-2013-0020\"}]},{\"@type\":\"WebSite\",\"@id\":\"https:\/\/teljeseletert.hu\/hu_hu\/#website\",\"url\":\"https:\/\/teljeseletert.hu\/hu_hu\/\",\"name\":\"Teljes \u00c9let\u00e9rt Nonprofit Kft.\",\"description\":\"\",\"publisher\":{\"@id\":\"https:\/\/teljeseletert.hu\/hu_hu\/#organization\"},\"potentialAction\":[{\"@type\":\"SearchAction\",\"target\":{\"@type\":\"EntryPoint\",\"urlTemplate\":\"https:\/\/teljeseletert.hu\/hu_hu\/?s={search_term_string}\"},\"query-input\":{\"@type\":\"PropertyValueSpecification\",\"valueRequired\":true,\"valueName\":\"search_term_string\"}}],\"inLanguage\":\"en-GB\"},{\"@type\":\"Organization\",\"@id\":\"https:\/\/teljeseletert.hu\/hu_hu\/#organization\",\"name\":\"\\\"TELJES \u00c9LET\u00c9RT\\\" Nonprofit K\u00f6zhaszn\u00fa Kft.\",\"url\":\"https:\/\/teljeseletert.hu\/hu_hu\/\",\"logo\":{\"@type\":\"ImageObject\",\"inLanguage\":\"en-GB\",\"@id\":\"https:\/\/teljeseletert.hu\/hu_hu\/#\/schema\/logo\/image\/\",\"url\":\"https:\/\/teljeseletert.hu\/wp-content\/uploads\/2021\/01\/105560593_101776101596847_2912691729818324366_o.jpg\",\"contentUrl\":\"https:\/\/teljeseletert.hu\/wp-content\/uploads\/2021\/01\/105560593_101776101596847_2912691729818324366_o.jpg\",\"width\":1061,\"height\":1061,\"caption\":\"\\\"TELJES \u00c9LET\u00c9RT\\\" Nonprofit K\u00f6zhaszn\u00fa Kft.\"},\"image\":{\"@id\":\"https:\/\/teljeseletert.hu\/hu_hu\/#\/schema\/logo\/image\/\"},\"sameAs\":[\"https:\/\/www.facebook.com\/teljeseletertkft\"]}]}<\/script>\n<!-- \/ Yoast SEO plugin. -->","yoast_head_json":{"title":"T\u00c1MOP-2.6.2-12\/1-2013-0020 - Teljes \u00c9let\u00e9rt Nonprofit K\u00f6zhaszn\u00fa Kft.","robots":{"index":"index","follow":"follow","max-snippet":"max-snippet:-1","max-image-preview":"max-image-preview:large","max-video-preview":"max-video-preview:-1"},"canonical":"https:\/\/teljeseletert.hu\/en\/projektek\/tamop-2-6-2-12-1-2013-0020\/","og_locale":"en_GB","og_type":"article","og_title":"T\u00c1MOP-2.6.2-12\/1-2013-0020 - Teljes \u00c9let\u00e9rt Nonprofit K\u00f6zhaszn\u00fa Kft.","og_description":"T\u00c1MOP-2.6.2-12\/1-2013-0020 Rehabilit\u00e1ci\u00f3s tan\u00e1csad\u00e1s \u2013 munkaer\u0151-piaci szolg\u00e1ltat\u00e1s Mi a szolg\u00e1ltat\u00e1s c\u00e9lja? A szolg\u00e1ltat\u00e1s c\u00e9lja, hogy seg\u00edtse az akt\u00edv kor\u00fa nem foglalkoztatott, a rehabilit\u00e1ci\u00f3s folyamatban r\u00e9sztvev\u0151 vagy megv\u00e1ltozott munkak\u00e9pess\u00e9g\u0171 szem\u00e9lyek munkaer\u0151-piaci integr\u00e1ci\u00f3j\u00e1t, valamint hozz\u00e1j\u00e1ruljon ahhoz, hogy a munk\u00e1ltat\u00f3k befogad\u00f3v\u00e1 v\u00e1ljanak az eg\u00e9szs\u00e9gk\u00e1rosod\u00e1st szenvedett emberek ir\u00e1nt. Kiknek aj\u00e1nljuk? \u2013 akik rehabilit\u00e1ci\u00f3s tan\u00e1csad\u00e1sban r\u00e9szes\u00fcltek \u00e9s a mentori szolg\u00e1ltat\u00e1s munkaer\u0151-piaci [&hellip;]","og_url":"https:\/\/teljeseletert.hu\/en\/projektek\/tamop-2-6-2-12-1-2013-0020\/","og_site_name":"Teljes \u00c9let\u00e9rt Nonprofit K\u00f6zhaszn\u00fa Kft.","article_publisher":"https:\/\/www.facebook.com\/teljeseletertkft","article_modified_time":"2022-05-05T07:33:17+00:00","twitter_card":"summary_large_image","twitter_misc":{"Estimated reading time":"2 minutes"},"schema":{"@context":"https:\/\/schema.org","@graph":[{"@type":"WebPage","@id":"https:\/\/teljeseletert.hu\/projektek\/tamop-2-6-2-12-1-2013-0020\/","url":"https:\/\/teljeseletert.hu\/projektek\/tamop-2-6-2-12-1-2013-0020\/","name":"T\u00c1MOP-2.6.2-12\/1-2013-0020 - Teljes \u00c9let\u00e9rt Nonprofit K\u00f6zhaszn\u00fa Kft.","isPartOf":{"@id":"https:\/\/teljeseletert.hu\/hu_hu\/#website"},"datePublished":"2018-07-23T17:57:50+00:00","dateModified":"2022-05-05T07:33:17+00:00","breadcrumb":{"@id":"https:\/\/teljeseletert.hu\/projektek\/tamop-2-6-2-12-1-2013-0020\/#breadcrumb"},"inLanguage":"en-GB","potentialAction":[{"@type":"ReadAction","target":["https:\/\/teljeseletert.hu\/projektek\/tamop-2-6-2-12-1-2013-0020\/"]}]},{"@type":"BreadcrumbList","@id":"https:\/\/teljeseletert.hu\/projektek\/tamop-2-6-2-12-1-2013-0020\/#breadcrumb","itemListElement":[{"@type":"ListItem","position":1,"name":"Kezd\u0151lap","item":"https:\/\/teljeseletert.hu\/"},{"@type":"ListItem","position":2,"name":"Projektek","item":"https:\/\/teljeseletert.hu\/projektek\/"},{"@type":"ListItem","position":3,"name":"T\u00c1MOP-2.6.2-12\/1-2013-0020"}]},{"@type":"WebSite","@id":"https:\/\/teljeseletert.hu\/hu_hu\/#website","url":"https:\/\/teljeseletert.hu\/hu_hu\/","name":"Teljes \u00c9let\u00e9rt Nonprofit Kft.","description":"","publisher":{"@id":"https:\/\/teljeseletert.hu\/hu_hu\/#organization"},"potentialAction":[{"@type":"SearchAction","target":{"@type":"EntryPoint","urlTemplate":"https:\/\/teljeseletert.hu\/hu_hu\/?s={search_term_string}"},"query-input":{"@type":"PropertyValueSpecification","valueRequired":true,"valueName":"search_term_string"}}],"inLanguage":"en-GB"},{"@type":"Organization","@id":"https:\/\/teljeseletert.hu\/hu_hu\/#organization","name":"\"TELJES \u00c9LET\u00c9RT\" Nonprofit K\u00f6zhaszn\u00fa Kft.","url":"https:\/\/teljeseletert.hu\/hu_hu\/","logo":{"@type":"ImageObject","inLanguage":"en-GB","@id":"https:\/\/teljeseletert.hu\/hu_hu\/#\/schema\/logo\/image\/","url":"https:\/\/teljeseletert.hu\/wp-content\/uploads\/2021\/01\/105560593_101776101596847_2912691729818324366_o.jpg","contentUrl":"https:\/\/teljeseletert.hu\/wp-content\/uploads\/2021\/01\/105560593_101776101596847_2912691729818324366_o.jpg","width":1061,"height":1061,"caption":"\"TELJES \u00c9LET\u00c9RT\" Nonprofit K\u00f6zhaszn\u00fa Kft."},"image":{"@id":"https:\/\/teljeseletert.hu\/hu_hu\/#\/schema\/logo\/image\/"},"sameAs":["https:\/\/www.facebook.com\/teljeseletertkft"]}]}},"_links":{"self":[{"href":"https:\/\/teljeseletert.hu\/en\/wp-json\/wp\/v2\/pages\/166","targetHints":{"allow":["GET"]}}],"collection":[{"href":"https:\/\/teljeseletert.hu\/en\/wp-json\/wp\/v2\/pages"}],"about":[{"href":"https:\/\/teljeseletert.hu\/en\/wp-json\/wp\/v2\/types\/page"}],"author":[{"embeddable":true,"href":"https:\/\/teljeseletert.hu\/en\/wp-json\/wp\/v2\/users\/4"}],"replies":[{"embeddable":true,"href":"https:\/\/teljeseletert.hu\/en\/wp-json\/wp\/v2\/comments?post=166"}],"version-history":[{"count":2,"href":"https:\/\/teljeseletert.hu\/en\/wp-json\/wp\/v2\/pages\/166\/revisions"}],"predecessor-version":[{"id":643,"href":"https:\/\/teljeseletert.hu\/en\/wp-json\/wp\/v2\/pages\/166\/revisions\/643"}],"up":[{"embeddable":true,"href":"https:\/\/teljeseletert.hu\/en\/wp-json\/wp\/v2\/pages\/36"}],"wp:attachment":[{"href":"https:\/\/teljeseletert.hu\/en\/wp-json\/wp\/v2\/media?parent=166"}],"curies":[{"name":"wp","href":"https:\/\/api.w.org\/{rel}","templated":true}]}}