{"id":144,"date":"2018-07-23T15:57:31","date_gmt":"2018-07-23T15:57:31","guid":{"rendered":"http:\/\/teljeseletert.hu\/?page_id=144"},"modified":"2022-05-05T07:20:53","modified_gmt":"2022-05-05T07:20:53","slug":"elektronikai-termekek-gyartasa","status":"publish","type":"page","link":"https:\/\/teljeseletert.hu\/en\/tevekenysegek\/elektronikai-termekek-gyartasa\/","title":{"rendered":"Manufacture of electronic products"},"content":{"rendered":"<p>&nbsp;<\/p>\n<p><strong>Manufacture of electronic products<\/strong><\/p>\n<p>K\u00fclf\u00f6ldi \u00e9s magyar partnereink sz\u00e1m\u00e1ra \u00fczemeinkben t\u00f6bb \u00e9ve elektronikai term\u00e9kek gy\u00e1rt\u00e1s\u00e1val foglalkozunk b\u00e9rmunka keret\u00e9ben.<\/p>\n<p>A meg\u00fajul\u00f3 energiaforr\u00e1sokhoz, elektromobilit\u00e1shoz, automatiz\u00e1l\u00e1shoz, g\u00e9pgy\u00e1rt\u00e1shoz, g\u00e9pj\u00e1rm\u0171vekhez alkatr\u00e9szeket, csatlakoz\u00f3kat \u00e9s k\u00e1beleket szerel\u00fcnk \u00f6ssze, mely egyr\u00e9szr\u0151l pontos \u00e9s prec\u00edz munkav\u00e9gz\u00e9st, m\u00e1s r\u00e9szr\u0151l pedig felel\u0151ss\u00e9gteljes min\u0151s\u00e9gi munk\u00e1t k\u00f6vetel meg dolgoz\u00f3ink r\u00e9sz\u00e9r\u0151l.<\/p>\n<p>A megrendel\u0151 \u00e1ltal szerz\u0151d\u00e9sben meghat\u00e1rozott felt\u00e9telek \u00e9s el\u0151\u00edr\u00e1sok betart\u00e1sa folyamatosan ellen\u0151rz\u00e9sre ker\u00fcl v\u00e1llalatunkn\u00e1l saj\u00e1t- \u00e9s megrendel\u0151 r\u00e9szr\u0151l egyar\u00e1nt.<\/p>\n<p>C\u00e9ljaink k\u00f6z\u00f6tt eml\u00edtj\u00fck kapcsol\u00f3d\u00f3 tev\u00e9kenys\u00e9geink b\u0151v\u00edt\u00e9s\u00e9t \u00e9s sz\u00e9les\u00edt\u00e9s\u00e9t.<\/p>\n<p>Term\u00e9kek: k\u00e1belk\u00f6tegek, jelad\u00f3 k\u00e1belek, adatviteli k\u00e1belek, ipari csatlakoz\u00f3k, elektromos kapcsol\u00f3k, v\u00e9szkapcsol\u00f3k, elektronikai egys\u00e9gek. A term\u00e9kpalett\u00e1nk egyedi \u00e9s kis sz\u00e9ri\u00e1s term\u00e9kek gy\u00e1rt\u00e1s\u00e1b\u00f3l \u00e1ll, a megb\u00edz\u00f3k ig\u00e9nyeinek megfelel\u0151en.<\/p>\n<p>A k\u00e1belkonfekcion\u00e1l\u00e1s \u00e9s alkatr\u00e9szek gy\u00e1rt\u00e1sa sor\u00e1n az al\u00e1bbi folyamatokat v\u00e9gezz\u00fck:<\/p>\n<p>l\u00e1gy forraszt\u00e1s<br \/>\nk\u00e1bel megmunk\u00e1l\u00e1s<br \/>\nk\u00e1belv\u00e1g\u00e1s<br \/>\nelektromos tesztel\u00e9s<br \/>\nkrimpel\u00e9s<br \/>\nszegmentumoz\u00e1s<br \/>\ncsomagol\u00e1s<br \/>\nc\u00edmk\u00e9z\u00e9s<br \/>\nlaborvizsg\u00e1lat<br \/>\nki\u00f6nt\u00e9s<\/p>\n<p>Fi\u00f3ktelepeink:<br \/>\nT\u00f6r\u00f6kszentmikl\u00f3s, Komb\u00e1jn utca 5.<br \/>\nMez\u0151t\u00far, Tulip\u00e1n \u00fat 2-4.<br \/>\nKunszentm\u00e1rton, R\u00e1k\u00f3czi \u00fat 17.<br \/>\nTiszaf\u00fcred, Vajgy\u00e1r \u00fat 5.<\/p>","protected":false},"excerpt":{"rendered":"<p>&nbsp; Elektronikai term\u00e9kek gy\u00e1rt\u00e1sa K\u00fclf\u00f6ldi \u00e9s magyar partnereink sz\u00e1m\u00e1ra \u00fczemeinkben t\u00f6bb \u00e9ve elektronikai term\u00e9kek gy\u00e1rt\u00e1s\u00e1val foglalkozunk b\u00e9rmunka keret\u00e9ben. A meg\u00fajul\u00f3 energiaforr\u00e1sokhoz, elektromobilit\u00e1shoz, automatiz\u00e1l\u00e1shoz, g\u00e9pgy\u00e1rt\u00e1shoz, g\u00e9pj\u00e1rm\u0171vekhez alkatr\u00e9szeket, csatlakoz\u00f3kat \u00e9s k\u00e1beleket szerel\u00fcnk \u00f6ssze, mely egyr\u00e9szr\u0151l pontos \u00e9s prec\u00edz munkav\u00e9gz\u00e9st, m\u00e1s r\u00e9szr\u0151l pedig felel\u0151ss\u00e9gteljes min\u0151s\u00e9gi munk\u00e1t k\u00f6vetel meg dolgoz\u00f3ink r\u00e9sz\u00e9r\u0151l. A megrendel\u0151 \u00e1ltal szerz\u0151d\u00e9sben meghat\u00e1rozott felt\u00e9telek \u00e9s el\u0151\u00edr\u00e1sok [&hellip;]<\/p>","protected":false},"author":4,"featured_media":0,"parent":15,"menu_order":0,"comment_status":"closed","ping_status":"closed","template":"","meta":{"footnotes":""},"class_list":["post-144","page","type-page","status-publish","hentry"],"yoast_head":"<!-- This site is optimized with the Yoast SEO plugin v26.6 - https:\/\/yoast.com\/wordpress\/plugins\/seo\/ -->\n<title>Elektronikai term\u00e9kek gy\u00e1rt\u00e1sa - Teljes \u00c9let\u00e9rt Nonprofit K\u00f6zhaszn\u00fa Kft.<\/title>\n<meta name=\"robots\" content=\"index, follow, max-snippet:-1, max-image-preview:large, max-video-preview:-1\" \/>\n<link rel=\"canonical\" href=\"https:\/\/teljeseletert.hu\/en\/tevekenysegek\/elektronikai-termekek-gyartasa\/\" \/>\n<meta property=\"og:locale\" content=\"en_GB\" \/>\n<meta property=\"og:type\" content=\"article\" \/>\n<meta property=\"og:title\" content=\"Elektronikai term\u00e9kek gy\u00e1rt\u00e1sa - Teljes \u00c9let\u00e9rt Nonprofit K\u00f6zhaszn\u00fa Kft.\" \/>\n<meta property=\"og:description\" content=\"&nbsp; Elektronikai term\u00e9kek gy\u00e1rt\u00e1sa K\u00fclf\u00f6ldi \u00e9s magyar partnereink sz\u00e1m\u00e1ra \u00fczemeinkben t\u00f6bb \u00e9ve elektronikai term\u00e9kek gy\u00e1rt\u00e1s\u00e1val foglalkozunk b\u00e9rmunka keret\u00e9ben. A meg\u00fajul\u00f3 energiaforr\u00e1sokhoz, elektromobilit\u00e1shoz, automatiz\u00e1l\u00e1shoz, g\u00e9pgy\u00e1rt\u00e1shoz, g\u00e9pj\u00e1rm\u0171vekhez alkatr\u00e9szeket, csatlakoz\u00f3kat \u00e9s k\u00e1beleket szerel\u00fcnk \u00f6ssze, mely egyr\u00e9szr\u0151l pontos \u00e9s prec\u00edz munkav\u00e9gz\u00e9st, m\u00e1s r\u00e9szr\u0151l pedig felel\u0151ss\u00e9gteljes min\u0151s\u00e9gi munk\u00e1t k\u00f6vetel meg dolgoz\u00f3ink r\u00e9sz\u00e9r\u0151l. A megrendel\u0151 \u00e1ltal szerz\u0151d\u00e9sben meghat\u00e1rozott felt\u00e9telek \u00e9s el\u0151\u00edr\u00e1sok [&hellip;]\" \/>\n<meta property=\"og:url\" content=\"https:\/\/teljeseletert.hu\/en\/tevekenysegek\/elektronikai-termekek-gyartasa\/\" \/>\n<meta property=\"og:site_name\" content=\"Teljes \u00c9let\u00e9rt Nonprofit K\u00f6zhaszn\u00fa Kft.\" \/>\n<meta property=\"article:publisher\" content=\"https:\/\/www.facebook.com\/teljeseletertkft\" \/>\n<meta property=\"article:modified_time\" content=\"2022-05-05T07:20:53+00:00\" \/>\n<meta name=\"twitter:card\" content=\"summary_large_image\" \/>\n<meta name=\"twitter:label1\" content=\"Estimated reading time\" \/>\n\t<meta name=\"twitter:data1\" content=\"1 minute\" \/>\n<script type=\"application\/ld+json\" class=\"yoast-schema-graph\">{\"@context\":\"https:\/\/schema.org\",\"@graph\":[{\"@type\":\"WebPage\",\"@id\":\"https:\/\/teljeseletert.hu\/tevekenysegek\/elektronikai-termekek-gyartasa\/\",\"url\":\"https:\/\/teljeseletert.hu\/tevekenysegek\/elektronikai-termekek-gyartasa\/\",\"name\":\"Elektronikai term\u00e9kek gy\u00e1rt\u00e1sa - Teljes \u00c9let\u00e9rt Nonprofit K\u00f6zhaszn\u00fa Kft.\",\"isPartOf\":{\"@id\":\"https:\/\/teljeseletert.hu\/hu_hu\/#website\"},\"datePublished\":\"2018-07-23T15:57:31+00:00\",\"dateModified\":\"2022-05-05T07:20:53+00:00\",\"breadcrumb\":{\"@id\":\"https:\/\/teljeseletert.hu\/tevekenysegek\/elektronikai-termekek-gyartasa\/#breadcrumb\"},\"inLanguage\":\"en-GB\",\"potentialAction\":[{\"@type\":\"ReadAction\",\"target\":[\"https:\/\/teljeseletert.hu\/tevekenysegek\/elektronikai-termekek-gyartasa\/\"]}]},{\"@type\":\"BreadcrumbList\",\"@id\":\"https:\/\/teljeseletert.hu\/tevekenysegek\/elektronikai-termekek-gyartasa\/#breadcrumb\",\"itemListElement\":[{\"@type\":\"ListItem\",\"position\":1,\"name\":\"Kezd\u0151lap\",\"item\":\"https:\/\/teljeseletert.hu\/\"},{\"@type\":\"ListItem\",\"position\":2,\"name\":\"Tev\u00e9kenys\u00e9gek\",\"item\":\"https:\/\/teljeseletert.hu\/tevekenysegek\/\"},{\"@type\":\"ListItem\",\"position\":3,\"name\":\"Elektronikai term\u00e9kek gy\u00e1rt\u00e1sa\"}]},{\"@type\":\"WebSite\",\"@id\":\"https:\/\/teljeseletert.hu\/hu_hu\/#website\",\"url\":\"https:\/\/teljeseletert.hu\/hu_hu\/\",\"name\":\"Teljes \u00c9let\u00e9rt Nonprofit Kft.\",\"description\":\"\",\"publisher\":{\"@id\":\"https:\/\/teljeseletert.hu\/hu_hu\/#organization\"},\"potentialAction\":[{\"@type\":\"SearchAction\",\"target\":{\"@type\":\"EntryPoint\",\"urlTemplate\":\"https:\/\/teljeseletert.hu\/hu_hu\/?s={search_term_string}\"},\"query-input\":{\"@type\":\"PropertyValueSpecification\",\"valueRequired\":true,\"valueName\":\"search_term_string\"}}],\"inLanguage\":\"en-GB\"},{\"@type\":\"Organization\",\"@id\":\"https:\/\/teljeseletert.hu\/hu_hu\/#organization\",\"name\":\"\\\"TELJES \u00c9LET\u00c9RT\\\" Nonprofit K\u00f6zhaszn\u00fa Kft.\",\"url\":\"https:\/\/teljeseletert.hu\/hu_hu\/\",\"logo\":{\"@type\":\"ImageObject\",\"inLanguage\":\"en-GB\",\"@id\":\"https:\/\/teljeseletert.hu\/hu_hu\/#\/schema\/logo\/image\/\",\"url\":\"https:\/\/teljeseletert.hu\/wp-content\/uploads\/2021\/01\/105560593_101776101596847_2912691729818324366_o.jpg\",\"contentUrl\":\"https:\/\/teljeseletert.hu\/wp-content\/uploads\/2021\/01\/105560593_101776101596847_2912691729818324366_o.jpg\",\"width\":1061,\"height\":1061,\"caption\":\"\\\"TELJES \u00c9LET\u00c9RT\\\" Nonprofit K\u00f6zhaszn\u00fa Kft.\"},\"image\":{\"@id\":\"https:\/\/teljeseletert.hu\/hu_hu\/#\/schema\/logo\/image\/\"},\"sameAs\":[\"https:\/\/www.facebook.com\/teljeseletertkft\"]}]}<\/script>\n<!-- \/ Yoast SEO plugin. -->","yoast_head_json":{"title":"Elektronikai term\u00e9kek gy\u00e1rt\u00e1sa - Teljes \u00c9let\u00e9rt Nonprofit K\u00f6zhaszn\u00fa Kft.","robots":{"index":"index","follow":"follow","max-snippet":"max-snippet:-1","max-image-preview":"max-image-preview:large","max-video-preview":"max-video-preview:-1"},"canonical":"https:\/\/teljeseletert.hu\/en\/tevekenysegek\/elektronikai-termekek-gyartasa\/","og_locale":"en_GB","og_type":"article","og_title":"Elektronikai term\u00e9kek gy\u00e1rt\u00e1sa - Teljes \u00c9let\u00e9rt Nonprofit K\u00f6zhaszn\u00fa Kft.","og_description":"&nbsp; Elektronikai term\u00e9kek gy\u00e1rt\u00e1sa K\u00fclf\u00f6ldi \u00e9s magyar partnereink sz\u00e1m\u00e1ra \u00fczemeinkben t\u00f6bb \u00e9ve elektronikai term\u00e9kek gy\u00e1rt\u00e1s\u00e1val foglalkozunk b\u00e9rmunka keret\u00e9ben. A meg\u00fajul\u00f3 energiaforr\u00e1sokhoz, elektromobilit\u00e1shoz, automatiz\u00e1l\u00e1shoz, g\u00e9pgy\u00e1rt\u00e1shoz, g\u00e9pj\u00e1rm\u0171vekhez alkatr\u00e9szeket, csatlakoz\u00f3kat \u00e9s k\u00e1beleket szerel\u00fcnk \u00f6ssze, mely egyr\u00e9szr\u0151l pontos \u00e9s prec\u00edz munkav\u00e9gz\u00e9st, m\u00e1s r\u00e9szr\u0151l pedig felel\u0151ss\u00e9gteljes min\u0151s\u00e9gi munk\u00e1t k\u00f6vetel meg dolgoz\u00f3ink r\u00e9sz\u00e9r\u0151l. A megrendel\u0151 \u00e1ltal szerz\u0151d\u00e9sben meghat\u00e1rozott felt\u00e9telek \u00e9s el\u0151\u00edr\u00e1sok [&hellip;]","og_url":"https:\/\/teljeseletert.hu\/en\/tevekenysegek\/elektronikai-termekek-gyartasa\/","og_site_name":"Teljes \u00c9let\u00e9rt Nonprofit K\u00f6zhaszn\u00fa Kft.","article_publisher":"https:\/\/www.facebook.com\/teljeseletertkft","article_modified_time":"2022-05-05T07:20:53+00:00","twitter_card":"summary_large_image","twitter_misc":{"Estimated reading time":"1 minute"},"schema":{"@context":"https:\/\/schema.org","@graph":[{"@type":"WebPage","@id":"https:\/\/teljeseletert.hu\/tevekenysegek\/elektronikai-termekek-gyartasa\/","url":"https:\/\/teljeseletert.hu\/tevekenysegek\/elektronikai-termekek-gyartasa\/","name":"Elektronikai term\u00e9kek gy\u00e1rt\u00e1sa - Teljes \u00c9let\u00e9rt Nonprofit K\u00f6zhaszn\u00fa Kft.","isPartOf":{"@id":"https:\/\/teljeseletert.hu\/hu_hu\/#website"},"datePublished":"2018-07-23T15:57:31+00:00","dateModified":"2022-05-05T07:20:53+00:00","breadcrumb":{"@id":"https:\/\/teljeseletert.hu\/tevekenysegek\/elektronikai-termekek-gyartasa\/#breadcrumb"},"inLanguage":"en-GB","potentialAction":[{"@type":"ReadAction","target":["https:\/\/teljeseletert.hu\/tevekenysegek\/elektronikai-termekek-gyartasa\/"]}]},{"@type":"BreadcrumbList","@id":"https:\/\/teljeseletert.hu\/tevekenysegek\/elektronikai-termekek-gyartasa\/#breadcrumb","itemListElement":[{"@type":"ListItem","position":1,"name":"Kezd\u0151lap","item":"https:\/\/teljeseletert.hu\/"},{"@type":"ListItem","position":2,"name":"Tev\u00e9kenys\u00e9gek","item":"https:\/\/teljeseletert.hu\/tevekenysegek\/"},{"@type":"ListItem","position":3,"name":"Elektronikai term\u00e9kek gy\u00e1rt\u00e1sa"}]},{"@type":"WebSite","@id":"https:\/\/teljeseletert.hu\/hu_hu\/#website","url":"https:\/\/teljeseletert.hu\/hu_hu\/","name":"Teljes \u00c9let\u00e9rt Nonprofit Kft.","description":"","publisher":{"@id":"https:\/\/teljeseletert.hu\/hu_hu\/#organization"},"potentialAction":[{"@type":"SearchAction","target":{"@type":"EntryPoint","urlTemplate":"https:\/\/teljeseletert.hu\/hu_hu\/?s={search_term_string}"},"query-input":{"@type":"PropertyValueSpecification","valueRequired":true,"valueName":"search_term_string"}}],"inLanguage":"en-GB"},{"@type":"Organization","@id":"https:\/\/teljeseletert.hu\/hu_hu\/#organization","name":"\"TELJES \u00c9LET\u00c9RT\" Nonprofit K\u00f6zhaszn\u00fa Kft.","url":"https:\/\/teljeseletert.hu\/hu_hu\/","logo":{"@type":"ImageObject","inLanguage":"en-GB","@id":"https:\/\/teljeseletert.hu\/hu_hu\/#\/schema\/logo\/image\/","url":"https:\/\/teljeseletert.hu\/wp-content\/uploads\/2021\/01\/105560593_101776101596847_2912691729818324366_o.jpg","contentUrl":"https:\/\/teljeseletert.hu\/wp-content\/uploads\/2021\/01\/105560593_101776101596847_2912691729818324366_o.jpg","width":1061,"height":1061,"caption":"\"TELJES \u00c9LET\u00c9RT\" Nonprofit K\u00f6zhaszn\u00fa Kft."},"image":{"@id":"https:\/\/teljeseletert.hu\/hu_hu\/#\/schema\/logo\/image\/"},"sameAs":["https:\/\/www.facebook.com\/teljeseletertkft"]}]}},"_links":{"self":[{"href":"https:\/\/teljeseletert.hu\/en\/wp-json\/wp\/v2\/pages\/144","targetHints":{"allow":["GET"]}}],"collection":[{"href":"https:\/\/teljeseletert.hu\/en\/wp-json\/wp\/v2\/pages"}],"about":[{"href":"https:\/\/teljeseletert.hu\/en\/wp-json\/wp\/v2\/types\/page"}],"author":[{"embeddable":true,"href":"https:\/\/teljeseletert.hu\/en\/wp-json\/wp\/v2\/users\/4"}],"replies":[{"embeddable":true,"href":"https:\/\/teljeseletert.hu\/en\/wp-json\/wp\/v2\/comments?post=144"}],"version-history":[{"count":7,"href":"https:\/\/teljeseletert.hu\/en\/wp-json\/wp\/v2\/pages\/144\/revisions"}],"predecessor-version":[{"id":636,"href":"https:\/\/teljeseletert.hu\/en\/wp-json\/wp\/v2\/pages\/144\/revisions\/636"}],"up":[{"embeddable":true,"href":"https:\/\/teljeseletert.hu\/en\/wp-json\/wp\/v2\/pages\/15"}],"wp:attachment":[{"href":"https:\/\/teljeseletert.hu\/en\/wp-json\/wp\/v2\/media?parent=144"}],"curies":[{"name":"wp","href":"https:\/\/api.w.org\/{rel}","templated":true}]}}